{"id":33072,"date":"2025-11-14T22:38:24","date_gmt":"2025-11-14T19:38:24","guid":{"rendered":"https:\/\/baldumarket.lt\/product\/evertti-regal-bialy\/"},"modified":"2026-03-24T18:15:48","modified_gmt":"2026-03-24T15:15:48","slug":"evertti-regal-bialy","status":"publish","type":"product","link":"https:\/\/baldumarket.lt\/lt\/product\/evertti-regal-bialy\/","title":{"rendered":"Evertti balta knyg\u0173 lentyna"},"content":{"rendered":"<p>\u201eEvertti\u201c lentyna \u2013 tai funkcionalus, modernaus dizaino baldas, idealiai tinkantis daiktams laikyti \u012fvairiuose kambariuose. 80 cm plo\u010dio, 108 cm auk\u0161\u010dio ir 20 cm gylio, tod\u0117l ji puikiai telpa net \u012f ma\u017eiausias erdves. Stal\u010dius, kurio maksimali apkrova yra 3 kg, idealiai tinka smulkiems daiktams laikyti. Lentyna turi juodas plastikines b\u0117geles, u\u017etikrinan\u010dias stabilum\u0105 ir patvarum\u0105.<\/p>","protected":false},"excerpt":{"rendered":"<p>\u201eEvertti\u201c lentyna \u2013 tai funkcionalus, modernaus dizaino baldas, idealiai tinkantis daiktams laikyti \u012fvairiuose kambariuose. 80 cm plo\u010dio, 108 cm auk\u0161\u010dio ir 20 cm gylio, tod\u0117l ji puikiai telpa net \u012f ma\u017eiausias erdves. Stal\u010dius, kurio maksimali apkrova yra 3 kg, idealiai tinka smulkiems daiktams laikyti. [\u2026]<\/p>","protected":false},"featured_media":33073,"comment_status":"open","ping_status":"open","template":"","meta":[],"product_brand":[],"product_cat":[2012,9177,1987],"product_tag":[],"class_list":{"0":"post-33072","1":"product","2":"type-product","3":"status-publish","4":"has-post-thumbnail","6":"product_cat-eltap","7":"product_cat-shelving-units-eltap","8":"product_cat-shelving-units","10":"first","11":"instock","12":"purchasable","13":"product-type-simple"},"_links":{"self":[{"href":"https:\/\/baldumarket.lt\/lt\/wp-json\/wp\/v2\/product\/33072","targetHints":{"allow":["GET"]}}],"collection":[{"href":"https:\/\/baldumarket.lt\/lt\/wp-json\/wp\/v2\/product"}],"about":[{"href":"https:\/\/baldumarket.lt\/lt\/wp-json\/wp\/v2\/types\/product"}],"replies":[{"embeddable":true,"href":"https:\/\/baldumarket.lt\/lt\/wp-json\/wp\/v2\/comments?post=33072"}],"wp:featuredmedia":[{"embeddable":true,"href":"https:\/\/baldumarket.lt\/lt\/wp-json\/wp\/v2\/media\/33073"}],"wp:attachment":[{"href":"https:\/\/baldumarket.lt\/lt\/wp-json\/wp\/v2\/media?parent=33072"}],"wp:term":[{"taxonomy":"product_brand","embeddable":true,"href":"https:\/\/baldumarket.lt\/lt\/wp-json\/wp\/v2\/product_brand?post=33072"},{"taxonomy":"product_cat","embeddable":true,"href":"https:\/\/baldumarket.lt\/lt\/wp-json\/wp\/v2\/product_cat?post=33072"},{"taxonomy":"product_tag","embeddable":true,"href":"https:\/\/baldumarket.lt\/lt\/wp-json\/wp\/v2\/product_tag?post=33072"}],"curies":[{"name":"wp","href":"https:\/\/api.w.org\/{rel}","templated":true}]}}