{"id":330508,"date":"2026-01-16T22:56:38","date_gmt":"2026-01-16T19:56:38","guid":{"rendered":"https:\/\/baldumarket.lt\/product\/konsola-wiszaca-navene-100-cm-bialy-polysk-funkcjonalny-i-uniwersalny-dodatek-do-salonu-przedpokoju-lub-biura\/"},"modified":"2026-02-11T18:01:22","modified_gmt":"2026-02-11T15:01:22","slug":"konsola-wiszaca-navene-100-cm-bialy-polysk-funkcjonalny-i-uniwersalny-dodatek-do-salonu-przedpokoju-lub-biura","status":"publish","type":"product","link":"https:\/\/baldumarket.lt\/lt\/product\/konsola-wiszaca-navene-100-cm-bialy-polysk-funkcjonalny-i-uniwersalny-dodatek-do-salonu-przedpokoju-lub-biura\/","title":{"rendered":"\u201eNavene\u201c pakabinama konsol\u0117 100 cm, balta blizgi \u2013 funkcionalus ir universalus svetain\u0117s, prie\u0161kambario ar biuro papildymas"},"content":{"rendered":"<p>\u201eNavene\u201c konsolinis staliukas yra stilingas ir funkcionalus prie\u0161kambario, svetain\u0117s ar biuro papildymas.<br \/>\nPakabinamas \u201eNavene\u201c konsolinis staliukas sukurtas madingu ir moderniu stiliumi. Paprasta forma pabr\u0117\u0161 kambario unikalum\u0105 ir elegancij\u0105. Ikoni\u0161kas baltas ir blizgus fasadas sukuria jauki\u0105 atmosfer\u0105. Visas korpusas pagamintas i\u0161 laminuotos plok\u0161t\u0117s, kuri yra atspari i\u0161oriniams veiksniams, tokiems kaip sm\u016bgiai, auk\u0161ta temperat\u016bra ir i\u0161siliej\u0119 skys\u010diai. 32 mm storio laminuotos plok\u0161t\u0117s stalvir\u0161is padidina konsol\u0117s patvarum\u0105. \u201eNavene\u201c konsolinis staliukas turi erdv\u0173 stal\u010di\u0173, kuris slysta rutuliniais guoliais su slopintuvu, tod\u0117l j\u012f saugu ir patogu naudoti, be to, j\u012f galima visi\u0161kai i\u0161traukti.<br \/>\n\u201eNavene\u201c konsolinis staliukas puikiai tinka kaip tualetinis staliukas, leid\u017eiantis lengvai susitvarkyti moteri\u0161k\u0105 kosmetik\u0105 ir nieku\u010dius. 100 cm plo\u010dio pakabinamas \u201eNavene\u201c konsolinis staliukas blizgios baltos spalvos yra modernus ir eleganti\u0161kas baldas, kuris j\u016bs\u0173 interjerui suteiks lengvumo ir funkcionalumo. D\u0117l paprasto, minimalistinio dizaino jis puikiai tinka \u012fvairiems kambariams, pavyzd\u017eiui, svetainei, prie\u0161kambariui ar biurui. Pagamintas i\u0161 auk\u0161tos kokyb\u0117s med\u017eiag\u0173, jis yra patvarus ir atsparus kasdieniam naudojimui. Blizgus baltas pavir\u0161ius suteikia kambariui gaivumo ir vizualiai i\u0161ple\u010dia erdv\u0119, tod\u0117l tai idealus sprendimas tiek ma\u017eiems, tiek didesniems kambariams.<br \/>\n\u201eNavene\u201c konsolinis staliukas puikiai dera prie modernaus, skandinavi\u0161ko ir minimalistinio stili\u0173. Moderniuose interjeruose jo paprastumas ir elegancija pabr\u0117\u017eia \u0161iuolaiki\u0161k\u0105 interjero charakter\u012f, sukurdami harmoning\u0105 visum\u0105 su kitais baldais ir aksesuarais. Skandinavi\u0161kame stiliuje, kur dominuoja \u0161viesios spalvos ir nat\u016bralios med\u017eiagos, baltas \u201eNavene\u201c konsolinis staliukas suteikia papildomo gaivumo ir lengvumo, puikiai papildydamas medinius baldus. Minimalistiniame interjere \u201eNavene\u201c konsolinis staliukas tampa ne tik prakti\u0161ku, bet ir dekoratyviu, pabr\u0117\u017eian\u010diu erdv\u0117s paprastum\u0105 ir tvark\u0105. Pasirink\u0119 pakabinam\u0105 \u201eNavene\u201c konsolin\u012f staliuk\u0105, \u012fgysite stiling\u0105 ir universal\u0173 bald\u0105, kuris puikiai papildys j\u016bs\u0173 nam\u0173 interjer\u0105.<br \/>\nKonsol\u0117s matmenys:<br \/>\nAuk\u0161tis: 19,4 cm<br \/>\nPlotis: 100 cm<br \/>\nGylis: 38 cm<\/p>","protected":false},"excerpt":{"rendered":"<p>plotis: 100 cm<br \/>\nauk\u0161tis: 19,4 cm<br \/>\ngylis: 38 cm<\/p>","protected":false},"featured_media":330509,"comment_status":"open","ping_status":"open","template":"","meta":[],"product_brand":[],"product_cat":[9235,1174],"product_tag":[],"class_list":{"0":"post-330508","1":"product","2":"type-product","3":"status-publish","4":"has-post-thumbnail","6":"product_cat-gib-meble","7":"product_cat-hanging-shelves","9":"first","10":"instock","11":"purchasable","12":"product-type-simple"},"_links":{"self":[{"href":"https:\/\/baldumarket.lt\/lt\/wp-json\/wp\/v2\/product\/330508","targetHints":{"allow":["GET"]}}],"collection":[{"href":"https:\/\/baldumarket.lt\/lt\/wp-json\/wp\/v2\/product"}],"about":[{"href":"https:\/\/baldumarket.lt\/lt\/wp-json\/wp\/v2\/types\/product"}],"replies":[{"embeddable":true,"href":"https:\/\/baldumarket.lt\/lt\/wp-json\/wp\/v2\/comments?post=330508"}],"wp:featuredmedia":[{"embeddable":true,"href":"https:\/\/baldumarket.lt\/lt\/wp-json\/wp\/v2\/media\/330509"}],"wp:attachment":[{"href":"https:\/\/baldumarket.lt\/lt\/wp-json\/wp\/v2\/media?parent=330508"}],"wp:term":[{"taxonomy":"product_brand","embeddable":true,"href":"https:\/\/baldumarket.lt\/lt\/wp-json\/wp\/v2\/product_brand?post=330508"},{"taxonomy":"product_cat","embeddable":true,"href":"https:\/\/baldumarket.lt\/lt\/wp-json\/wp\/v2\/product_cat?post=330508"},{"taxonomy":"product_tag","embeddable":true,"href":"https:\/\/baldumarket.lt\/lt\/wp-json\/wp\/v2\/product_tag?post=330508"}],"curies":[{"name":"wp","href":"https:\/\/api.w.org\/{rel}","templated":true}]}}