{"id":330503,"date":"2026-01-16T22:56:34","date_gmt":"2026-01-16T19:56:34","guid":{"rendered":"https:\/\/baldumarket.lt\/product\/konsola-wiszaca-navene-100-cm-czarny-polysk-funkcjonalny-i-uniwersalny-dodatek-do-salonu-przedpokoju-lub-biura\/"},"modified":"2026-02-11T18:01:22","modified_gmt":"2026-02-11T15:01:22","slug":"konsola-wiszaca-navene-100-cm-czarny-polysk-funkcjonalny-i-uniwersalny-dodatek-do-salonu-przedpokoju-lub-biura","status":"publish","type":"product","link":"https:\/\/baldumarket.lt\/lt\/product\/konsola-wiszaca-navene-100-cm-czarny-polysk-funkcjonalny-i-uniwersalny-dodatek-do-salonu-przedpokoju-lub-biura\/","title":{"rendered":"\u201eNavene\u201c pakabinama konsol\u0117 100 cm, juodai blizgi, funkcionalus ir universalus svetain\u0117s, prie\u0161kambario ar biuro papildymas"},"content":{"rendered":"<p>\u201eNavene\u201c konsolinis staliukas yra stilingas ir funkcionalus prie\u0161kambario, svetain\u0117s ar biuro papildymas.<br \/>\nPakabinamas \u201eNavene\u201c konsolinis staliukas sukurtas madingu ir moderniu stiliumi. Paprasta forma pabr\u0117\u0161 kambario unikalum\u0105 ir elegancij\u0105. Ikoni\u0161kas juodas ir blizgus priekis suteikia unikal\u0173 dekoratyvin\u012f element\u0105. Visas konsolinis staliukas pagamintas i\u0161 laminuotos plok\u0161t\u0117s, kuri yra atspari i\u0161oriniams veiksniams, tokiems kaip atsitiktiniai sm\u016bgiai, auk\u0161ta temperat\u016bra ir i\u0161siliej\u0119 skys\u010diai. 32 mm storio laminuotos plok\u0161t\u0117s stalvir\u0161is padidina konsol\u0117s patvarum\u0105. \u201eNavene\u201c konsolinis staliukas turi erdv\u0173 stal\u010di\u0173, kuris slysta rutuliniais guoliais su slopintuvu, tod\u0117l j\u012f saugu ir patogu naudoti, be to, j\u012f galima visi\u0161kai i\u0161traukti.<br \/>\n\u201eNavene\u201c konsolinis staliukas puikiai tinka kaip tualetinis staliukas, ant kurio lengva susid\u0117ti moteri\u0161k\u0105 kosmetik\u0105 ir nieku\u010dius. \u201eNavene\u201c juodas blizgus pakabinamas konsolinis staliukas \u2013 tai modernumas ir elegancija viename.<br \/>\n\u201eNavene Black Gloss\u201c pakabinamas konsolinis staliukas \u2013 puikus sprendimas moderniam ir eleganti\u0161kam interjerui. Minimalistin\u0117 forma, be nereikaling\u0173 puo\u0161men\u0173, puikiai tinka \u0161iuolaikin\u0117ms erdv\u0117ms. Sodri juoda blizgesio spalva suteikia interjerui prabangos, pabr\u0117\u017eiant stiling\u0105 dizain\u0105. Pakabinama konstrukcija vizualiai i\u0161ple\u010dia erdv\u0119 ir suteikia lengvumo poj\u016bt\u012f, kartu u\u017etikrindama funkcionali\u0105 viet\u0105 smulkiems daiktams laikyti. Konsolinis staliukas puikiai tinka svetainei kaip modernus televizoriaus staliukas, prie\u0161kambariui \u2013 kaip eleganti\u0161kas akcentas raktams ir aksesuarams laikyti, o miegamajam \u2013 kaip subtilus tualetinis staliukas.<br \/>\n\u0160is baldas puikiai dera prie modernaus, \u017eavingo ir minimalistinio stiliaus. \u0160iuolaikiniuose interjeruose jo paprasta forma ir blizgus blizgesys puikiai dera su erdv\u0117mis, kuriose gausu stiklo, metalo ir neapdorot\u0173 form\u0173. \u017davinguose interjeruose juodas, blizgus pavir\u0161ius gali tapti ry\u0161kiu fonu auksiniams ar sidabriniams aksesuarams, suteikiant interjerui elegancijos. Minimalistiniame stiliuje \u201eNavene\u201c konsolinis staliukas yra prakti\u0161kas ir esteti\u0161kai patrauklus elementas, derantis su sant\u016briomis spalvomis ir paprastomis formomis. Tai puikus pasirinkimas tiems, kurie vertina funkcionalum\u0105 kartu su moderniu dizainu.<br \/>\nKonsol\u0117s matmenys:<br \/>\nAuk\u0161tis: 19,4 cm<br \/>\nPlotis: 100 cm<br \/>\nGylis: 38 cm<\/p>","protected":false},"excerpt":{"rendered":"<p>plotis: 100 cm<br \/>\nauk\u0161tis: 19,4 cm<br \/>\ngylis: 38 cm<\/p>","protected":false},"featured_media":330504,"comment_status":"open","ping_status":"open","template":"","meta":[],"product_brand":[],"product_cat":[9235,1174],"product_tag":[],"class_list":{"0":"post-330503","1":"product","2":"type-product","3":"status-publish","4":"has-post-thumbnail","6":"product_cat-gib-meble","7":"product_cat-hanging-shelves","9":"first","10":"instock","11":"purchasable","12":"product-type-simple"},"_links":{"self":[{"href":"https:\/\/baldumarket.lt\/lt\/wp-json\/wp\/v2\/product\/330503","targetHints":{"allow":["GET"]}}],"collection":[{"href":"https:\/\/baldumarket.lt\/lt\/wp-json\/wp\/v2\/product"}],"about":[{"href":"https:\/\/baldumarket.lt\/lt\/wp-json\/wp\/v2\/types\/product"}],"replies":[{"embeddable":true,"href":"https:\/\/baldumarket.lt\/lt\/wp-json\/wp\/v2\/comments?post=330503"}],"wp:featuredmedia":[{"embeddable":true,"href":"https:\/\/baldumarket.lt\/lt\/wp-json\/wp\/v2\/media\/330504"}],"wp:attachment":[{"href":"https:\/\/baldumarket.lt\/lt\/wp-json\/wp\/v2\/media?parent=330503"}],"wp:term":[{"taxonomy":"product_brand","embeddable":true,"href":"https:\/\/baldumarket.lt\/lt\/wp-json\/wp\/v2\/product_brand?post=330503"},{"taxonomy":"product_cat","embeddable":true,"href":"https:\/\/baldumarket.lt\/lt\/wp-json\/wp\/v2\/product_cat?post=330503"},{"taxonomy":"product_tag","embeddable":true,"href":"https:\/\/baldumarket.lt\/lt\/wp-json\/wp\/v2\/product_tag?post=330503"}],"curies":[{"name":"wp","href":"https:\/\/api.w.org\/{rel}","templated":true}]}}