{"id":330495,"date":"2026-01-16T22:56:27","date_gmt":"2026-01-16T19:56:27","guid":{"rendered":"https:\/\/baldumarket.lt\/product\/polka-simi-gb-68-cm-czarna-zachwyci-milosnikow-wyrazistych-wnetrz-atrakcyjna-pod-wzgledem-wizualnym-oraz-funkcjonalnym\/"},"modified":"2026-02-11T18:01:22","modified_gmt":"2026-02-11T15:01:22","slug":"polka-simi-gb-68-cm-czarna-zachwyci-milosnikow-wyrazistych-wnetrz-atrakcyjna-pod-wzgledem-wizualnym-oraz-funkcjonalnym","status":"publish","type":"product","link":"https:\/\/baldumarket.lt\/lt\/product\/polka-simi-gb-68-cm-czarna-zachwyci-milosnikow-wyrazistych-wnetrz-atrakcyjna-pod-wzgledem-wizualnym-oraz-funkcjonalnym\/","title":{"rendered":"Simi GB 68 cm juoda lentyna pra d\u017eiugina i\u0161rai\u0161kingo interjero m\u0117g\u0117jus, patrauklius tiek vizualiai, tiek funkcionaliai"},"content":{"rendered":"<p>\u201eSimi\u201c lentyna yra dr\u0105sus svetain\u0117s ir valgomojo papildymas.<br \/>\n\u0160i juoda lentyna puikiai tinka svetain\u0117ms ir valgomiesiems, tikrai prad\u017eiugins dr\u0105si\u0173 interjer\u0173 m\u0117g\u0117jus. \u201eSimi\u201c lentyna yra patraukli tiek vizualiai, tiek funkci\u0161kai. Lentyna pagaminta i\u0161 auk\u0161tos kokyb\u0117s, 32 mm storio laminuotos plok\u0161t\u0117s, atsparios i\u0161oriniams veiksniams, tokiems kaip \u012flenkimai, sm\u016bgiai ir \u012fbr\u0117\u017eimai.<br \/>\n\u201eSimi\u201c lentyna tinka tiek ma\u017eiems, tiek dideliems interjerams.<br \/>\nLentynos matmenys:<br \/>\nAuk\u0161tis: 3,2 cm<br \/>\nPlotis: 68 cm<br \/>\nGylis: 20 cm<\/p>","protected":false},"excerpt":{"rendered":"<p>plotis: 68 cm<br \/>\nauk\u0161tis: 3,2 cm<br \/>\ngylis: 20 cm<\/p>","protected":false},"featured_media":330496,"comment_status":"open","ping_status":"open","template":"","meta":[],"product_brand":[],"product_cat":[9235,1043],"product_tag":[],"class_list":{"0":"post-330495","1":"product","2":"type-product","3":"status-publish","4":"has-post-thumbnail","6":"product_cat-gib-meble","7":"product_cat-extras","9":"first","10":"instock","11":"purchasable","12":"product-type-simple"},"_links":{"self":[{"href":"https:\/\/baldumarket.lt\/lt\/wp-json\/wp\/v2\/product\/330495","targetHints":{"allow":["GET"]}}],"collection":[{"href":"https:\/\/baldumarket.lt\/lt\/wp-json\/wp\/v2\/product"}],"about":[{"href":"https:\/\/baldumarket.lt\/lt\/wp-json\/wp\/v2\/types\/product"}],"replies":[{"embeddable":true,"href":"https:\/\/baldumarket.lt\/lt\/wp-json\/wp\/v2\/comments?post=330495"}],"wp:featuredmedia":[{"embeddable":true,"href":"https:\/\/baldumarket.lt\/lt\/wp-json\/wp\/v2\/media\/330496"}],"wp:attachment":[{"href":"https:\/\/baldumarket.lt\/lt\/wp-json\/wp\/v2\/media?parent=330495"}],"wp:term":[{"taxonomy":"product_brand","embeddable":true,"href":"https:\/\/baldumarket.lt\/lt\/wp-json\/wp\/v2\/product_brand?post=330495"},{"taxonomy":"product_cat","embeddable":true,"href":"https:\/\/baldumarket.lt\/lt\/wp-json\/wp\/v2\/product_cat?post=330495"},{"taxonomy":"product_tag","embeddable":true,"href":"https:\/\/baldumarket.lt\/lt\/wp-json\/wp\/v2\/product_tag?post=330495"}],"curies":[{"name":"wp","href":"https:\/\/api.w.org\/{rel}","templated":true}]}}