{"id":330492,"date":"2026-01-16T22:56:25","date_gmt":"2026-01-16T19:56:25","guid":{"rendered":"https:\/\/baldumarket.lt\/product\/szafka-nocna-z-szufladami-simi-gb-dab-artisan-czarny-minimalistyczny-design-prosta-bryla-idealny-stolik-do-sypialni\/"},"modified":"2026-02-11T18:01:22","modified_gmt":"2026-02-11T15:01:22","slug":"szafka-nocna-z-szufladami-simi-gb-dab-artisan-czarny-minimalistyczny-design-prosta-bryla-idealny-stolik-do-sypialni","status":"publish","type":"product","link":"https:\/\/baldumarket.lt\/lt\/product\/szafka-nocna-z-szufladami-simi-gb-dab-artisan-czarny-minimalistyczny-design-prosta-bryla-idealny-stolik-do-sypialni\/","title":{"rendered":"Simi GB naktinis staliukas su stal\u010diais, meni\u0161ko \u0105\u017euolo\/juodos spalvos, minimalistinis dizainas, paprasta forma, tobulas staliukas miegamajam"},"content":{"rendered":"<p>\u201eSimi\u201c naktinis staliukas su stal\u010diais i\u0161 meni\u0161ko \u0105\u017euolo \/ juodos spalvos puikiai papildys bet kur\u012f miegam\u0105j\u012f ar paauglio kambar\u012f.<br \/>\n\u0160is naktinis staliukas i\u0161 \u201eSimi\u201c kolekcijos \u2013 patrauklus baldas miegamajam arba paauglio kambariui. \u012edomus \u0161iltos medienos ir kontrastingos juodos spalvos derinys suteikia interjerui \u0161ilumos ir estetinio patrauklumo. I\u0161skirtiniai naktinio stalelio elementai \u2013 cokolio pagrindas ir patvar\u016bs 32 mm storio stalvir\u0161iai. Naktinis staliukas suteiks miegamajam stiling\u0105 akcent\u0105 ir sukurs unikali\u0105 atmosfer\u0105. \u201eSimi\u201c naktinis staliukas puikiai der\u0117s tiek prie klasikinio, tiek prie modernaus interjero.<br \/>\nErdviuose stal\u010diuose tilps visi j\u016bs\u0173 reikmenys. Naktinis staliukas pagamintas i\u0161 auk\u0161tos kokyb\u0117s laminuotos plok\u0161t\u0117s, kuri yra atspari i\u0161oriniams veiksniams, tokiems kaip \u012flenkimai, sm\u016bgiai ir \u012fbr\u0117\u017eimai. Stal\u010di\u0173 fasadai stilingai apdailinti juodomis ranken\u0117l\u0117mis, kurios, be savo pagrindin\u0117s funkcijos, suteikia i\u0161skirtinai skoning\u0105 i\u0161vaizd\u0105.<br \/>\n\u201eSimi\u201c naktinis staliukas tinka tiek ma\u017eam, tiek dideliam interjerui.<br \/>\nNaktinis staliukas turi du stal\u010dius. Naktiniai staliukai garantuoja patog\u0173 ir be r\u016bpes\u010di\u0173 naudojim\u0105 bei viso baldo patvarum\u0105 daugel\u012f met\u0173. \u0104\u017euolo spalva su juodu dekoru gra\u017eiai dera su kitomis spalvomis, tod\u0117l \u0161ie naktiniai staliukai puikiai tinka bet kokiam miegamojo interjerui.<br \/>\nNaktinio stalelio matmenys:<br \/>\nAuk\u0161tis: 46 cm<br \/>\nPlotis: 45 cm<br \/>\nGylis: 40 cm<\/p>","protected":false},"excerpt":{"rendered":"<p>plotis: 45 cm<br \/>\nauk\u0161tis: 46 cm<br \/>\ngylis: 40 cm<\/p>","protected":false},"featured_media":330493,"comment_status":"open","ping_status":"open","template":"","meta":[],"product_brand":[],"product_cat":[9235,1176],"product_tag":[],"class_list":{"0":"post-330492","1":"product","2":"type-product","3":"status-publish","4":"has-post-thumbnail","6":"product_cat-gib-meble","7":"product_cat-bedside-tables","9":"first","10":"instock","11":"purchasable","12":"product-type-simple"},"_links":{"self":[{"href":"https:\/\/baldumarket.lt\/lt\/wp-json\/wp\/v2\/product\/330492","targetHints":{"allow":["GET"]}}],"collection":[{"href":"https:\/\/baldumarket.lt\/lt\/wp-json\/wp\/v2\/product"}],"about":[{"href":"https:\/\/baldumarket.lt\/lt\/wp-json\/wp\/v2\/types\/product"}],"replies":[{"embeddable":true,"href":"https:\/\/baldumarket.lt\/lt\/wp-json\/wp\/v2\/comments?post=330492"}],"wp:featuredmedia":[{"embeddable":true,"href":"https:\/\/baldumarket.lt\/lt\/wp-json\/wp\/v2\/media\/330493"}],"wp:attachment":[{"href":"https:\/\/baldumarket.lt\/lt\/wp-json\/wp\/v2\/media?parent=330492"}],"wp:term":[{"taxonomy":"product_brand","embeddable":true,"href":"https:\/\/baldumarket.lt\/lt\/wp-json\/wp\/v2\/product_brand?post=330492"},{"taxonomy":"product_cat","embeddable":true,"href":"https:\/\/baldumarket.lt\/lt\/wp-json\/wp\/v2\/product_cat?post=330492"},{"taxonomy":"product_tag","embeddable":true,"href":"https:\/\/baldumarket.lt\/lt\/wp-json\/wp\/v2\/product_tag?post=330492"}],"curies":[{"name":"wp","href":"https:\/\/api.w.org\/{rel}","templated":true}]}}