{"id":330489,"date":"2026-01-16T22:56:22","date_gmt":"2026-01-16T19:56:22","guid":{"rendered":"https:\/\/baldumarket.lt\/product\/witryna-simi-gb-50-cm-dab-artisan-czarny-minimalistyczny-design-klasyczna-forma-idealna-komoda-do-salonu-lub-pokoju-dziennego\/"},"modified":"2026-02-11T18:01:22","modified_gmt":"2026-02-11T15:01:22","slug":"witryna-simi-gb-50-cm-dab-artisan-czarny-minimalistyczny-design-klasyczna-forma-idealna-komoda-do-salonu-lub-pokoju-dziennego","status":"publish","type":"product","link":"https:\/\/baldumarket.lt\/lt\/product\/witryna-simi-gb-50-cm-dab-artisan-czarny-minimalistyczny-design-klasyczna-forma-idealna-komoda-do-salonu-lub-pokoju-dziennego\/","title":{"rendered":"Simi GB vitrina, 50 cm, meni\u0161ko \u0105\u017euolo \/ juodos spalvos, minimalistinio dizaino, klasikin\u0117s formos, ideali komoda svetainei ar poilsio kambariui"},"content":{"rendered":"<p>50 cm plo\u010dio \u201eSimi\u201c vitrina i\u0161 meni\u0161ko \u0105\u017euolo \/ juodos spalvos puikiai papildys bet kuri\u0105 svetain\u0119 ar darbo kambar\u012f.<br \/>\n\u0160i \u201eSimi\u201c kolekcijos vitrina \u2013 tai patrauklus baldas svetainei, darbo kambariui ar valgomajam. \u012edomus \u0161iltos medienos ir kontrastingos juodos spalvos derinys suteikia interjerui \u0161ilumos ir estetinio patrauklumo. I\u0161skirtiniai vitrinos elementai \u2013 cokolio formos baldai ir patvar\u016bs 32 mm storio stalvir\u0161iai. Vitrina suteiks kambariui stiling\u0105 akcent\u0105 ir unikali\u0105 atmosfer\u0105. Vitrina puikiai der\u0117s tiek klasikiniame, tiek moderniame interjere.<br \/>\nVitrina pagaminta i\u0161 auk\u0161tos kokyb\u0117s laminuotos plok\u0161t\u0117s, atsparios i\u0161oriniams veiksniams, tokiems kaip \u012flenkimai, sm\u016bgiai ir \u012fbr\u0117\u017eimai. Stilingi \u0161ios svetain\u0117s vitrinos fasadai yra apdailinti juodomis ranken\u0117l\u0117mis, kurios, be pagrindin\u0117s funkcijos, suteikia spintelei i\u0161skirtinai skoning\u0105 i\u0161vaizd\u0105. Stiklinis fasadas leid\u017eia pademonstruoti dekoratyvinius kambario, kuriame bus \u0161i i\u0161skirtinai moderni vitrina, aksesuarus.<br \/>\n\u201eSimi\u201c vitrina tinka tiek ma\u017eiems, tiek dideliems interjerams.<br \/>\nVitrina sudaryta i\u0161 vien\u0173 dureli\u0173. Vitrinos durel\u0117s yra universalios ir gali b\u016bti montuojamos kair\u0117je arba de\u0161in\u0117je pus\u0117je. Tai leid\u017eia pritaikyti spintel\u0119 pagal savo pageidavimus ir erdv\u0119. \u0104\u017euolo spalva su juodu dekoru puikiai dera su kitomis spalvomis, tod\u0117l stiklin\u0117s vitrinos i\u0161 \u201eSimi\u201c kolekcijos puikiai tinka kaip svetain\u0117s vitrina, valgomojo vitrina ar knyg\u0173 lentyna.<br \/>\n\u201eSimi\u201c vitrin\u0105 galima ap\u0161viesti LED \u0161viestuvais, kuriuos galite \u012fsigyti m\u016bs\u0173 parduotuv\u0117je.<br \/>\nVitrinos matmenys:<br \/>\nAuk\u0161tis: 200 cm<br \/>\nPlotis: 50,5 cm<br \/>\nGylis: 40 cm<\/p>","protected":false},"excerpt":{"rendered":"<p>plotis: 50,5 cm<br \/>\nauk\u0161tis: 200 cm<br \/>\ngylis: 40 cm<\/p>","protected":false},"featured_media":330490,"comment_status":"open","ping_status":"open","template":"","meta":[],"product_brand":[],"product_cat":[9235,1173],"product_tag":[],"class_list":{"0":"post-330489","1":"product","2":"type-product","3":"status-publish","4":"has-post-thumbnail","6":"product_cat-gib-meble","7":"product_cat-chests-of-drawers","9":"first","10":"instock","11":"purchasable","12":"product-type-simple"},"_links":{"self":[{"href":"https:\/\/baldumarket.lt\/lt\/wp-json\/wp\/v2\/product\/330489","targetHints":{"allow":["GET"]}}],"collection":[{"href":"https:\/\/baldumarket.lt\/lt\/wp-json\/wp\/v2\/product"}],"about":[{"href":"https:\/\/baldumarket.lt\/lt\/wp-json\/wp\/v2\/types\/product"}],"replies":[{"embeddable":true,"href":"https:\/\/baldumarket.lt\/lt\/wp-json\/wp\/v2\/comments?post=330489"}],"wp:featuredmedia":[{"embeddable":true,"href":"https:\/\/baldumarket.lt\/lt\/wp-json\/wp\/v2\/media\/330490"}],"wp:attachment":[{"href":"https:\/\/baldumarket.lt\/lt\/wp-json\/wp\/v2\/media?parent=330489"}],"wp:term":[{"taxonomy":"product_brand","embeddable":true,"href":"https:\/\/baldumarket.lt\/lt\/wp-json\/wp\/v2\/product_brand?post=330489"},{"taxonomy":"product_cat","embeddable":true,"href":"https:\/\/baldumarket.lt\/lt\/wp-json\/wp\/v2\/product_cat?post=330489"},{"taxonomy":"product_tag","embeddable":true,"href":"https:\/\/baldumarket.lt\/lt\/wp-json\/wp\/v2\/product_tag?post=330489"}],"curies":[{"name":"wp","href":"https:\/\/api.w.org\/{rel}","templated":true}]}}