{"id":330486,"date":"2026-01-16T22:56:20","date_gmt":"2026-01-16T19:56:20","guid":{"rendered":"https:\/\/baldumarket.lt\/product\/witryna-simi-gb-90-cm-dab-artisan-czarny-minimalistyczny-design-klasyczna-forma-idealna-komoda-do-salonu-lub-pokoju-dziennego\/"},"modified":"2026-02-11T18:01:23","modified_gmt":"2026-02-11T15:01:23","slug":"witryna-simi-gb-90-cm-dab-artisan-czarny-minimalistyczny-design-klasyczna-forma-idealna-komoda-do-salonu-lub-pokoju-dziennego","status":"publish","type":"product","link":"https:\/\/baldumarket.lt\/lt\/product\/witryna-simi-gb-90-cm-dab-artisan-czarny-minimalistyczny-design-klasyczna-forma-idealna-komoda-do-salonu-lub-pokoju-dziennego\/","title":{"rendered":"Simi GB vitrina, 90 cm, meni\u0161ko \u0105\u017euolo \/ juodos spalvos, minimalistinio dizaino, klasikin\u0117s formos, ideali komoda svetainei ar poilsio kambariui"},"content":{"rendered":"<p>90 cm plo\u010dio \u201eSimi\u201c vitrina i\u0161 meni\u0161ko \u0105\u017euolo \/ juodos spalvos puikiai papildys bet kuri\u0105 svetain\u0119 ar darbo kambar\u012f.<br \/>\n\u0160i \u201eSimi\u201c kolekcijos vitrina \u2013 tai patrauklus baldas svetainei, darbo kambariui ar valgomajam. \u012edomus \u0161iltos medienos ir kontrastingos juodos spalvos derinys suteikia interjerui \u0161ilumos ir estetinio patrauklumo. I\u0161skirtiniai vitrinos elementai \u2013 cokolio formos baldai ir patvar\u016bs 32 mm storio stalvir\u0161iai. Vitrina suteiks kambariui stiling\u0105 akcent\u0105 ir unikali\u0105 atmosfer\u0105. Vitrina puikiai der\u0117s tiek klasikiniame, tiek moderniame interjere.<br \/>\nVitrina pagaminta i\u0161 auk\u0161tos kokyb\u0117s laminuotos plok\u0161t\u0117s, atsparios i\u0161oriniams veiksniams, tokiems kaip \u012flenkimai, sm\u016bgiai ir \u012fbr\u0117\u017eimai. Stilingi \u0161ios svetain\u0117s vitrinos fasadai yra apdailinti juodomis ranken\u0117l\u0117mis, kurios, be pagrindin\u0117s funkcijos, suteikia spintelei i\u0161skirtinai skoning\u0105 i\u0161vaizd\u0105. Stiklinis fasadas leid\u017eia pademonstruoti dekoratyvinius kambario, kuriame bus \u0161i i\u0161skirtinai moderni vitrina, aksesuarus.<br \/>\n\u201eSimi\u201c vitrina tinka tiek ma\u017eiems, tiek dideliems interjerams.<br \/>\nVitrina sudaryta i\u0161 dviej\u0173 dureli\u0173. \u0104\u017euolo spalva su juodu dekoru gra\u017eiai dera su kitomis spalvomis, tod\u0117l stiklin\u0117s \u201eSimi\u201c kolekcijos vitrinos puikiai tinka kaip svetain\u0117s vitrina, valgomojo vitrina ar knyg\u0173 lentyna.<br \/>\n\u201eSimi\u201c vitrin\u0105 galima ap\u0161viesti LED \u0161viestuvais, kuriuos galite \u012fsigyti m\u016bs\u0173 parduotuv\u0117je.<br \/>\nVitrinos matmenys:<br \/>\nAuk\u0161tis: 140 cm<br \/>\nPlotis: 90 cm<br \/>\nGylis: 40 cm<\/p>","protected":false},"excerpt":{"rendered":"<p>plotis: 90 cm<br \/>\nauk\u0161tis: 140 cm<br \/>\ngylis: 40 cm<\/p>","protected":false},"featured_media":330487,"comment_status":"open","ping_status":"open","template":"","meta":[],"product_brand":[],"product_cat":[9235,1173],"product_tag":[],"class_list":{"0":"post-330486","1":"product","2":"type-product","3":"status-publish","4":"has-post-thumbnail","6":"product_cat-gib-meble","7":"product_cat-chests-of-drawers","9":"first","10":"instock","11":"purchasable","12":"product-type-simple"},"_links":{"self":[{"href":"https:\/\/baldumarket.lt\/lt\/wp-json\/wp\/v2\/product\/330486","targetHints":{"allow":["GET"]}}],"collection":[{"href":"https:\/\/baldumarket.lt\/lt\/wp-json\/wp\/v2\/product"}],"about":[{"href":"https:\/\/baldumarket.lt\/lt\/wp-json\/wp\/v2\/types\/product"}],"replies":[{"embeddable":true,"href":"https:\/\/baldumarket.lt\/lt\/wp-json\/wp\/v2\/comments?post=330486"}],"wp:featuredmedia":[{"embeddable":true,"href":"https:\/\/baldumarket.lt\/lt\/wp-json\/wp\/v2\/media\/330487"}],"wp:attachment":[{"href":"https:\/\/baldumarket.lt\/lt\/wp-json\/wp\/v2\/media?parent=330486"}],"wp:term":[{"taxonomy":"product_brand","embeddable":true,"href":"https:\/\/baldumarket.lt\/lt\/wp-json\/wp\/v2\/product_brand?post=330486"},{"taxonomy":"product_cat","embeddable":true,"href":"https:\/\/baldumarket.lt\/lt\/wp-json\/wp\/v2\/product_cat?post=330486"},{"taxonomy":"product_tag","embeddable":true,"href":"https:\/\/baldumarket.lt\/lt\/wp-json\/wp\/v2\/product_tag?post=330486"}],"curies":[{"name":"wp","href":"https:\/\/api.w.org\/{rel}","templated":true}]}}