{"id":330482,"date":"2026-01-16T22:56:16","date_gmt":"2026-01-16T19:56:16","guid":{"rendered":"https:\/\/baldumarket.lt\/product\/szafa-simi-gb-90-cm-dab-artisan-czarny-minimalistyczny-design-klasyczna-forma-idealna-szafa-do-garderoby-sypialni-lub-przedpokoju\/"},"modified":"2026-02-11T18:01:23","modified_gmt":"2026-02-11T15:01:23","slug":"szafa-simi-gb-90-cm-dab-artisan-czarny-minimalistyczny-design-klasyczna-forma-idealna-szafa-do-garderoby-sypialni-lub-przedpokoju","status":"publish","type":"product","link":"https:\/\/baldumarket.lt\/lt\/product\/szafa-simi-gb-90-cm-dab-artisan-czarny-minimalistyczny-design-klasyczna-forma-idealna-szafa-do-garderoby-sypialni-lub-przedpokoju\/","title":{"rendered":"Simi GB Drabu\u017ein\u0117, 90 cm, Artisan \u0105\u017euolas \/ juoda, minimalistinis dizainas, klasikin\u0117 forma, puikiai tinka miegamajam ar prie\u0161kambariui"},"content":{"rendered":"<p>Dviej\u0173 dur\u0173 \u201eSimi\u201c spinta i\u0161 meni\u0161ko \u0105\u017euolo \/ juodos spalvos puikiai papildys bet kok\u012f interjer\u0105.<br \/>\n\u201eSimi\u201c kolekcijos spinta \u2013 patrauklus miegamojo ar persirengimo kambario baldas. \u012edomus \u0161iltos medienos ir kontrastingos juodos spalvos derinys suteikia interjerui \u0161ilumos ir estetinio patrauklumo. I\u0161skirtiniai spintos elementai \u2013 cokolio formos baldai ir patvar\u016bs 32 mm storio stalvir\u0161iai. Spinta suteiks miegamajam stiling\u0105 akcent\u0105 ir sukurs unikali\u0105 atmosfer\u0105. \u201eSimi\u201c spinta s\u0117kmingai papildys tiek klasikin\u012f, tiek modern\u0173 interjer\u0105.<br \/>\n\u201eSimi\u201c spinta yra padalinta \u012f sekcij\u0105 su dviem b\u0117geliais ir sekcij\u0105 su lentynomis. Spinta pagaminta i\u0161 auk\u0161tos kokyb\u0117s laminuotos plok\u0161t\u0117s, atsparios i\u0161oriniams veiksniams, tokiems kaip \u012flenkimai, sm\u016bgiai ir \u012fbr\u0117\u017eimai. Spintos durel\u0117s stilingai apdailintos juodomis rankenomis, kurios, be pagrindin\u0117s funkcijos, suteikia i\u0161skirtinai skoning\u0105 i\u0161vaizd\u0105.<br \/>\n\u201eSimi\u201c spinta tinka tiek ma\u017eiems, tiek dideliems interjerams.<br \/>\nBaldas pagamintas su dviem varstomomis durimis. Spinta garantuoja patog\u0173 ir be r\u016bpes\u010di\u0173 naudojim\u0105 bei viso baldo patvarum\u0105 daugel\u012f met\u0173. Paprastas dizainas daro \u0161i\u0105 spint\u0105 puikiai tinkan\u010dia kaip spinta vaiko kambariui, miegamajam arba prie\u0161kambariui. \u201eSimi\u201c spinta taip pat puikiai tinka vaik\u0173 kambariui. Ji taip pat puikiai tinka kaip prie\u0161kambario spinta.<br \/>\nDrabu\u017ei\u0173 spintos matmenys:<br \/>\n\u016agis: 215 cm<br \/>\nPlotis: 90 cm<br \/>\nGylis: 60 cm<\/p>","protected":false},"excerpt":{"rendered":"<p>plotis: 90 cm<br \/>\nauk\u0161tis: 215 cm<br \/>\ngylis: 60 cm<\/p>","protected":false},"featured_media":330483,"comment_status":"open","ping_status":"open","template":"","meta":[],"product_brand":[],"product_cat":[9235,1177],"product_tag":[],"class_list":{"0":"post-330482","1":"product","2":"type-product","3":"status-publish","4":"has-post-thumbnail","6":"product_cat-gib-meble","7":"product_cat-wardrobes","9":"first","10":"instock","11":"purchasable","12":"product-type-simple"},"_links":{"self":[{"href":"https:\/\/baldumarket.lt\/lt\/wp-json\/wp\/v2\/product\/330482","targetHints":{"allow":["GET"]}}],"collection":[{"href":"https:\/\/baldumarket.lt\/lt\/wp-json\/wp\/v2\/product"}],"about":[{"href":"https:\/\/baldumarket.lt\/lt\/wp-json\/wp\/v2\/types\/product"}],"replies":[{"embeddable":true,"href":"https:\/\/baldumarket.lt\/lt\/wp-json\/wp\/v2\/comments?post=330482"}],"wp:featuredmedia":[{"embeddable":true,"href":"https:\/\/baldumarket.lt\/lt\/wp-json\/wp\/v2\/media\/330483"}],"wp:attachment":[{"href":"https:\/\/baldumarket.lt\/lt\/wp-json\/wp\/v2\/media?parent=330482"}],"wp:term":[{"taxonomy":"product_brand","embeddable":true,"href":"https:\/\/baldumarket.lt\/lt\/wp-json\/wp\/v2\/product_brand?post=330482"},{"taxonomy":"product_cat","embeddable":true,"href":"https:\/\/baldumarket.lt\/lt\/wp-json\/wp\/v2\/product_cat?post=330482"},{"taxonomy":"product_tag","embeddable":true,"href":"https:\/\/baldumarket.lt\/lt\/wp-json\/wp\/v2\/product_tag?post=330482"}],"curies":[{"name":"wp","href":"https:\/\/api.w.org\/{rel}","templated":true}]}}