{"id":33048,"date":"2025-11-14T22:37:15","date_gmt":"2025-11-14T19:37:15","guid":{"rendered":"https:\/\/baldumarket.lt\/product\/egurro-regal-dan-artisan\/"},"modified":"2026-03-24T18:15:48","modified_gmt":"2026-03-24T15:15:48","slug":"egurro-regal-dan-artisan","status":"publish","type":"product","link":"https:\/\/baldumarket.lt\/lt\/product\/egurro-regal-dan-artisan\/","title":{"rendered":"\u201eEgurro Artisan\u201c \u0105\u017euolin\u0117 lentyna"},"content":{"rendered":"<p>\u201eEgurro\u201c lentyna \u2013 eleganti\u0161kas, modernaus dizaino baldas, puikiai tinkantis bet kokiam interjerui. 80 cm plo\u010dio, 144 cm auk\u0161\u010dio ir 20 cm gylio ji si\u016blo funkcional\u0173 ir prakti\u0161k\u0105 daikt\u0173 laikymo sprendim\u0105. Stal\u010dius, kurio maksimali apkrova yra 3 kg, puikiai tinka smulkiems daiktams, o juodos plastikin\u0117s b\u0117gel\u0117s u\u017etikrina stabilum\u0105 ir apsaugo grindis nuo \u012fbr\u0117\u017eim\u0173.<\/p>","protected":false},"excerpt":{"rendered":"<p>\u201eEgurro\u201c lentyna \u2013 eleganti\u0161kas, modernaus dizaino baldas, puikiai tinkantis bet kokiam interjerui. 80 cm plo\u010dio, 144 cm auk\u0161\u010dio ir 20 cm gylio lentyna si\u016blo funkcional\u0173 ir prakti\u0161k\u0105 daikt\u0173 laikymo sprendim\u0105. Stal\u010dius, kurio maksimali apkrova yra 3 kg, puikiai tinka smulkiems daiktams, o juodo plastiko slydimo slydikliai [\u2026]<\/p>","protected":false},"featured_media":33049,"comment_status":"open","ping_status":"open","template":"","meta":[],"product_brand":[],"product_cat":[2012,9177,1987],"product_tag":[],"class_list":{"0":"post-33048","1":"product","2":"type-product","3":"status-publish","4":"has-post-thumbnail","6":"product_cat-eltap","7":"product_cat-shelving-units-eltap","8":"product_cat-shelving-units","9":"pa_frame-material-undefined","10":"pa_frame-material-type-undefined","11":"pa_leg-color-black","12":"pa_leg-material-plastic","13":"pa_linen-box-undefined","14":"pa_main-color-artisan-oak","15":"pa_price-group-basic","16":"pa_seat-depth-undefined","17":"pa_seat-width-undefined","18":"pa_sleep-function-undefined","19":"pa_sleeping-area-length-undefined","20":"pa_sleeping-area-width-undefined","21":"pa_style-modern","22":"pa_textile-artisan-oak","23":"pa_upholstery-material-undefined","25":"first","26":"instock","27":"purchasable","28":"product-type-simple"},"_links":{"self":[{"href":"https:\/\/baldumarket.lt\/lt\/wp-json\/wp\/v2\/product\/33048","targetHints":{"allow":["GET"]}}],"collection":[{"href":"https:\/\/baldumarket.lt\/lt\/wp-json\/wp\/v2\/product"}],"about":[{"href":"https:\/\/baldumarket.lt\/lt\/wp-json\/wp\/v2\/types\/product"}],"replies":[{"embeddable":true,"href":"https:\/\/baldumarket.lt\/lt\/wp-json\/wp\/v2\/comments?post=33048"}],"wp:featuredmedia":[{"embeddable":true,"href":"https:\/\/baldumarket.lt\/lt\/wp-json\/wp\/v2\/media\/33049"}],"wp:attachment":[{"href":"https:\/\/baldumarket.lt\/lt\/wp-json\/wp\/v2\/media?parent=33048"}],"wp:term":[{"taxonomy":"product_brand","embeddable":true,"href":"https:\/\/baldumarket.lt\/lt\/wp-json\/wp\/v2\/product_brand?post=33048"},{"taxonomy":"product_cat","embeddable":true,"href":"https:\/\/baldumarket.lt\/lt\/wp-json\/wp\/v2\/product_cat?post=33048"},{"taxonomy":"product_tag","embeddable":true,"href":"https:\/\/baldumarket.lt\/lt\/wp-json\/wp\/v2\/product_tag?post=33048"}],"curies":[{"name":"wp","href":"https:\/\/api.w.org\/{rel}","templated":true}]}}