{"id":330476,"date":"2026-01-16T22:56:12","date_gmt":"2026-01-16T19:56:12","guid":{"rendered":"https:\/\/baldumarket.lt\/product\/mebloscianka-simi-gb-dab-artisan-czarny-klasyczna-forma-mebli-wykonanie-z-wysokiej-jakosci-plyty-laminowanej-idealna-mebloscianka-do-salonu-2\/"},"modified":"2026-02-11T18:01:23","modified_gmt":"2026-02-11T15:01:23","slug":"mebloscianka-simi-gb-dab-artisan-czarny-klasyczna-forma-mebli-wykonanie-z-wysokiej-jakosci-plyty-laminowanej-idealna-mebloscianka-do-salonu-2","status":"publish","type":"product","link":"https:\/\/baldumarket.lt\/lt\/product\/mebloscianka-simi-gb-dab-artisan-czarny-klasyczna-forma-mebli-wykonanie-z-wysokiej-jakosci-plyty-laminowanej-idealna-mebloscianka-do-salonu-2\/","title":{"rendered":"Simi GB sienin\u0117 spintel\u0117, artisan \u0105\u017euolo \/ juodos spalvos, klasikin\u0117s bald\u0173 formos, pagaminta i\u0161 auk\u0161tos kokyb\u0117s laminuotos plok\u0161t\u0117s, idealiai tinka svetainei"},"content":{"rendered":"<p>\u201eSimi\u201c sienin\u0117 spintel\u0117 i\u0161 meni\u0161ko \u0105\u017euolo \/ juodos spalvos puikiai papildys bet kuri\u0105 svetain\u0119 ar miegam\u0105j\u012f.<br \/>\n\u201eSimi\u201c sienin\u0117 spintel\u0117 \u2013 patrauklus svetain\u0117s ar miegamojo baldas. \u012edomus \u0161iltos medienos dekoro ir kontrastingos juodos spalvos derinys suteikia interjerui \u0161ilumos ir estetinio patrauklumo. I\u0161skirtiniai sienin\u0117s spintel\u0117s elementai \u2013 cokolio formos baldai ir patvar\u016bs 32 mm storio stalvir\u0161iai. Sienin\u0117 spintel\u0117 suteiks kambariui stiling\u0105 akcent\u0105 ir unikali\u0105 atmosfer\u0105. \u201eSimi\u201c kolekcijos baldai puikiai der\u0117s tiek prie klasikinio, tiek prie modernaus interjero.<br \/>\nSienin\u0117 spintel\u0117 pagaminta i\u0161 auk\u0161tos kokyb\u0117s laminuotos plok\u0161t\u0117s, atsparios i\u0161oriniams veiksniams, tokiems kaip \u012flenkimai, sm\u016bgiai ir \u012fbr\u0117\u017eimai. Stiling\u0105 sienini\u0173 spinteli\u0173 fasad\u0173 apdail\u0105 suteikia juodos ranken\u0117l\u0117s, kurios, be pagrindin\u0117s funkcijos, suteikia i\u0161skirtinai skoning\u0105 i\u0161vaizd\u0105. Vitrin\u0173 stikliniai fasadai leid\u017eia demonstruoti dekoratyvinius aksesuarus svetain\u0117je. Erdvus televizoriaus staliukas tilps visus j\u016bs\u0173 aksesuarus ir buitinius prietaisus.<br \/>\nSimi baldai tinka tiek ma\u017eiems, tiek dideliems kambariams.<br \/>\n\u201eSimi\u201c svetain\u0117s baldai garantuoja nepriekai\u0161ting\u0105 naudojim\u0105 ir visos sienin\u0117s spintel\u0117s patvarum\u0105 daugel\u012f met\u0173. \u0104\u017euolo spalva su juodu dekoru puikiai dera su kitomis spalvomis, tod\u0117l \u201eSimi\u201c baldai yra puiki sienin\u0117 spintel\u0117 svetainei ar miegamajam.<br \/>\nSini\u0105j\u0105 spintel\u0119 galima ap\u0161viesti LED \u0161viestuvais, kuriuos galite \u012fsigyti m\u016bs\u0173 parduotuv\u0117je.<br \/>\nSienin\u012f blok\u0105 sudaro:<br \/>\n\u017eema vitrina<br \/>\nauk\u0161tis: 140 cm<br \/>\nplotis: 90 cm<br \/>\ngylis: 40 cm<br \/>\nTelevizoriaus blokas<br \/>\nauk\u0161tis: 46 cm<br \/>\nplotis: 135 cm<br \/>\ngylis: 40 cm<br \/>\nauk\u0161ta vitrina<br \/>\nauk\u0161tis: 200 cm<br \/>\nplotis: 50,5 cm<br \/>\ngylis: 40 cm<br \/>\ndvi pakabinamos lentynos<br \/>\nauk\u0161tis: 3,2 cm<br \/>\nplotis: 68 cm<br \/>\ngylis: 20 cm<\/p>","protected":false},"excerpt":{"rendered":"<p>plotis: 276 cm<br \/>\nauk\u0161tis: 200 cm<br \/>\ngylis: 40 cm<\/p>","protected":false},"featured_media":330477,"comment_status":"open","ping_status":"open","template":"","meta":[],"product_brand":[],"product_cat":[9235,2008],"product_tag":[],"class_list":{"0":"post-330476","1":"product","2":"type-product","3":"status-publish","4":"has-post-thumbnail","6":"product_cat-gib-meble","7":"product_cat-wall-units","9":"first","10":"instock","11":"purchasable","12":"product-type-simple"},"_links":{"self":[{"href":"https:\/\/baldumarket.lt\/lt\/wp-json\/wp\/v2\/product\/330476","targetHints":{"allow":["GET"]}}],"collection":[{"href":"https:\/\/baldumarket.lt\/lt\/wp-json\/wp\/v2\/product"}],"about":[{"href":"https:\/\/baldumarket.lt\/lt\/wp-json\/wp\/v2\/types\/product"}],"replies":[{"embeddable":true,"href":"https:\/\/baldumarket.lt\/lt\/wp-json\/wp\/v2\/comments?post=330476"}],"wp:featuredmedia":[{"embeddable":true,"href":"https:\/\/baldumarket.lt\/lt\/wp-json\/wp\/v2\/media\/330477"}],"wp:attachment":[{"href":"https:\/\/baldumarket.lt\/lt\/wp-json\/wp\/v2\/media?parent=330476"}],"wp:term":[{"taxonomy":"product_brand","embeddable":true,"href":"https:\/\/baldumarket.lt\/lt\/wp-json\/wp\/v2\/product_brand?post=330476"},{"taxonomy":"product_cat","embeddable":true,"href":"https:\/\/baldumarket.lt\/lt\/wp-json\/wp\/v2\/product_cat?post=330476"},{"taxonomy":"product_tag","embeddable":true,"href":"https:\/\/baldumarket.lt\/lt\/wp-json\/wp\/v2\/product_tag?post=330476"}],"curies":[{"name":"wp","href":"https:\/\/api.w.org\/{rel}","templated":true}]}}