{"id":330470,"date":"2026-01-16T22:56:07","date_gmt":"2026-01-16T19:56:07","guid":{"rendered":"https:\/\/baldumarket.lt\/product\/mebloscianka-simi-gb-dab-artisan-czarny-klasyczna-forma-mebli-wykonanie-z-wysokiej-jakosci-plyty-laminowanej-idealna-mebloscianka-do-salonu\/"},"modified":"2026-02-11T18:01:23","modified_gmt":"2026-02-11T15:01:23","slug":"mebloscianka-simi-gb-dab-artisan-czarny-klasyczna-forma-mebli-wykonanie-z-wysokiej-jakosci-plyty-laminowanej-idealna-mebloscianka-do-salonu","status":"publish","type":"product","link":"https:\/\/baldumarket.lt\/lt\/product\/mebloscianka-simi-gb-dab-artisan-czarny-klasyczna-forma-mebli-wykonanie-z-wysokiej-jakosci-plyty-laminowanej-idealna-mebloscianka-do-salonu\/","title":{"rendered":"Simi GB sienin\u0117 spintel\u0117, artisan \u0105\u017euolo \/ juodos spalvos, klasikin\u0117s bald\u0173 formos, pagaminta i\u0161 auk\u0161tos kokyb\u0117s laminuotos plok\u0161t\u0117s, idealiai tinka svetainei"},"content":{"rendered":"<p>\u201eSimi\u201c sienin\u0117 spintel\u0117 i\u0161 meni\u0161ko \u0105\u017euolo \/ juodos spalvos puikiai papildys bet kuri\u0105 svetain\u0119 ar darbo kambar\u012f.<br \/>\n\u201eSimi\u201c sienin\u0117 spintel\u0117 \u2013 patrauklus svetain\u0117s ar darbo kambario baldas. \u012edomus \u0161iltos medienos dekoro ir kontrastingos juodos spalvos derinys suteikia interjerui \u0161ilumos ir estetinio patrauklumo. I\u0161skirtiniai sienin\u0117s spintel\u0117s elementai \u2013 cokolio formos baldai ir patvar\u016bs 32 mm storio stalvir\u0161iai. Sienin\u0117 spintel\u0117 suteiks kambariui stiling\u0105 akcent\u0105 ir unikali\u0105 atmosfer\u0105. \u201eSimi\u201c kolekcijos baldai puikiai der\u0117s tiek prie klasikinio, tiek prie modernaus interjero.<br \/>\nSienin\u0117 spintel\u0117 pagaminta i\u0161 auk\u0161tos kokyb\u0117s laminuotos plok\u0161t\u0117s, kuri yra atspari i\u0161oriniams veiksniams, tokiems kaip \u012flenkimai, sm\u016bgiai ir \u012fbr\u0117\u017eimai. Stiling\u0105 sienini\u0173 spinteli\u0173 fasad\u0173 apdail\u0105 suteikia juodos ranken\u0117l\u0117s, kurios, be pagrindin\u0117s funkcijos, suteikia i\u0161skirtinai skoning\u0105 i\u0161vaizd\u0105. Vitrinos stiklinis fasadas leid\u017eia demonstruoti svetain\u0117s dekoro aksesuarus. Erdvioje komodoje tilps visi j\u016bs\u0173 aksesuarai ir buitin\u0117 technika. Televizoriaus staliuko centre esanti \u012fduba leid\u017eia sukurti multimedijos kampel\u012f.<br \/>\nSimi baldai gali b\u016bti naudojami tiek ma\u017euose, tiek dideliuose kambariuose.<br \/>\n\u201eSimi\u201c svetain\u0117s baldai garantuoja nepriekai\u0161ting\u0105 naudojim\u0105 ir visos sienin\u0117s spintel\u0117s patvarum\u0105 daugel\u012f met\u0173. \u0104\u017euolo spalva su juodu dekoru puikiai dera su kitomis spalvomis, tod\u0117l \u201eSimi\u201c baldai yra puiki sienin\u0117 spintel\u0117 svetainei ar miegamajam.<br \/>\nSini\u0105j\u0105 spintel\u0119 galima ap\u0161viesti LED \u0161viestuvais, kuriuos galite \u012fsigyti m\u016bs\u0173 parduotuv\u0117je.<br \/>\nSienin\u012f blok\u0105 sudaro:<br \/>\nKomoda<br \/>\nAuk\u0161tis: 90 cm<br \/>\nPlotis: 135 cm<br \/>\nGylis: 40 cm<br \/>\nTelevizoriaus blokas<br \/>\nAuk\u0161tis: 46 cm<br \/>\nPlotis: 135 cm<br \/>\nGylis: 40 cm<br \/>\nVitrina<br \/>\nAuk\u0161tis: 200 cm<br \/>\nPlotis: 50,5 cm<br \/>\nGylis: 40 cm<br \/>\nTrys pakabinamos lentynos<br \/>\nAuk\u0161tis: 3,2 cm<br \/>\nPlotis: 68 cm<br \/>\nGylis: 20 cm<\/p>","protected":false},"excerpt":{"rendered":"<p>plotis: 320 cm<br \/>\nauk\u0161tis: 200 cm<br \/>\ngylis: 40 cm<\/p>","protected":false},"featured_media":330471,"comment_status":"open","ping_status":"open","template":"","meta":[],"product_brand":[],"product_cat":[9235,2008],"product_tag":[],"class_list":{"0":"post-330470","1":"product","2":"type-product","3":"status-publish","4":"has-post-thumbnail","6":"product_cat-gib-meble","7":"product_cat-wall-units","9":"first","10":"instock","11":"purchasable","12":"product-type-simple"},"_links":{"self":[{"href":"https:\/\/baldumarket.lt\/lt\/wp-json\/wp\/v2\/product\/330470","targetHints":{"allow":["GET"]}}],"collection":[{"href":"https:\/\/baldumarket.lt\/lt\/wp-json\/wp\/v2\/product"}],"about":[{"href":"https:\/\/baldumarket.lt\/lt\/wp-json\/wp\/v2\/types\/product"}],"replies":[{"embeddable":true,"href":"https:\/\/baldumarket.lt\/lt\/wp-json\/wp\/v2\/comments?post=330470"}],"wp:featuredmedia":[{"embeddable":true,"href":"https:\/\/baldumarket.lt\/lt\/wp-json\/wp\/v2\/media\/330471"}],"wp:attachment":[{"href":"https:\/\/baldumarket.lt\/lt\/wp-json\/wp\/v2\/media?parent=330470"}],"wp:term":[{"taxonomy":"product_brand","embeddable":true,"href":"https:\/\/baldumarket.lt\/lt\/wp-json\/wp\/v2\/product_brand?post=330470"},{"taxonomy":"product_cat","embeddable":true,"href":"https:\/\/baldumarket.lt\/lt\/wp-json\/wp\/v2\/product_cat?post=330470"},{"taxonomy":"product_tag","embeddable":true,"href":"https:\/\/baldumarket.lt\/lt\/wp-json\/wp\/v2\/product_tag?post=330470"}],"curies":[{"name":"wp","href":"https:\/\/api.w.org\/{rel}","templated":true}]}}