{"id":330467,"date":"2026-01-16T22:56:05","date_gmt":"2026-01-16T19:56:05","guid":{"rendered":"https:\/\/baldumarket.lt\/product\/stolik-kawowy-z-szuflada-120-cm-simi-gb-dab-artisan-czarny-nowoczesny-design-asymetryczna-bryla-blat-odporny-na-rozlanie-cieczy\/"},"modified":"2026-02-11T18:01:23","modified_gmt":"2026-02-11T15:01:23","slug":"stolik-kawowy-z-szuflada-120-cm-simi-gb-dab-artisan-czarny-nowoczesny-design-asymetryczna-bryla-blat-odporny-na-rozlanie-cieczy","status":"publish","type":"product","link":"https:\/\/baldumarket.lt\/lt\/product\/stolik-kawowy-z-szuflada-120-cm-simi-gb-dab-artisan-czarny-nowoczesny-design-asymetryczna-bryla-blat-odporny-na-rozlanie-cieczy\/","title":{"rendered":"Kavos staliukas su stal\u010diumi, 120 cm, Simi GB, meni\u0161ko \u0105\u017euolo \/ juodo atspalvio, modernaus dizaino, asimetrin\u0117s formos, atsparus i\u0161siliejimui stalvir\u0161is"},"content":{"rendered":"<p>\u201eSimi\u201c kavos staliukas i\u0161 meni\u0161ko \u0105\u017euolo \/ juodos spalvos puikiai papildys bet kuri\u0105 svetain\u0119 ar darbo kambar\u012f.<br \/>\n\u0160is \u201eSimi\u201c kolekcijos kavos staliukas \u2013 patrauklus svetain\u0117s ar darbo kambario baldas. \u012edomus \u0161iltos medienos ir kontrastingos juodos spalvos derinys suteikia interjerui \u0161ilumos ir estetinio patrauklumo. I\u0161skirtiniai stalo elementai \u2013 cokolis, sudarantis baldo pagrind\u0105, ir stori stalvir\u0161iai. Stalo i\u0161vaizda suteiks kambariui stiling\u0105 akcent\u0105 ir unikali\u0105 atmosfer\u0105. Kavos staliukas puikiai tiks tiek klasikiniame, tiek moderniame interjere.<br \/>\nAsimetri\u0161kas kavos staliuko su stal\u010diumi dizainas suteikia original\u0173 ir unikal\u0173 dekor\u0105. Kavos staliukas pagamintas i\u0161 auk\u0161tos kokyb\u0117s laminuotos plok\u0161t\u0117s, atsparios i\u0161oriniams veiksniams, tokiems kaip \u012flenkimai, sm\u016bgiai ir \u012fbr\u0117\u017eimai. Stal\u010diaus priekis stilingai apdailintas juoda rankena, kuri, be pagrindin\u0117s funkcijos, suteikia i\u0161skirtinio skonio.<br \/>\n\u201eSimi\u201c kavos staliukas tinka tiek ma\u017eiems, tiek dideliems interjerams.<br \/>\nKavos staliukas turi didel\u012f, vandeniui atspar\u0173 stalvir\u0161\u012f, stal\u010dius ir atvir\u0105 lentyn\u0105. Kavos staliukas garantuoja patog\u0173 ir be r\u016bpes\u010di\u0173 naudojim\u0105 bei viso baldo patvarum\u0105 daugel\u012f met\u0173. \u0104\u017euolo apdaila su juodu dekoru puikiai dera su kitomis spalvomis, tod\u0117l \u201eSimi\u201c kavos staliukai puikiai tinka bet kokiam interjerui.<br \/>\nKavos staliuko matmenys:<br \/>\nAuk\u0161tis: 40 cm<br \/>\nPlotis: 120 cm<br \/>\nGylis: 60 cm<\/p>","protected":false},"excerpt":{"rendered":"<p>plotis: 120 cm<br \/>\nauk\u0161tis: 40 cm<br \/>\ngylis: 60 cm<\/p>","protected":false},"featured_media":330468,"comment_status":"open","ping_status":"open","template":"","meta":[],"product_brand":[],"product_cat":[9235,866],"product_tag":[],"class_list":{"0":"post-330467","1":"product","2":"type-product","3":"status-publish","4":"has-post-thumbnail","6":"product_cat-gib-meble","7":"product_cat-coffee-tables","9":"first","10":"instock","11":"purchasable","12":"product-type-simple"},"_links":{"self":[{"href":"https:\/\/baldumarket.lt\/lt\/wp-json\/wp\/v2\/product\/330467","targetHints":{"allow":["GET"]}}],"collection":[{"href":"https:\/\/baldumarket.lt\/lt\/wp-json\/wp\/v2\/product"}],"about":[{"href":"https:\/\/baldumarket.lt\/lt\/wp-json\/wp\/v2\/types\/product"}],"replies":[{"embeddable":true,"href":"https:\/\/baldumarket.lt\/lt\/wp-json\/wp\/v2\/comments?post=330467"}],"wp:featuredmedia":[{"embeddable":true,"href":"https:\/\/baldumarket.lt\/lt\/wp-json\/wp\/v2\/media\/330468"}],"wp:attachment":[{"href":"https:\/\/baldumarket.lt\/lt\/wp-json\/wp\/v2\/media?parent=330467"}],"wp:term":[{"taxonomy":"product_brand","embeddable":true,"href":"https:\/\/baldumarket.lt\/lt\/wp-json\/wp\/v2\/product_brand?post=330467"},{"taxonomy":"product_cat","embeddable":true,"href":"https:\/\/baldumarket.lt\/lt\/wp-json\/wp\/v2\/product_cat?post=330467"},{"taxonomy":"product_tag","embeddable":true,"href":"https:\/\/baldumarket.lt\/lt\/wp-json\/wp\/v2\/product_tag?post=330467"}],"curies":[{"name":"wp","href":"https:\/\/api.w.org\/{rel}","templated":true}]}}