{"id":330461,"date":"2026-01-16T22:56:00","date_gmt":"2026-01-16T19:56:00","guid":{"rendered":"https:\/\/baldumarket.lt\/product\/szafka-rtv-simi-gb-135-cm-dab-artisan-czarny-minimalistyczny-design-idealna-szafka-do-salonu-lub-pokoju-dziennego-klasyczna-forma\/"},"modified":"2026-02-11T18:01:23","modified_gmt":"2026-02-11T15:01:23","slug":"szafka-rtv-simi-gb-135-cm-dab-artisan-czarny-minimalistyczny-design-idealna-szafka-do-salonu-lub-pokoju-dziennego-klasyczna-forma","status":"publish","type":"product","link":"https:\/\/baldumarket.lt\/lt\/product\/szafka-rtv-simi-gb-135-cm-dab-artisan-czarny-minimalistyczny-design-idealna-szafka-do-salonu-lub-pokoju-dziennego-klasyczna-forma\/","title":{"rendered":"Simi GB TV spintel\u0117, 135 cm, meni\u0161ko \u0105\u017euolo \/ juodos spalvos, minimalistinio dizaino, puikiai tinka svetainei ar poilsio kambariui, klasikin\u0117s formos"},"content":{"rendered":"<p>\u201eSimi\u201c televizoriaus staliukas i\u0161 meni\u0161ko \u0105\u017euolo \/ juodos spalvos puikiai papildys bet kuri\u0105 svetain\u0119 ar darbo kambar\u012f.<br \/>\n\u0160is \u201eSimi\u201c kolekcijos televizoriaus staliukas \u2013 patrauklus svetain\u0117s ar darbo kambario baldas. \u012edomus \u0161iltos medienos ir kontrastingos juodos spalvos derinys suteikia interjerui \u0161ilumos ir estetinio patrauklumo. I\u0161skirtiniai televizoriaus staliuko elementai \u2013 cokolio formos baldai ir patvar\u016bs 32 mm storio stalvir\u0161iai. Televizoriaus staliukas suteiks kambariui stiling\u0105 akcent\u0105 ir unikali\u0105 atmosfer\u0105. Televizoriaus staliukas puikiai tiks tiek klasikiniame, tiek moderniame interjere.<br \/>\nTelevizoriaus staliukas pagamintas i\u0161 auk\u0161tos kokyb\u0117s laminuotos plok\u0161t\u0117s, atsparios i\u0161oriniams veiksniams, tokiems kaip \u012flenkimai, sm\u016bgiai ir \u012fbr\u0117\u017eimai. Televizoriaus spintel\u0117s fasadas stilingai apdailintas juodomis ranken\u0117l\u0117mis, kurios, be pagrindin\u0117s funkcijos, suteikia spintelei i\u0161skirtinai skoning\u0105 i\u0161vaizd\u0105.<br \/>\n\u201eSimi\u201c televizoriaus spintel\u0117 tinka tiek ma\u017eiems, tiek dideliems interjerams.<br \/>\nTelevizoriaus spintel\u0117 turi dvejas duris ir vien\u0105 stal\u010di\u0173. Spintel\u0117s centre esanti ni\u0161a puikiai tinka televizoriaus \u012frangai ar \u017eaidim\u0173 konsolei susid\u0117ti. Televizoriaus spintel\u0117 garantuoja patog\u0173 ir be r\u016bpes\u010di\u0173 naudojim\u0105 bei viso baldo patvarum\u0105 daugel\u012f met\u0173. \u0104\u017euolo spalva su juodu dekoru puikiai dera su kitomis spalvomis, tod\u0117l \u201eSimi\u201c baldai puikiai tinka bet kokiam interjerui.<br \/>\nTelevizoriaus spintel\u0117s matmenys:<br \/>\nAuk\u0161tis: 46 cm<br \/>\nPlotis: 135 cm<br \/>\nGylis: 40 cm<\/p>","protected":false},"excerpt":{"rendered":"<p>plotis: 135 cm<br \/>\nauk\u0161tis: 46 cm<br \/>\ngylis: 40 cm<\/p>","protected":false},"featured_media":330462,"comment_status":"open","ping_status":"open","template":"","meta":[],"product_brand":[],"product_cat":[9235,1175],"product_tag":[],"class_list":{"0":"post-330461","1":"product","2":"type-product","3":"status-publish","4":"has-post-thumbnail","6":"product_cat-gib-meble","7":"product_cat-tv-stands","9":"first","10":"instock","11":"purchasable","12":"product-type-simple"},"_links":{"self":[{"href":"https:\/\/baldumarket.lt\/lt\/wp-json\/wp\/v2\/product\/330461","targetHints":{"allow":["GET"]}}],"collection":[{"href":"https:\/\/baldumarket.lt\/lt\/wp-json\/wp\/v2\/product"}],"about":[{"href":"https:\/\/baldumarket.lt\/lt\/wp-json\/wp\/v2\/types\/product"}],"replies":[{"embeddable":true,"href":"https:\/\/baldumarket.lt\/lt\/wp-json\/wp\/v2\/comments?post=330461"}],"wp:featuredmedia":[{"embeddable":true,"href":"https:\/\/baldumarket.lt\/lt\/wp-json\/wp\/v2\/media\/330462"}],"wp:attachment":[{"href":"https:\/\/baldumarket.lt\/lt\/wp-json\/wp\/v2\/media?parent=330461"}],"wp:term":[{"taxonomy":"product_brand","embeddable":true,"href":"https:\/\/baldumarket.lt\/lt\/wp-json\/wp\/v2\/product_brand?post=330461"},{"taxonomy":"product_cat","embeddable":true,"href":"https:\/\/baldumarket.lt\/lt\/wp-json\/wp\/v2\/product_cat?post=330461"},{"taxonomy":"product_tag","embeddable":true,"href":"https:\/\/baldumarket.lt\/lt\/wp-json\/wp\/v2\/product_tag?post=330461"}],"curies":[{"name":"wp","href":"https:\/\/api.w.org\/{rel}","templated":true}]}}