{"id":330448,"date":"2026-01-16T22:55:50","date_gmt":"2026-01-16T19:55:50","guid":{"rendered":"https:\/\/baldumarket.lt\/product\/komoda-z-szufladami-simi-gb-90-cm-dab-artisan-czarny-minimalistyczny-design-klasyczna-forma-idealna-komoda-do-salonu-lub-pokoju-dziennego\/"},"modified":"2026-02-11T18:01:23","modified_gmt":"2026-02-11T15:01:23","slug":"komoda-z-szufladami-simi-gb-90-cm-dab-artisan-czarny-minimalistyczny-design-klasyczna-forma-idealna-komoda-do-salonu-lub-pokoju-dziennego","status":"publish","type":"product","link":"https:\/\/baldumarket.lt\/lt\/product\/komoda-z-szufladami-simi-gb-90-cm-dab-artisan-czarny-minimalistyczny-design-klasyczna-forma-idealna-komoda-do-salonu-lub-pokoju-dziennego\/","title":{"rendered":"Simi GB komoda, 90 cm, \u201eArtisan Oak\u201c \/ juoda, minimalistinis dizainas, klasikin\u0117 forma, tobula komoda svetainei ar poilsio kambariui"},"content":{"rendered":"<p>90 cm plo\u010dio \u201eSimi\u201c komoda i\u0161 meni\u0161ko \u0105\u017euolo \/ juodos spalvos puikiai papildys bet kuri\u0105 svetain\u0119 ar darbo kambar\u012f.<br \/>\n\u2019Simi\u201c kolekcijos komoda \u2013 tai patrauklus baldas svetainei, darbo kambariui ar miegamajam. \u012edomus \u0161iltos medienos ir kontrastingos juodos spalvos derinys suteikia interjerui \u0161ilumos ir estetinio patrauklumo. I\u0161skirtiniai komodos elementai \u2013 cokolio formos baldai ir patvar\u016bs 32 mm storio stalvir\u0161iai. Komoda suteiks kambariui stiling\u0105 akcent\u0105 ir unikali\u0105 atmosfer\u0105. Komoda puikiai der\u0117s tiek klasikiniame, tiek moderniame interjere.<br \/>\nKomoda pagaminta i\u0161 auk\u0161tos kokyb\u0117s laminuotos plok\u0161t\u0117s, atsparios i\u0161oriniams veiksniams, tokiems kaip \u012flenkimai, sm\u016bgiai ir \u012fbr\u0117\u017eimai. Juodos ranken\u0117l\u0117s stilingai u\u017ebaigia komod\u0173 fasadus, kurie, be pagrindin\u0117s funkcijos, suteikia komodai i\u0161skirtinai eleganti\u0161k\u0105 i\u0161vaizd\u0105. \u2019Simi\u201c komoda puikiai tinka tiek ma\u017eiems, tiek dideliems interjerams.<br \/>\nKomoda turi keturis stal\u010dius. Ji garantuoja patog\u0173 ir be r\u016bpes\u010di\u0173 naudojim\u0105 bei viso baldo patvarum\u0105 daugel\u012f met\u0173. \u0104\u017euolo apdaila su juodais dekoro elementais gra\u017eiai dera su kitomis spalvomis, tod\u0117l \u201eSimi\u201c komoda puikiai tinka kaip svetain\u0117s, darbo kambario ar miegamojo komoda. Komoda taip pat puikiai tiks kaip biuro baldas.<br \/>\nKomodos matmenys:<br \/>\nAuk\u0161tis: 90 cm<br \/>\nPlotis: 90 cm<br \/>\nGylis: 40 cm<\/p>","protected":false},"excerpt":{"rendered":"<p>plotis: 90 cm<br \/>\nauk\u0161tis: 90 cm<br \/>\ngylis: 40 cm<\/p>","protected":false},"featured_media":330449,"comment_status":"open","ping_status":"open","template":"","meta":[],"product_brand":[],"product_cat":[9235,1173],"product_tag":[],"class_list":{"0":"post-330448","1":"product","2":"type-product","3":"status-publish","4":"has-post-thumbnail","6":"product_cat-gib-meble","7":"product_cat-chests-of-drawers","9":"first","10":"instock","11":"purchasable","12":"product-type-simple"},"_links":{"self":[{"href":"https:\/\/baldumarket.lt\/lt\/wp-json\/wp\/v2\/product\/330448","targetHints":{"allow":["GET"]}}],"collection":[{"href":"https:\/\/baldumarket.lt\/lt\/wp-json\/wp\/v2\/product"}],"about":[{"href":"https:\/\/baldumarket.lt\/lt\/wp-json\/wp\/v2\/types\/product"}],"replies":[{"embeddable":true,"href":"https:\/\/baldumarket.lt\/lt\/wp-json\/wp\/v2\/comments?post=330448"}],"wp:featuredmedia":[{"embeddable":true,"href":"https:\/\/baldumarket.lt\/lt\/wp-json\/wp\/v2\/media\/330449"}],"wp:attachment":[{"href":"https:\/\/baldumarket.lt\/lt\/wp-json\/wp\/v2\/media?parent=330448"}],"wp:term":[{"taxonomy":"product_brand","embeddable":true,"href":"https:\/\/baldumarket.lt\/lt\/wp-json\/wp\/v2\/product_brand?post=330448"},{"taxonomy":"product_cat","embeddable":true,"href":"https:\/\/baldumarket.lt\/lt\/wp-json\/wp\/v2\/product_cat?post=330448"},{"taxonomy":"product_tag","embeddable":true,"href":"https:\/\/baldumarket.lt\/lt\/wp-json\/wp\/v2\/product_tag?post=330448"}],"curies":[{"name":"wp","href":"https:\/\/api.w.org\/{rel}","templated":true}]}}