{"id":330444,"date":"2026-01-16T22:55:47","date_gmt":"2026-01-16T19:55:47","guid":{"rendered":"https:\/\/baldumarket.lt\/product\/szafa-z-lustrem-simi-gb-180-cm-dab-artisan-czarny-minimalistyczny-design-klasyczna-forma-idealna-szafa-do-garderoby-sypialni-lub-przedpokoju\/"},"modified":"2026-02-11T18:01:23","modified_gmt":"2026-02-11T15:01:23","slug":"szafa-z-lustrem-simi-gb-180-cm-dab-artisan-czarny-minimalistyczny-design-klasyczna-forma-idealna-szafa-do-garderoby-sypialni-lub-przedpokoju","status":"publish","type":"product","link":"https:\/\/baldumarket.lt\/lt\/product\/szafa-z-lustrem-simi-gb-180-cm-dab-artisan-czarny-minimalistyczny-design-klasyczna-forma-idealna-szafa-do-garderoby-sypialni-lub-przedpokoju\/","title":{"rendered":"Simi GB veidrodin\u0117 spinta, 180 cm, \u201eArtisan Oak\u201c \/ juoda, minimalistinis dizainas, klasikin\u0117 forma, puikiai tinka miegamajam ar prie\u0161kambariui"},"content":{"rendered":"<p>Veidrodin\u0117 \u201eSimi\u201c spinta i\u0161 meni\u0161ko \u0105\u017euolo \/ juodos spalvos puikiai papildys bet kok\u012f interjer\u0105.<br \/>\n\u201eSimi\u201c kolekcijos spinta \u2013 patrauklus miegamojo ar persirengimo kambario baldas. \u012edomus \u0161iltos medienos ir kontrastingos juodos spalvos derinys suteikia interjerui \u0161ilumos ir estetinio patrauklumo. I\u0161skirtiniai spintos elementai \u2013 cokolio formos baldai ir patvar\u016bs, 32 mm storio stalvir\u0161iai. Veidrodin\u0117 spinta suteiks miegamajam stiling\u0105 akcent\u0105 ir sukurs unikali\u0105 atmosfer\u0105. \u201eSimi\u201c spinta s\u0117kmingai papildys tiek klasikin\u012f, tiek modern\u0173 interjer\u0105.<br \/>\n\u201eSimi\u201c spinta yra padalinta \u012f sekcij\u0105 su dviem pakabos b\u0117geliais ir sekcij\u0105 su lentynomis. Viduje taip pat yra du erdv\u016bs i\u0161traukiami stal\u010diai ant ritinini\u0173 b\u0117geli\u0173. Spinta pagaminta i\u0161 auk\u0161tos kokyb\u0117s laminuotos plok\u0161t\u0117s, kuri yra atspari i\u0161oriniams veiksniams, tokiems kaip \u012flenkimai, sm\u016bgiai ir \u012fbr\u0117\u017eimai. Stilingos juodos ranken\u0117l\u0117s ant spintos dureli\u0173 suteikia elegancijos, be to, jos atlieka pagrindin\u0119 funkcij\u0105.<br \/>\n\u201eSimi\u201c spinta tinka tiek ma\u017eiems, tiek dideliems interjerams.<br \/>\nSpinta turi keturias varstomas duris. Vidurin\u0117s durys apdailintos dideliu veidrod\u017eiu. Spinta garantuoja patog\u0173 ir be r\u016bpes\u010di\u0173 naudojim\u0105 bei viso baldo patvarum\u0105 daugel\u012f met\u0173. Paprastas dizainas daro \u0161i\u0105 spint\u0105 puikiu pasirinkimu vaiko kambariui, miegamojo spintai arba prie\u0161kambario spintai. \u201eSimi\u201c spinta taip pat puikiai tinka vaik\u0173 kambariui. Ji taip pat puikiai tinka kaip prie\u0161kambario spinta.<br \/>\nDrabu\u017ei\u0173 spintos matmenys:<br \/>\n\u016agis: 215 cm<br \/>\nPlotis: 180 cm<br \/>\nGylis: 60 cm<\/p>","protected":false},"excerpt":{"rendered":"<p>plotis: 180 cm<br \/>\nauk\u0161tis: 215 cm<br \/>\ngylis: 60 cm<\/p>","protected":false},"featured_media":330445,"comment_status":"open","ping_status":"open","template":"","meta":[],"product_brand":[],"product_cat":[9235,1177],"product_tag":[],"class_list":{"0":"post-330444","1":"product","2":"type-product","3":"status-publish","4":"has-post-thumbnail","6":"product_cat-gib-meble","7":"product_cat-wardrobes","9":"first","10":"instock","11":"purchasable","12":"product-type-simple"},"_links":{"self":[{"href":"https:\/\/baldumarket.lt\/lt\/wp-json\/wp\/v2\/product\/330444","targetHints":{"allow":["GET"]}}],"collection":[{"href":"https:\/\/baldumarket.lt\/lt\/wp-json\/wp\/v2\/product"}],"about":[{"href":"https:\/\/baldumarket.lt\/lt\/wp-json\/wp\/v2\/types\/product"}],"replies":[{"embeddable":true,"href":"https:\/\/baldumarket.lt\/lt\/wp-json\/wp\/v2\/comments?post=330444"}],"wp:featuredmedia":[{"embeddable":true,"href":"https:\/\/baldumarket.lt\/lt\/wp-json\/wp\/v2\/media\/330445"}],"wp:attachment":[{"href":"https:\/\/baldumarket.lt\/lt\/wp-json\/wp\/v2\/media?parent=330444"}],"wp:term":[{"taxonomy":"product_brand","embeddable":true,"href":"https:\/\/baldumarket.lt\/lt\/wp-json\/wp\/v2\/product_brand?post=330444"},{"taxonomy":"product_cat","embeddable":true,"href":"https:\/\/baldumarket.lt\/lt\/wp-json\/wp\/v2\/product_cat?post=330444"},{"taxonomy":"product_tag","embeddable":true,"href":"https:\/\/baldumarket.lt\/lt\/wp-json\/wp\/v2\/product_tag?post=330444"}],"curies":[{"name":"wp","href":"https:\/\/api.w.org\/{rel}","templated":true}]}}