{"id":330437,"date":"2026-01-16T22:55:41","date_gmt":"2026-01-16T19:55:41","guid":{"rendered":"https:\/\/baldumarket.lt\/product\/zestaw-mebli-do-sypialni-simi-gb-dab-artisan-czarny-nowoczesny-design-komplet-mebli-do-sypialni-wykonanie-z-wysokiej-jakosci-plyty-laminowanej-2\/"},"modified":"2026-02-11T18:01:23","modified_gmt":"2026-02-11T15:01:23","slug":"zestaw-mebli-do-sypialni-simi-gb-dab-artisan-czarny-nowoczesny-design-komplet-mebli-do-sypialni-wykonanie-z-wysokiej-jakosci-plyty-laminowanej-2","status":"publish","type":"product","link":"https:\/\/baldumarket.lt\/lt\/product\/zestaw-mebli-do-sypialni-simi-gb-dab-artisan-czarny-nowoczesny-design-komplet-mebli-do-sypialni-wykonanie-z-wysokiej-jakosci-plyty-laminowanej-2\/","title":{"rendered":"Simi GB Artisan \u0105\u017euolo \/ juodo miegamojo bald\u0173 komplektas. Modernaus dizaino miegamojo bald\u0173 komplektas, i\u0161 auk\u0161tos kokyb\u0117s laminuotos plok\u0161t\u0117s"},"content":{"rendered":"<p>\u201eSimi\u201c miegamojo bald\u0173 komplektas i\u0161 meni\u0161ko \u0105\u017euolo \/ juodos spalvos \u2013 puikus baldas miegamajam arba jaunimo kambariui apstatyti.<br \/>\n\u201eSimi\u201c miegamojo bald\u0173 komplektas si\u016blo patrauklius miegamojo baldus bet kokiam stiliui. \u012edomus \u0161ilto med\u017eio dekoro ir kontrastingos juodos spalvos derinys suteikia interjerui \u0161ilumos ir estetinio patrauklumo. B\u016bdingi miegamojo bald\u0173 elementai yra cokolio formos, kurios sudaro bald\u0173 pagrind\u0105, ir patvar\u016bs 32 mm storio stalvir\u0161iai. \u201eSimi\u201c baldai suteiks kambariui stiling\u0105 u\u017ebaigtum\u0105 ir unikali\u0105 atmosfer\u0105. \u201eSimi\u201c kolekcija s\u0117kmingai papildys tiek klasikin\u012f, tiek modern\u0173 interjer\u0105.<br \/>\nBaldai pagaminti i\u0161 auk\u0161tos kokyb\u0117s laminuotos plok\u0161t\u0117s, kuri yra atspari i\u0161oriniams veiksniams, tokiems kaip \u012flenkimai, sm\u016bgiai ir \u012fbr\u0117\u017eimai. Juodos rankenos stilingai u\u017ebaigia bald\u0173 fasadus, kurie, be savo pagrindin\u0117s funkcijos, suteikia i\u0161skirtinai skoning\u0105 i\u0161vaizd\u0105. Lovos dizainas su dizainerio sukurtu, apmu\u0161tu galv\u016bgaliu u\u017etikrina didel\u012f stabilum\u0105 ir komfort\u0105. Lova apr\u016bpinta stabiliu metaliniu r\u0117mu su automatin\u0117mis oro spyruokl\u0117mis ir prakti\u0161ka patalyn\u0117s d\u0117\u017ee.<br \/>\nSimi baldai tinka tiek ma\u017eiems, tiek dideliems kambariams.<br \/>\n\u201eSimi\u201c miegamojo bald\u0173 komplektas garantuoja nepriekai\u0161ting\u0105 naudojim\u0105 ir kiekvieno baldo patvarum\u0105 daugel\u012f met\u0173. \u0104\u017euolo spalva su juodu dekoru puikiai dera su kitomis spalvomis, tod\u0117l \u201eSimi\u201c baldai yra idealus miegamojo komplektas arba baldas paauglio kambariui.<br \/>\nBald\u0173 komplekt\u0105 sudaro:<br \/>\ndviej\u0173 dur\u0173 spinta<br \/>\nauk\u0161tis: 215 cm<br \/>\nplotis: 90 cm<br \/>\ngylis: 60 cm<br \/>\nkomoda<br \/>\nauk\u0161tis: 90 cm<br \/>\nplotis: 135 cm<br \/>\ngylis: 40 cm<br \/>\nnaktinis staliukas<br \/>\nauk\u0161tis: 46 cm<br \/>\nplotis: 45 cm<br \/>\ngylis: 40 cm<br \/>\nlova su daiktad\u0117\u017ee<br \/>\nauk\u0161tis: 116,5 cm<br \/>\nplotis: 167 cm<br \/>\ngylis: 217 cm<br \/>\nPastaba: \u010diu\u017einys \u012f komplekt\u0105 ne\u012fskai\u010diuotas<\/p>","protected":false},"excerpt":{"rendered":"<p>The Simi bedroom furniture set in artisan oak\/black is the perfect piece for furnishing a bedroom or youth room. The Simi bedroom furniture set offers attractive bedroom furniture for any style. The interesting combination of warm wood decor and contrasting black adds warmth and aesthetic appeal to the interior. Characteristic elements of the bedroom furniture [&hellip;]<\/p>","protected":false},"featured_media":330438,"comment_status":"open","ping_status":"open","template":"","meta":[],"product_brand":[],"product_cat":[9235,9134],"product_tag":[],"class_list":{"0":"post-330437","1":"product","2":"type-product","3":"status-publish","4":"has-post-thumbnail","6":"product_cat-gib-meble","7":"product_cat-bedroom-sets","9":"first","10":"instock","11":"purchasable","12":"product-type-simple"},"_links":{"self":[{"href":"https:\/\/baldumarket.lt\/lt\/wp-json\/wp\/v2\/product\/330437","targetHints":{"allow":["GET"]}}],"collection":[{"href":"https:\/\/baldumarket.lt\/lt\/wp-json\/wp\/v2\/product"}],"about":[{"href":"https:\/\/baldumarket.lt\/lt\/wp-json\/wp\/v2\/types\/product"}],"replies":[{"embeddable":true,"href":"https:\/\/baldumarket.lt\/lt\/wp-json\/wp\/v2\/comments?post=330437"}],"wp:featuredmedia":[{"embeddable":true,"href":"https:\/\/baldumarket.lt\/lt\/wp-json\/wp\/v2\/media\/330438"}],"wp:attachment":[{"href":"https:\/\/baldumarket.lt\/lt\/wp-json\/wp\/v2\/media?parent=330437"}],"wp:term":[{"taxonomy":"product_brand","embeddable":true,"href":"https:\/\/baldumarket.lt\/lt\/wp-json\/wp\/v2\/product_brand?post=330437"},{"taxonomy":"product_cat","embeddable":true,"href":"https:\/\/baldumarket.lt\/lt\/wp-json\/wp\/v2\/product_cat?post=330437"},{"taxonomy":"product_tag","embeddable":true,"href":"https:\/\/baldumarket.lt\/lt\/wp-json\/wp\/v2\/product_tag?post=330437"}],"curies":[{"name":"wp","href":"https:\/\/api.w.org\/{rel}","templated":true}]}}