{"id":330427,"date":"2026-01-16T22:55:34","date_gmt":"2026-01-16T19:55:34","guid":{"rendered":"https:\/\/baldumarket.lt\/product\/lozko-simi-gb-160x200-cm-z-pojemnikiem-na-posciel-dab-artisan-czarny-idealne-lozko-do-sypialni-obrzeza-wykonczone-okleina-abs-designerski-tapicerowany-zaglowek\/"},"modified":"2026-02-11T18:01:23","modified_gmt":"2026-02-11T15:01:23","slug":"lozko-simi-gb-160x200-cm-z-pojemnikiem-na-posciel-dab-artisan-czarny-idealne-lozko-do-sypialni-obrzeza-wykonczone-okleina-abs-designerski-tapicerowany-zaglowek","status":"publish","type":"product","link":"https:\/\/baldumarket.lt\/lt\/product\/lozko-simi-gb-160x200-cm-z-pojemnikiem-na-posciel-dab-artisan-czarny-idealne-lozko-do-sypialni-obrzeza-wykonczone-okleina-abs-designerski-tapicerowany-zaglowek\/","title":{"rendered":"Simi GB lova 160\u00d7200 cm su patalyn\u0117s d\u0117\u017ee, dirbtinio \u0105\u017euolo\/juodos spalvos, puikiai tinka miegamajam, kra\u0161tai apklijuoti ABS fanera, dizainerio aptrauktas galv\u016bgalis"},"content":{"rendered":"<p>Simi lova su vieta daiktams laikyti \u2013 modernus ir stilingas sprendimas bet kuriam miegamajam.<br \/>\n\u201eSimi\u201c lova \u2013 patrauklus ir funkcionalus baldas bet kuriam miegamajam. \u012edomus \u0161iltos medienos ir kontrastingos juodos spalvos derinys suteikia interjerui \u0161ilumos ir estetinio patrauklumo. Dizainerio sukurtas, apmu\u0161tas galv\u016bgalis, pagamintas i\u0161 mink\u0161to juodo pinto audinio, yra ak\u012f traukiantis elementas. Apmu\u0161tas atlo\u0161as suteikia lovai dar vien\u0105 funkcij\u0105. Ant lovos galite patogiai s\u0117d\u0117ti, pavyzd\u017eiui, \u017ei\u016br\u0117dami televizori\u0173, dirbdami ne\u0161iojamuoju kompiuteriu ar skaitydami knygas. Lova turi stabil\u0173 metalin\u012f r\u0117m\u0105 su pneumatin\u0117mis spyruokl\u0117mis ir prakti\u0161k\u0105 patalyn\u0117s laikymo skyri\u0173.<br \/>\nLovos r\u0117mas, apdailintas dirbtinio \u0105\u017euolo apdaila, pagamintas i\u0161 auk\u0161tos kokyb\u0117s laminuotos plok\u0161t\u0117s, atsparios i\u0161oriniams veiksniams, tokiems kaip \u012fbr\u0117\u017eimai, \u012fbr\u0117\u017eimai ir \u012fbr\u0117\u017eimai. I\u0161skirtiniai lovos bruo\u017eai \u2013 juodos spalvos cokolin\u0117s dalys, pagamintos i\u0161 32 mm storio plok\u0161t\u0117s, sudaran\u010dios baldo pagrind\u0105, ir dizainerio sukurtos lovos galv\u016bgalis.<br \/>\n\u201eSimi\u201c kolekcija tinka tiek ma\u017eiems, tiek dideliems interjerams.<br \/>\n\u201eSimi\u201c lova garantuoja patog\u0173 ir be r\u016bpes\u010di\u0173 naudojim\u0105 bei ilgaam\u017ei\u0161kum\u0105 daugel\u012f met\u0173. \u012edomus \u0161ilto med\u017eio dekoro ir kontrastingos juodos lovos galv\u016bgalio derinys suteiks kambariui unikal\u0173 charakter\u012f. D\u0117l optimali\u0173 matmen\u0173 lova su daiktad\u0117\u017ee puikiai tiks kaip miegamojo lova arba jaunimo lova paauglio kambaryje.<br \/>\nMatmenys:<br \/>\n\u016agis: 116,5 cm<br \/>\nPlotis: 167 cm<br \/>\nGylis: 217 cm<br \/>\nMiegamoji erdv\u0117: 160 \u00d7 200 cm<\/p>","protected":false},"excerpt":{"rendered":"<p>plotis: 167 cm<br \/>\nauk\u0161tis: 116,5 cm<br \/>\ngylis: 217 cm<br \/>\nMiegamoji erdv\u0117: 160 \u00d7 200 cm<\/p>","protected":false},"featured_media":330428,"comment_status":"open","ping_status":"open","template":"","meta":[],"product_brand":[],"product_cat":[9235,505],"product_tag":[],"class_list":{"0":"post-330427","1":"product","2":"type-product","3":"status-publish","4":"has-post-thumbnail","6":"product_cat-gib-meble","7":"product_cat-bedroom-beds","9":"first","10":"instock","11":"purchasable","12":"product-type-simple"},"_links":{"self":[{"href":"https:\/\/baldumarket.lt\/lt\/wp-json\/wp\/v2\/product\/330427","targetHints":{"allow":["GET"]}}],"collection":[{"href":"https:\/\/baldumarket.lt\/lt\/wp-json\/wp\/v2\/product"}],"about":[{"href":"https:\/\/baldumarket.lt\/lt\/wp-json\/wp\/v2\/types\/product"}],"replies":[{"embeddable":true,"href":"https:\/\/baldumarket.lt\/lt\/wp-json\/wp\/v2\/comments?post=330427"}],"wp:featuredmedia":[{"embeddable":true,"href":"https:\/\/baldumarket.lt\/lt\/wp-json\/wp\/v2\/media\/330428"}],"wp:attachment":[{"href":"https:\/\/baldumarket.lt\/lt\/wp-json\/wp\/v2\/media?parent=330427"}],"wp:term":[{"taxonomy":"product_brand","embeddable":true,"href":"https:\/\/baldumarket.lt\/lt\/wp-json\/wp\/v2\/product_brand?post=330427"},{"taxonomy":"product_cat","embeddable":true,"href":"https:\/\/baldumarket.lt\/lt\/wp-json\/wp\/v2\/product_cat?post=330427"},{"taxonomy":"product_tag","embeddable":true,"href":"https:\/\/baldumarket.lt\/lt\/wp-json\/wp\/v2\/product_tag?post=330427"}],"curies":[{"name":"wp","href":"https:\/\/api.w.org\/{rel}","templated":true}]}}