{"id":330421,"date":"2026-01-16T22:55:29","date_gmt":"2026-01-16T19:55:29","guid":{"rendered":"https:\/\/baldumarket.lt\/product\/biurko-memone-110-cm-dab-zloty-bialy-grafitowy-idealne-biurko-pokoju-mlodziezowego-lub-domowego-biura-w-stylu-skandynawskim\/"},"modified":"2026-02-11T18:01:23","modified_gmt":"2026-02-11T15:01:23","slug":"biurko-memone-110-cm-dab-zloty-bialy-grafitowy-idealne-biurko-pokoju-mlodziezowego-lub-domowego-biura-w-stylu-skandynawskim","status":"publish","type":"product","link":"https:\/\/baldumarket.lt\/lt\/product\/biurko-memone-110-cm-dab-zloty-bialy-grafitowy-idealne-biurko-pokoju-mlodziezowego-lub-domowego-biura-w-stylu-skandynawskim\/","title":{"rendered":"\u201eMemone\u201c ra\u0161omasis stalas, 110 cm, auksinio \u0105\u017euolo \/ baltos \/ grafito spalvos, puikus stalas jaunimo kambariui ar nam\u0173 biurui skandinavi\u0161ko stiliaus"},"content":{"rendered":"<p>\u201eMemone\u201c ra\u0161omasis stalas yra itin funkcionalus baldas, kuris tiks prie daugelio interjer\u0173.<br \/>\n\u201eMemone\u201c ra\u0161omasis stalas pasi\u017eymi skandinavi\u0161ku stiliumi ir madinga spalv\u0173 gama su prislopintais atspalviais, tod\u0117l puikiai tinka jaunesnio vaiko ar paauglio kambariui. \u0104\u017euolo r\u0117mo ir balt\u0173 bei grafito fasad\u0173 derinys sukuria modern\u0173 ir unikal\u0173 interjer\u0105. Subtil\u016bs \u012fdubimai fasaduose suteikia original\u0173 ir i\u0161skirtin\u012f dekoratyvin\u012f element\u0105. Juodos metalin\u0117s ranken\u0117l\u0117s su kra\u0161tais stilingai papildo \u201eMemone\u201c kolekcijos fasadus.<br \/>\nStalas pagamintas i\u0161 auk\u0161tos kokyb\u0117s laminuotos plok\u0161t\u0117s, atsparios i\u0161oriniams veiksniams, tokiems kaip \u012flenkimai, sm\u016bgiai ir \u012fbr\u0117\u017eimai. Prakti\u0161kame stal\u010diuje telpa b\u016btini priedai. Erdvi spintel\u0117 leid\u017eia laikyti naudingus dokumentus ar knygas.<br \/>\nSkandinavi\u0161ko stiliaus \u201eMemone\u201c ra\u0161omasis stalas puikiai tiks daugelyje interjer\u0173. Stalas susideda i\u0161 stalvir\u0161io, vien\u0173 dureli\u0173 ir vieno stal\u010diaus. Stalo konstrukcij\u0105 laiko skandinavi\u0161ko stiliaus kojel\u0117s, pagamintos i\u0161 plastiko su \u0105\u017euolo apdaila. D\u0117l kompakti\u0161k\u0173 matmen\u0173 \u201eMemone\u201c skandinavi\u0161ki stalai puikiai tinka kaip nam\u0173 biuro stalai arba vaik\u0173 stalai. Stalas garantuoja patog\u0173 ir be r\u016bpes\u010di\u0173 naudojim\u0105 bei viso baldo patvarum\u0105 daugel\u012f met\u0173.<br \/>\nStalo matmenys:<br \/>\nAuk\u0161tis: 75 cm<br \/>\nPlotis: 110 cm<br \/>\nGylis: 50 cm<\/p>","protected":false},"excerpt":{"rendered":"<p>plotis: 110 cm<br \/>\nauk\u0161tis: 75 cm<br \/>\ngylis: 50 cm<\/p>","protected":false},"featured_media":330422,"comment_status":"open","ping_status":"open","template":"","meta":[],"product_brand":[],"product_cat":[9235,1312],"product_tag":[],"class_list":{"0":"post-330421","1":"product","2":"type-product","3":"status-publish","4":"has-post-thumbnail","6":"product_cat-gib-meble","7":"product_cat-desks","9":"first","10":"instock","11":"purchasable","12":"product-type-simple"},"_links":{"self":[{"href":"https:\/\/baldumarket.lt\/lt\/wp-json\/wp\/v2\/product\/330421","targetHints":{"allow":["GET"]}}],"collection":[{"href":"https:\/\/baldumarket.lt\/lt\/wp-json\/wp\/v2\/product"}],"about":[{"href":"https:\/\/baldumarket.lt\/lt\/wp-json\/wp\/v2\/types\/product"}],"replies":[{"embeddable":true,"href":"https:\/\/baldumarket.lt\/lt\/wp-json\/wp\/v2\/comments?post=330421"}],"wp:featuredmedia":[{"embeddable":true,"href":"https:\/\/baldumarket.lt\/lt\/wp-json\/wp\/v2\/media\/330422"}],"wp:attachment":[{"href":"https:\/\/baldumarket.lt\/lt\/wp-json\/wp\/v2\/media?parent=330421"}],"wp:term":[{"taxonomy":"product_brand","embeddable":true,"href":"https:\/\/baldumarket.lt\/lt\/wp-json\/wp\/v2\/product_brand?post=330421"},{"taxonomy":"product_cat","embeddable":true,"href":"https:\/\/baldumarket.lt\/lt\/wp-json\/wp\/v2\/product_cat?post=330421"},{"taxonomy":"product_tag","embeddable":true,"href":"https:\/\/baldumarket.lt\/lt\/wp-json\/wp\/v2\/product_tag?post=330421"}],"curies":[{"name":"wp","href":"https:\/\/api.w.org\/{rel}","templated":true}]}}