{"id":330402,"date":"2026-01-16T22:55:14","date_gmt":"2026-01-16T19:55:14","guid":{"rendered":"https:\/\/baldumarket.lt\/product\/lozko-memone-90x200-cm-dab-zloty-lozko-z-pojemnikiem-na-posciel-idealne-do-pokoju-dziecka-w-stylu-skandynawskim-tapicerowany-zaglowek\/"},"modified":"2026-02-11T18:01:24","modified_gmt":"2026-02-11T15:01:24","slug":"lozko-memone-90x200-cm-dab-zloty-lozko-z-pojemnikiem-na-posciel-idealne-do-pokoju-dziecka-w-stylu-skandynawskim-tapicerowany-zaglowek","status":"publish","type":"product","link":"https:\/\/baldumarket.lt\/lt\/product\/lozko-memone-90x200-cm-dab-zloty-lozko-z-pojemnikiem-na-posciel-idealne-do-pokoju-dziecka-w-stylu-skandynawskim-tapicerowany-zaglowek\/","title":{"rendered":"\u201eMemone\u201c lova, 90&#215;200 cm, auksinio \u0105\u017euolo spalvos, su patalyn\u0117s d\u0117\u017ee, puikiai tinkan\u010dia vaiko kambariui, su skandinavi\u0161ko stiliaus apmu\u0161tu galv\u016bgaliu"},"content":{"rendered":"<p>\u201eMemone\u201c lova su vieta daiktams laikyti \u2013 modernus ir stilingas sprendimas bet kuriam vaik\u0173 ar paaugli\u0173 kambariui.<br \/>\n\u201eMemone\u201c lova pasi\u017eymi skandinavi\u0161ku stiliumi ir madingomis spalvomis, tod\u0117l \u0161i viengul\u0117 lova puikiai tinka jaunesnio vaiko ar paauglio kambariui. \u0104\u017euolo spalvos lovos r\u0117mo ir apmu\u0161to galv\u016bgalio derinys sukuria modern\u0173 ir unikal\u0173 interjer\u0105. Apmu\u0161tas atlo\u0161as suteikia lovai dar vien\u0105 funkcij\u0105. Ant jo galite patogiai s\u0117d\u0117ti, pavyzd\u017eiui, mokydamiesi ar skaitydami. Lova turi stabil\u0173 medin\u012f r\u0117m\u0105 ir prakti\u0161k\u0105 patalyn\u0117s laikymo skyri\u0173.<br \/>\nAuksinio \u0105\u017euolo lovos r\u0117mas pagamintas i\u0161 auk\u0161tos kokyb\u0117s laminuotos plok\u0161t\u0117s, atsparios i\u0161oriniams veiksniams, tokiems kaip sumu\u0161imai, sm\u016bgiai ir \u012fbr\u0117\u017eimai. Apmu\u0161tas lovos galv\u016bgalis pasi\u017eymi i\u0161skirtiniu languotu ra\u0161tu, kuris traukia ak\u012f ir suteikia lovos charakteriui unikalumo.<br \/>\nSkandinavi\u0161ko stiliaus \u201eMemone\u201c lova der\u0117s prie \u012fvairi\u0173 bald\u0173 i\u0161d\u0117stym\u0173.<br \/>\nLovos konstrukcij\u0105 laiko skandinavi\u0161ko stiliaus kojel\u0117s, pagamintos i\u0161 plastiko su \u0105\u017euolo apdaila. \u201eMemone\u201c lova garantuoja patog\u0173 ir be r\u016bpes\u010di\u0173 naudojim\u0105 bei viso baldo patvarum\u0105 daugel\u012f met\u0173. D\u0117l optimali\u0173 matmen\u0173 lova su vieta daiktams laikyti puikiai tinka kaip viengul\u0117 lova paaugliui arba kaip vaiki\u0161ka lova.<br \/>\nLovos matmenys:<br \/>\nAuk\u0161tis: 90 cm<br \/>\nPlotis: 94,5 cm<br \/>\nIlgis: 204,5 cm<br \/>\nMiegamoji erdv\u0117: 90 \u00d7 200 cm<\/p>","protected":false},"excerpt":{"rendered":"<p>plotis: 94,5 cm<br \/>\nauk\u0161tis: 90 cm<br \/>\ngylis: 204,5 cm<br \/>\nMiegamoji erdv\u0117: 90 \u00d7 200 cm<\/p>","protected":false},"featured_media":330403,"comment_status":"open","ping_status":"open","template":"","meta":[],"product_brand":[],"product_cat":[9235,505],"product_tag":[],"class_list":{"0":"post-330402","1":"product","2":"type-product","3":"status-publish","4":"has-post-thumbnail","6":"product_cat-gib-meble","7":"product_cat-bedroom-beds","9":"first","10":"instock","11":"purchasable","12":"product-type-simple"},"_links":{"self":[{"href":"https:\/\/baldumarket.lt\/lt\/wp-json\/wp\/v2\/product\/330402","targetHints":{"allow":["GET"]}}],"collection":[{"href":"https:\/\/baldumarket.lt\/lt\/wp-json\/wp\/v2\/product"}],"about":[{"href":"https:\/\/baldumarket.lt\/lt\/wp-json\/wp\/v2\/types\/product"}],"replies":[{"embeddable":true,"href":"https:\/\/baldumarket.lt\/lt\/wp-json\/wp\/v2\/comments?post=330402"}],"wp:featuredmedia":[{"embeddable":true,"href":"https:\/\/baldumarket.lt\/lt\/wp-json\/wp\/v2\/media\/330403"}],"wp:attachment":[{"href":"https:\/\/baldumarket.lt\/lt\/wp-json\/wp\/v2\/media?parent=330402"}],"wp:term":[{"taxonomy":"product_brand","embeddable":true,"href":"https:\/\/baldumarket.lt\/lt\/wp-json\/wp\/v2\/product_brand?post=330402"},{"taxonomy":"product_cat","embeddable":true,"href":"https:\/\/baldumarket.lt\/lt\/wp-json\/wp\/v2\/product_cat?post=330402"},{"taxonomy":"product_tag","embeddable":true,"href":"https:\/\/baldumarket.lt\/lt\/wp-json\/wp\/v2\/product_tag?post=330402"}],"curies":[{"name":"wp","href":"https:\/\/api.w.org\/{rel}","templated":true}]}}