{"id":330397,"date":"2026-01-16T22:55:10","date_gmt":"2026-01-16T19:55:10","guid":{"rendered":"https:\/\/baldumarket.lt\/product\/polka-memone-100-cm-dab-zloty-bialy-grafitowy-nowoczesna-i-praktyczna-funkcjonalny-mebel-do-pokoju-mlodziezowego-lub-biura\/"},"modified":"2026-02-11T18:01:24","modified_gmt":"2026-02-11T15:01:24","slug":"polka-memone-100-cm-dab-zloty-bialy-grafitowy-nowoczesna-i-praktyczna-funkcjonalny-mebel-do-pokoju-mlodziezowego-lub-biura","status":"publish","type":"product","link":"https:\/\/baldumarket.lt\/lt\/product\/polka-memone-100-cm-dab-zloty-bialy-grafitowy-nowoczesna-i-praktyczna-funkcjonalny-mebel-do-pokoju-mlodziezowego-lub-biura\/","title":{"rendered":"\u201eMemone\u201c lentyna, 100 cm, auksinio \u0105\u017euolo \/ baltos \/ grafito spalvos, modernus ir prakti\u0161kas funkcionalus baldas jaunimo kambariui ar biurui"},"content":{"rendered":"<p>100 cm Memone lentyna yra itin funkcionalus baldas, kuris tiks prie daugelio i\u0161d\u0117stym\u0173.<br \/>\n\u201eMemone\u201c lentyna sukurta moderniu stiliumi. Lentyna pasi\u017eymi madinga spalv\u0173 gama, prislopintais atspalviais, tod\u0117l tinka tiek vaiko, tiek paauglio kambariui. Auksinio \u0105\u017euolo derinys su baltais ir grafito akcentais sukuria modern\u0173 ir unikal\u0173 interjer\u0105. Sienin\u0117s lentynos leid\u017eia subtiliai eksponuoti aksesuarus. Kruop\u0161\u010diai pagaminta, atkreipiant d\u0117mes\u012f \u012f kiekvien\u0105 detal\u0119, ji u\u017etikrina didel\u012f atsparum\u0105 i\u0161or\u0117s veiksniams.<br \/>\n\u201eMemone\u201c lentyna tiks \u012fvairiems i\u0161d\u0117stymams.<br \/>\nLentyna garantuoja patog\u0173 ir be r\u016bpes\u010di\u0173 naudojim\u0105 bei viso baldo patvarum\u0105 daugel\u012f met\u0173. \u0160ilta \u0105\u017euolo spalva puikiai dera su kitomis spalvomis, tod\u0117l pakabinamos lentynos i\u0161 \u201eMemone\u201c kolekcijos puikiai tinka kaip knyg\u0173 lentyna ar biuro baldas.<br \/>\nLentynos matmenys:<br \/>\nAuk\u0161tis: 30 cm<br \/>\nPlotis: 100 cm<br \/>\nGylis: 22 cm<\/p>","protected":false},"excerpt":{"rendered":"<p>plotis: 100 cm<br \/>\nauk\u0161tis: 30 cm<br \/>\ngylis: 22 cm<\/p>","protected":false},"featured_media":330398,"comment_status":"open","ping_status":"open","template":"","meta":[],"product_brand":[],"product_cat":[9235,1174],"product_tag":[],"class_list":{"0":"post-330397","1":"product","2":"type-product","3":"status-publish","4":"has-post-thumbnail","6":"product_cat-gib-meble","7":"product_cat-hanging-shelves","9":"first","10":"instock","11":"purchasable","12":"product-type-simple"},"_links":{"self":[{"href":"https:\/\/baldumarket.lt\/lt\/wp-json\/wp\/v2\/product\/330397","targetHints":{"allow":["GET"]}}],"collection":[{"href":"https:\/\/baldumarket.lt\/lt\/wp-json\/wp\/v2\/product"}],"about":[{"href":"https:\/\/baldumarket.lt\/lt\/wp-json\/wp\/v2\/types\/product"}],"replies":[{"embeddable":true,"href":"https:\/\/baldumarket.lt\/lt\/wp-json\/wp\/v2\/comments?post=330397"}],"wp:featuredmedia":[{"embeddable":true,"href":"https:\/\/baldumarket.lt\/lt\/wp-json\/wp\/v2\/media\/330398"}],"wp:attachment":[{"href":"https:\/\/baldumarket.lt\/lt\/wp-json\/wp\/v2\/media?parent=330397"}],"wp:term":[{"taxonomy":"product_brand","embeddable":true,"href":"https:\/\/baldumarket.lt\/lt\/wp-json\/wp\/v2\/product_brand?post=330397"},{"taxonomy":"product_cat","embeddable":true,"href":"https:\/\/baldumarket.lt\/lt\/wp-json\/wp\/v2\/product_cat?post=330397"},{"taxonomy":"product_tag","embeddable":true,"href":"https:\/\/baldumarket.lt\/lt\/wp-json\/wp\/v2\/product_tag?post=330397"}],"curies":[{"name":"wp","href":"https:\/\/api.w.org\/{rel}","templated":true}]}}