{"id":330390,"date":"2026-01-16T22:55:04","date_gmt":"2026-01-16T19:55:04","guid":{"rendered":"https:\/\/baldumarket.lt\/product\/regal-memone-60-cm-dab-zloty-bialy-grafitowy-idealny-regal-do-pokoju-mlodziezowego-lub-pokoju-dziecka-w-stylu-skandynawskim\/"},"modified":"2026-02-11T18:01:24","modified_gmt":"2026-02-11T15:01:24","slug":"regal-memone-60-cm-dab-zloty-bialy-grafitowy-idealny-regal-do-pokoju-mlodziezowego-lub-pokoju-dziecka-w-stylu-skandynawskim","status":"publish","type":"product","link":"https:\/\/baldumarket.lt\/lt\/product\/regal-memone-60-cm-dab-zloty-bialy-grafitowy-idealny-regal-do-pokoju-mlodziezowego-lub-pokoju-dziecka-w-stylu-skandynawskim\/","title":{"rendered":"\u201eMemone\u201c lentyna, 60 cm, auksinio \u0105\u017euolo \/ baltos \/ grafito spalvos, puikiai tinka paauglio arba vaiko kambariui skandinavi\u0161ko stiliaus"},"content":{"rendered":"<p>\u201eMemone\u201c 60 cm knyg\u0173 lentyna su stal\u010diumi yra i\u0161skirtinai funkcionalus baldas, kuris tiks daugelyje interjer\u0173.<br \/>\n\u201eMemone\u201c knyg\u0173 lentyna su stal\u010diumi pasi\u017eymi skandinavi\u0161ku stiliumi ir madinga spalv\u0173 gama prislopintais atspalviais, tod\u0117l puikiai tinka jaunesnio vaiko ar paauglio kambariui. \u0104\u017euolo korpuso ir balt\u0173 bei grafito fasad\u0173 derinys sukuria modern\u0173 ir unikal\u0173 interjer\u0105. Subtil\u016bs \u012fdubimai fasaduose suteikia original\u0173 ir i\u0161skirtin\u012f dekoratyvin\u012f akcent\u0105. Juodos metalin\u0117s ranken\u0117l\u0117s su kra\u0161tais stilingai papildo \u201eMemone\u201c kolekcijos fasadus.<br \/>\nKnyg\u0173 lentyna pagaminta i\u0161 auk\u0161tos kokyb\u0117s laminuotos plok\u0161t\u0117s, atsparios i\u0161oriniams veiksniams, tokiems kaip \u012flenkimai, sm\u016bgiai ir \u012fbr\u0117\u017eimai. Erdvus stal\u010dius ir u\u017erakinama spintel\u0117 tilps visi j\u016bs\u0173 daiktai ir b\u016btini priedai. Atviros lentynos yra puiki vieta vadov\u0117liams ar m\u0117gstamoms knygoms.<br \/>\nSkandinavi\u0161ko stiliaus knyg\u0173 lentyna \u201eMemone\u201c puikiai tiks \u012fvairiose aplinkose.<br \/>\nKnyg\u0173 spinta turi vienas dureles, vien\u0105 stal\u010di\u0173 ir atviras lentynas. Knyg\u0173 spintos konstrukcij\u0105 laiko skandinavi\u0161ko stiliaus kojel\u0117s, pagamintos i\u0161 plastiko su \u0105\u017euolo apdaila. \u0160ios vaik\u0173 kambari\u0173 knyg\u0173 lentynos garantuoja patog\u0173 ir be r\u016bpes\u010di\u0173 naudojim\u0105 bei viso baldo patvarum\u0105 daugel\u012f met\u0173. \u0104\u017euolo spalva su kontrastinga grafito ir balta puikiai dera su kitomis spalvomis, tod\u0117l \u2019Memone\u2019 knyg\u0173 lentynos puikiai tinka tiek berniuk\u0173, tiek mergai\u010di\u0173 kambariams. Knyg\u0173 lentyna taip pat puikiai tinka kaip biuro baldas.<br \/>\nKnyg\u0173 lentynos matmenys:<br \/>\nAuk\u0161tis: 200 cm<br \/>\nPlotis: 60 cm<br \/>\nGylis: 40 cm<\/p>","protected":false},"excerpt":{"rendered":"<p>plotis: 60 cm<br \/>\nauk\u0161tis: 200 cm<br \/>\ngylis: 40 cm<\/p>","protected":false},"featured_media":330391,"comment_status":"open","ping_status":"open","template":"","meta":[],"product_brand":[],"product_cat":[9235,1177],"product_tag":[],"class_list":{"0":"post-330390","1":"product","2":"type-product","3":"status-publish","4":"has-post-thumbnail","6":"product_cat-gib-meble","7":"product_cat-wardrobes","9":"first","10":"instock","11":"purchasable","12":"product-type-simple"},"_links":{"self":[{"href":"https:\/\/baldumarket.lt\/lt\/wp-json\/wp\/v2\/product\/330390","targetHints":{"allow":["GET"]}}],"collection":[{"href":"https:\/\/baldumarket.lt\/lt\/wp-json\/wp\/v2\/product"}],"about":[{"href":"https:\/\/baldumarket.lt\/lt\/wp-json\/wp\/v2\/types\/product"}],"replies":[{"embeddable":true,"href":"https:\/\/baldumarket.lt\/lt\/wp-json\/wp\/v2\/comments?post=330390"}],"wp:featuredmedia":[{"embeddable":true,"href":"https:\/\/baldumarket.lt\/lt\/wp-json\/wp\/v2\/media\/330391"}],"wp:attachment":[{"href":"https:\/\/baldumarket.lt\/lt\/wp-json\/wp\/v2\/media?parent=330390"}],"wp:term":[{"taxonomy":"product_brand","embeddable":true,"href":"https:\/\/baldumarket.lt\/lt\/wp-json\/wp\/v2\/product_brand?post=330390"},{"taxonomy":"product_cat","embeddable":true,"href":"https:\/\/baldumarket.lt\/lt\/wp-json\/wp\/v2\/product_cat?post=330390"},{"taxonomy":"product_tag","embeddable":true,"href":"https:\/\/baldumarket.lt\/lt\/wp-json\/wp\/v2\/product_tag?post=330390"}],"curies":[{"name":"wp","href":"https:\/\/api.w.org\/{rel}","templated":true}]}}