{"id":330383,"date":"2026-01-16T22:54:59","date_gmt":"2026-01-16T19:54:59","guid":{"rendered":"https:\/\/baldumarket.lt\/product\/regal-z-drzwiami-memone-80-cm-dab-zloty-bialy-grafitowy-idealny-regal-do-pokoju-mlodziezowego-lub-pokoju-dziecka-w-stylu-skandynawskim\/"},"modified":"2026-02-11T18:01:24","modified_gmt":"2026-02-11T15:01:24","slug":"regal-z-drzwiami-memone-80-cm-dab-zloty-bialy-grafitowy-idealny-regal-do-pokoju-mlodziezowego-lub-pokoju-dziecka-w-stylu-skandynawskim","status":"publish","type":"product","link":"https:\/\/baldumarket.lt\/lt\/product\/regal-z-drzwiami-memone-80-cm-dab-zloty-bialy-grafitowy-idealny-regal-do-pokoju-mlodziezowego-lub-pokoju-dziecka-w-stylu-skandynawskim\/","title":{"rendered":"\u201eMemone\u201c knyg\u0173 lentyna su durel\u0117mis, 80 cm, auksinio \u0105\u017euolo \/ baltos \/ grafito spalvos, idealiai tinka paauglio arba vaiko kambariui skandinavi\u0161ko stiliaus"},"content":{"rendered":"<p>\u201eMemone\u201c 80 cm knyg\u0173 lentyna su durel\u0117mis yra i\u0161skirtinai funkcionalus baldas, kuris tiks daugelyje interjer\u0173.<br \/>\n\u201eMemone\u201c knyg\u0173 lentyna pasi\u017eymi skandinavi\u0161ku stiliumi ir madinga spalv\u0173 gama prislopintais atspalviais, tod\u0117l puikiai tinka jaunesnio vaiko ar paauglio kambariui. \u0104\u017euolo korpuso ir balt\u0173 bei grafito fasad\u0173 derinys sukuria modern\u0173 ir unikal\u0173 interjer\u0105. Subtil\u016bs \u012fdubimai fasaduose suteikia original\u0173 ir i\u0161skirtin\u012f dekoratyvin\u012f akcent\u0105. Juodos metalin\u0117s ranken\u0117l\u0117s su kra\u0161tais stilingai papildo \u201eMemone\u201c kolekcijos fasadus.<br \/>\nKnyg\u0173 lentyna pagaminta i\u0161 auk\u0161tos kokyb\u0117s laminuotos plok\u0161t\u0117s, atsparios i\u0161oriniams veiksniams, tokiems kaip \u012flenkimai, sm\u016bgiai ir \u012fbr\u0117\u017eimai. Rakinamos spintel\u0117s suteikia daug vietos visiems j\u016bs\u0173 daiktams ir b\u016btiniausiems priedams laikyti. Atviros lentynos puikiai tinka vadov\u0117liams ar m\u0117gstamoms knygoms. Skandinavi\u0161ko stiliaus \u201eMemone\u201c knyg\u0173 lentyna puikiai tiks \u012fvairiose aplinkose.<br \/>\nKnyg\u0173 spinta turi tris dureles ir atviras lentynas. Knyg\u0173 lentynos konstrukcij\u0105 laiko skandinavi\u0161ko stiliaus kojel\u0117s, pagamintos i\u0161 plastiko su \u0105\u017euolo apdaila. \u0160ios vaik\u0173 kambari\u0173 knyg\u0173 lentynos garantuoja patog\u0173 ir be r\u016bpes\u010di\u0173 naudojim\u0105 bei viso baldo patvarum\u0105 daugel\u012f met\u0173. \u0104\u017euolo spalva su kontrastinga grafito ir balta gra\u017eiai dera su kitomis spalvomis, tod\u0117l \u2019Memone\u2019 knyg\u0173 lentynos puikiai tinka tiek berniuk\u0173, tiek mergai\u010di\u0173 kambariui. Knyg\u0173 lentyna taip pat puikiai tinka kaip biuro baldas.<br \/>\nKnyg\u0173 lentynos matmenys:<br \/>\nAuk\u0161tis: 200 cm<br \/>\nPlotis: 80 cm<br \/>\nGylis: 40 cm<\/p>","protected":false},"excerpt":{"rendered":"<p>plotis: 80 cm<br \/>\nauk\u0161tis: 200 cm<br \/>\ngylis: 40 cm<\/p>","protected":false},"featured_media":330384,"comment_status":"open","ping_status":"open","template":"","meta":[],"product_brand":[],"product_cat":[9235,1177],"product_tag":[],"class_list":{"0":"post-330383","1":"product","2":"type-product","3":"status-publish","4":"has-post-thumbnail","6":"product_cat-gib-meble","7":"product_cat-wardrobes","9":"first","10":"instock","11":"purchasable","12":"product-type-simple"},"_links":{"self":[{"href":"https:\/\/baldumarket.lt\/lt\/wp-json\/wp\/v2\/product\/330383","targetHints":{"allow":["GET"]}}],"collection":[{"href":"https:\/\/baldumarket.lt\/lt\/wp-json\/wp\/v2\/product"}],"about":[{"href":"https:\/\/baldumarket.lt\/lt\/wp-json\/wp\/v2\/types\/product"}],"replies":[{"embeddable":true,"href":"https:\/\/baldumarket.lt\/lt\/wp-json\/wp\/v2\/comments?post=330383"}],"wp:featuredmedia":[{"embeddable":true,"href":"https:\/\/baldumarket.lt\/lt\/wp-json\/wp\/v2\/media\/330384"}],"wp:attachment":[{"href":"https:\/\/baldumarket.lt\/lt\/wp-json\/wp\/v2\/media?parent=330383"}],"wp:term":[{"taxonomy":"product_brand","embeddable":true,"href":"https:\/\/baldumarket.lt\/lt\/wp-json\/wp\/v2\/product_brand?post=330383"},{"taxonomy":"product_cat","embeddable":true,"href":"https:\/\/baldumarket.lt\/lt\/wp-json\/wp\/v2\/product_cat?post=330383"},{"taxonomy":"product_tag","embeddable":true,"href":"https:\/\/baldumarket.lt\/lt\/wp-json\/wp\/v2\/product_tag?post=330383"}],"curies":[{"name":"wp","href":"https:\/\/api.w.org\/{rel}","templated":true}]}}