{"id":330376,"date":"2026-01-16T22:54:53","date_gmt":"2026-01-16T19:54:53","guid":{"rendered":"https:\/\/baldumarket.lt\/product\/szafka-rtv-memone-120-cm-dab-zloty-bialy-grafitowy-stylowa-szafka-pod-telewizor-idealna-do-pokoju-mlodziezowego-w-stylu-skandynawskim\/"},"modified":"2026-02-11T18:01:24","modified_gmt":"2026-02-11T15:01:24","slug":"szafka-rtv-memone-120-cm-dab-zloty-bialy-grafitowy-stylowa-szafka-pod-telewizor-idealna-do-pokoju-mlodziezowego-w-stylu-skandynawskim","status":"publish","type":"product","link":"https:\/\/baldumarket.lt\/lt\/product\/szafka-rtv-memone-120-cm-dab-zloty-bialy-grafitowy-stylowa-szafka-pod-telewizor-idealna-do-pokoju-mlodziezowego-w-stylu-skandynawskim\/","title":{"rendered":"\u201eMemone\u201c televizoriaus spintel\u0117, 120 cm, auksinio \u0105\u017euolo \/ baltos \/ grafito spalvos, stilinga televizoriaus spintel\u0117, puikiai tinka jaunimo kambariui skandinavi\u0161ko stiliaus"},"content":{"rendered":"<p>\u201eMemone\u201c televizoriaus staliukas yra i\u0161skirtinai funkcionalus baldas, kuris tiks daugeliui interjer\u0173.<br \/>\n\u201eMemone\u201c televizoriaus staliukas pasi\u017eymi skandinavi\u0161ku stiliumi ir madinga spalv\u0173 gama prislopintais atspalviais, tod\u0117l puikiai tinka tiek svetainei, tiek paauglio kambariui. \u0104\u017euolo korpuso ir balt\u0173 bei grafito fasad\u0173 derinys sukuria modern\u0173 ir unikal\u0173 interjer\u0105. Subtil\u016bs \u012fdubimai fasaduose suteikia original\u0173 ir i\u0161skirtin\u012f dekoratyvin\u012f akcent\u0105. Juodos metalin\u0117s ranken\u0117l\u0117s su kra\u0161tais stilingai papildo \u201eMemone\u201c kolekcijos fasadus.<br \/>\nTelevizoriaus staliukas pagamintas i\u0161 auk\u0161tos kokyb\u0117s laminuotos plok\u0161t\u0117s, atsparios i\u0161oriniams veiksniams, tokiems kaip \u012flenkimai, sm\u016bgiai ir \u012fbr\u0117\u017eimai. Erdvus stal\u010dius ir u\u017erakinama spintel\u0117 tilps visi j\u016bs\u0173 daiktai ir b\u016btiniausieji priedai. Atvira lentyna \u2013 puiki vieta televizoriaus \u012frangai ar \u017eaidim\u0173 konsolei.<br \/>\nSkandinavi\u0161ko stiliaus \u201eMemone\u201c televizoriaus staliukas puikiai tiks daugelyje aplink\u0173.<br \/>\nTelevizoriaus staliukas turi vienas dureles ir vien\u0105 stal\u010di\u0173. Televizoriaus staliuko konstrukcij\u0105 laiko skandinavi\u0161ko stiliaus kojel\u0117s, pagamintos i\u0161 plastiko su \u0105\u017euolo apdaila. Televizoriaus staliukas garantuoja patog\u0173 ir be r\u016bpes\u010di\u0173 naudojim\u0105 bei viso baldo patvarum\u0105 daugel\u012f met\u0173. \u0104\u017euolo spalva su kontrastinga grafito ir balta puikiai dera su kitomis spalvomis, tod\u0117l \u201eMemone\u201c baldai puikiai tinka bet kokiam interjerui.<br \/>\nTelevizoriaus stovo matmenys:<br \/>\nAuk\u0161tis: 48 cm<br \/>\nPlotis: 120 cm<br \/>\nGylis: 40 cm<\/p>","protected":false},"excerpt":{"rendered":"<p>plotis: 120 cm<br \/>\nauk\u0161tis: 48 cm<br \/>\ngylis: 40 cm<\/p>","protected":false},"featured_media":330377,"comment_status":"open","ping_status":"open","template":"","meta":[],"product_brand":[],"product_cat":[9235,1175],"product_tag":[],"class_list":{"0":"post-330376","1":"product","2":"type-product","3":"status-publish","4":"has-post-thumbnail","6":"product_cat-gib-meble","7":"product_cat-tv-stands","9":"first","10":"instock","11":"purchasable","12":"product-type-simple"},"_links":{"self":[{"href":"https:\/\/baldumarket.lt\/lt\/wp-json\/wp\/v2\/product\/330376","targetHints":{"allow":["GET"]}}],"collection":[{"href":"https:\/\/baldumarket.lt\/lt\/wp-json\/wp\/v2\/product"}],"about":[{"href":"https:\/\/baldumarket.lt\/lt\/wp-json\/wp\/v2\/types\/product"}],"replies":[{"embeddable":true,"href":"https:\/\/baldumarket.lt\/lt\/wp-json\/wp\/v2\/comments?post=330376"}],"wp:featuredmedia":[{"embeddable":true,"href":"https:\/\/baldumarket.lt\/lt\/wp-json\/wp\/v2\/media\/330377"}],"wp:attachment":[{"href":"https:\/\/baldumarket.lt\/lt\/wp-json\/wp\/v2\/media?parent=330376"}],"wp:term":[{"taxonomy":"product_brand","embeddable":true,"href":"https:\/\/baldumarket.lt\/lt\/wp-json\/wp\/v2\/product_brand?post=330376"},{"taxonomy":"product_cat","embeddable":true,"href":"https:\/\/baldumarket.lt\/lt\/wp-json\/wp\/v2\/product_cat?post=330376"},{"taxonomy":"product_tag","embeddable":true,"href":"https:\/\/baldumarket.lt\/lt\/wp-json\/wp\/v2\/product_tag?post=330376"}],"curies":[{"name":"wp","href":"https:\/\/api.w.org\/{rel}","templated":true}]}}