{"id":330370,"date":"2026-01-16T22:54:49","date_gmt":"2026-01-16T19:54:49","guid":{"rendered":"https:\/\/baldumarket.lt\/product\/szafka-nocna-z-szuflada-memone-dab-zloty-grafitowy-stylowa-szafka-do-sypialni-lub-pokoju-mlodziezowego-w-stylu-skandynawskim\/"},"modified":"2026-02-11T18:01:24","modified_gmt":"2026-02-11T15:01:24","slug":"szafka-nocna-z-szuflada-memone-dab-zloty-grafitowy-stylowa-szafka-do-sypialni-lub-pokoju-mlodziezowego-w-stylu-skandynawskim","status":"publish","type":"product","link":"https:\/\/baldumarket.lt\/lt\/product\/szafka-nocna-z-szuflada-memone-dab-zloty-grafitowy-stylowa-szafka-do-sypialni-lub-pokoju-mlodziezowego-w-stylu-skandynawskim\/","title":{"rendered":"\u201eMemone\u201c naktinis staliukas su stal\u010diumi, auksinio \u0105\u017euolo\/grafito, stilinga spintel\u0117 miegamajam arba jaunimo kambariui skandinavi\u0161ko stiliaus"},"content":{"rendered":"<p>\u201eMemone\u201c naktinis staliukas yra i\u0161skirtinai funkcionalus baldas, kuris tiks daugelyje interjer\u0173.<br \/>\n\u201eMemone\u201c naktinis staliukas pasi\u017eymi skandinavi\u0161ku stiliumi ir madinga spalv\u0173 gama prislopintais atspalviais, tod\u0117l puikiai tinka tiek miegamajam, tiek paauglio kambariui. \u0104\u017euolo korpuso ir grafito fasado derinys sukuria modern\u0173 ir unikal\u0173 interjer\u0105. Subtilus \u012fdubimas stal\u010diaus priekyje suteikia original\u0173 ir i\u0161skirtin\u012f dekoratyvin\u012f akcent\u0105. Juodos metalin\u0117s ranken\u0117l\u0117s su kra\u0161tais stilingai papildo \u201eMemone\u201c kolekcijos fasadus.<br \/>\nNaktinis staliukas pagamintas i\u0161 auk\u0161tos kokyb\u0117s laminuotos plok\u0161t\u0117s, atsparios i\u0161oriniams veiksniams, tokiems kaip \u012flenkimai, sm\u016bgiai ir \u012fbr\u0117\u017eimai. Erdviame stal\u010diuje tilps visi svarbiausi j\u016bs\u0173 aksesuarai. \u201eMemone\u201c naktinis staliukas, pasi\u017eymintis skandinavi\u0161ku stiliumi, puikiai tiks daugelyje aplink\u0173.<br \/>\nNaktinis staliukas susideda i\u0161 vieno stal\u010diaus ir atviros lentynos. Naktinio staliuko konstrukcij\u0105 laiko skandinavi\u0161ko stiliaus kojel\u0117s, pagamintos i\u0161 plastiko su \u0105\u017euolo apdaila. \u201eMemone\u201c naktiniai staliukai garantuoja patog\u0173 ir be r\u016bpes\u010di\u0173 naudojim\u0105 bei viso baldo patvarum\u0105 daugel\u012f met\u0173. D\u0117l stilingo dizaino \u201eMemone\u201c kolekcijos naktiniai staliukai taip pat puikiai tiks kaip naktiniai staliukai vaikui ar paaugliui.<br \/>\nNaktinio stalelio matmenys:<br \/>\nAuk\u0161tis: 48 cm<br \/>\nPlotis: 45 cm<br \/>\nGylis: 40 cm<\/p>","protected":false},"excerpt":{"rendered":"<p>plotis: 45 cm<br \/>\nauk\u0161tis: 48 cm<br \/>\ngylis: 40 cm<\/p>","protected":false},"featured_media":330371,"comment_status":"open","ping_status":"open","template":"","meta":[],"product_brand":[],"product_cat":[9235,1176],"product_tag":[],"class_list":{"0":"post-330370","1":"product","2":"type-product","3":"status-publish","4":"has-post-thumbnail","6":"product_cat-gib-meble","7":"product_cat-bedside-tables","9":"first","10":"instock","11":"purchasable","12":"product-type-simple"},"_links":{"self":[{"href":"https:\/\/baldumarket.lt\/lt\/wp-json\/wp\/v2\/product\/330370","targetHints":{"allow":["GET"]}}],"collection":[{"href":"https:\/\/baldumarket.lt\/lt\/wp-json\/wp\/v2\/product"}],"about":[{"href":"https:\/\/baldumarket.lt\/lt\/wp-json\/wp\/v2\/types\/product"}],"replies":[{"embeddable":true,"href":"https:\/\/baldumarket.lt\/lt\/wp-json\/wp\/v2\/comments?post=330370"}],"wp:featuredmedia":[{"embeddable":true,"href":"https:\/\/baldumarket.lt\/lt\/wp-json\/wp\/v2\/media\/330371"}],"wp:attachment":[{"href":"https:\/\/baldumarket.lt\/lt\/wp-json\/wp\/v2\/media?parent=330370"}],"wp:term":[{"taxonomy":"product_brand","embeddable":true,"href":"https:\/\/baldumarket.lt\/lt\/wp-json\/wp\/v2\/product_brand?post=330370"},{"taxonomy":"product_cat","embeddable":true,"href":"https:\/\/baldumarket.lt\/lt\/wp-json\/wp\/v2\/product_cat?post=330370"},{"taxonomy":"product_tag","embeddable":true,"href":"https:\/\/baldumarket.lt\/lt\/wp-json\/wp\/v2\/product_tag?post=330370"}],"curies":[{"name":"wp","href":"https:\/\/api.w.org\/{rel}","templated":true}]}}