{"id":330364,"date":"2026-01-16T22:54:44","date_gmt":"2026-01-16T19:54:44","guid":{"rendered":"https:\/\/baldumarket.lt\/product\/szafa-memone-90-cm-dab-zloty-bialy-grafitowy-nowoczesny-design-idealna-szafa-do-pokoju-mlodziezowego-lub-przedpokoju\/"},"modified":"2026-02-11T18:01:24","modified_gmt":"2026-02-11T15:01:24","slug":"szafa-memone-90-cm-dab-zloty-bialy-grafitowy-nowoczesny-design-idealna-szafa-do-pokoju-mlodziezowego-lub-przedpokoju","status":"publish","type":"product","link":"https:\/\/baldumarket.lt\/lt\/product\/szafa-memone-90-cm-dab-zloty-bialy-grafitowy-nowoczesny-design-idealna-szafa-do-pokoju-mlodziezowego-lub-przedpokoju\/","title":{"rendered":"\u201eMemone\u201c spinta, 90 cm, auksinio \u0105\u017euolo \/ baltos \/ grafito spalvos, modernaus dizaino, ideali spinta jaunimo kambariui ar prie\u0161kambariui"},"content":{"rendered":"<p>Dviej\u0173 dur\u0173 spinta \u201eMemone\u201c \u2013 tai i\u0161skirtinai funkcionalus baldas, kuris tiks prie daugelio interjer\u0173.<br \/>\n\u201eMemone\u201c spinta pasi\u017eymi skandinavi\u0161ku stiliumi ir madinga spalv\u0173 gama prislopintais atspalviais, tod\u0117l puikiai tinka vaik\u0173 kambariui, prie\u0161kambariui ar r\u016bbinei. \u0104\u017euolo korpuso ir balt\u0173 bei grafito spalv\u0173 fasad\u0173 derinys sukuria modern\u0173 ir unikal\u0173 interjer\u0105. Subtil\u016bs \u012fdubimai fasaduose suteikia original\u0173 ir i\u0161skirtin\u012f dekoratyvin\u012f akcent\u0105. Juodos metalin\u0117s ranken\u0117l\u0117s su kra\u0161tais stilingai papildo \u201eMemone\u201c kolekcijos fasadus.<br \/>\nSpinta pagaminta i\u0161 auk\u0161tos kokyb\u0117s laminuotos plok\u0161t\u0117s, kuri yra atspari i\u0161oriniams veiksniams, tokiems kaip \u012flenkimai, sm\u016bgiai ir \u012fbr\u0117\u017eimai. \u201eMemone\u201c spinta yra padalinta \u012f sekcij\u0105 su pakaba daiktams pakabinti ir sekcij\u0105 su lentynomis. Erdviame stal\u010diuje tilps visi j\u016bs\u0173 daiktai ir b\u016btiniausi aksesuarai.<br \/>\nSkandinavi\u0161ko stiliaus \u201eMemone\u201c spinta puikiai der\u0117s prie daugelio i\u0161d\u0117stym\u0173.<br \/>\n\u0160is baldas turi dvi matinio pavir\u0161iaus varstomas duris ir vien\u0105 stal\u010di\u0173. Spintos konstrukcij\u0105 laiko skandinavi\u0161ko stiliaus kojel\u0117s, pagamintos i\u0161 plastiko su \u0105\u017euolo apdaila. Spinta garantuoja patog\u0173 ir be r\u016bpes\u010di\u0173 naudojim\u0105 bei viso baldo patvarum\u0105 daugel\u012f met\u0173. Paprastas dizainas daro \u0161i\u0105 spint\u0105 puikiu pasirinkimu vaiko kambariui, miegamojo spintai arba kaip prie\u0161kambario spinta. Spinta su varstomomis durimis taip pat bus puikus pasirinkimas vaik\u0173 kambariui. Ji taip pat puikiai tiks kaip prie\u0161kambario spinta.<br \/>\nDrabu\u017ei\u0173 spintos matmenys:<br \/>\nAuk\u0161tis: 200 cm<br \/>\nPlotis: 90 cm<br \/>\nGylis: 52 cm<\/p>","protected":false},"excerpt":{"rendered":"<p>plotis: 90 cm<br \/>\nauk\u0161tis: 200 cm<br \/>\ngylis: 52 cm<\/p>","protected":false},"featured_media":330365,"comment_status":"open","ping_status":"open","template":"","meta":[],"product_brand":[],"product_cat":[9235,1177],"product_tag":[],"class_list":{"0":"post-330364","1":"product","2":"type-product","3":"status-publish","4":"has-post-thumbnail","6":"product_cat-gib-meble","7":"product_cat-wardrobes","9":"first","10":"instock","11":"purchasable","12":"product-type-simple"},"_links":{"self":[{"href":"https:\/\/baldumarket.lt\/lt\/wp-json\/wp\/v2\/product\/330364","targetHints":{"allow":["GET"]}}],"collection":[{"href":"https:\/\/baldumarket.lt\/lt\/wp-json\/wp\/v2\/product"}],"about":[{"href":"https:\/\/baldumarket.lt\/lt\/wp-json\/wp\/v2\/types\/product"}],"replies":[{"embeddable":true,"href":"https:\/\/baldumarket.lt\/lt\/wp-json\/wp\/v2\/comments?post=330364"}],"wp:featuredmedia":[{"embeddable":true,"href":"https:\/\/baldumarket.lt\/lt\/wp-json\/wp\/v2\/media\/330365"}],"wp:attachment":[{"href":"https:\/\/baldumarket.lt\/lt\/wp-json\/wp\/v2\/media?parent=330364"}],"wp:term":[{"taxonomy":"product_brand","embeddable":true,"href":"https:\/\/baldumarket.lt\/lt\/wp-json\/wp\/v2\/product_brand?post=330364"},{"taxonomy":"product_cat","embeddable":true,"href":"https:\/\/baldumarket.lt\/lt\/wp-json\/wp\/v2\/product_cat?post=330364"},{"taxonomy":"product_tag","embeddable":true,"href":"https:\/\/baldumarket.lt\/lt\/wp-json\/wp\/v2\/product_tag?post=330364"}],"curies":[{"name":"wp","href":"https:\/\/api.w.org\/{rel}","templated":true}]}}