{"id":330357,"date":"2026-01-16T22:54:39","date_gmt":"2026-01-16T19:54:39","guid":{"rendered":"https:\/\/baldumarket.lt\/product\/komoda-z-szufladami-apallo-150-cm-dab-brandy-castello-oryginalny-design-wysokie-ranty-blatu-bryla-osadzona-na-metalowych-nogach\/"},"modified":"2026-02-11T18:01:24","modified_gmt":"2026-02-11T15:01:24","slug":"komoda-z-szufladami-apallo-150-cm-dab-brandy-castello-oryginalny-design-wysokie-ranty-blatu-bryla-osadzona-na-metalowych-nogach","status":"publish","type":"product","link":"https:\/\/baldumarket.lt\/lt\/product\/komoda-z-szufladami-apallo-150-cm-dab-brandy-castello-oryginalny-design-wysokie-ranty-blatu-bryla-osadzona-na-metalowych-nogach\/","title":{"rendered":"Apallo komoda 150 cm, brandy \u0105\u017euolas, castello, originalus dizainas, auk\u0161ti stalvir\u0161io kra\u0161tai, korpusas tvirtinamas ant metalini\u0173 kojeli\u0173"},"content":{"rendered":"<p>150 cm ilgio \u201eApallo\u201c komoda yra paprastas, ta\u010diau labai eleganti\u0161kas ir originalus baldas.<br \/>\n\u2019Apallo\u201c komoda \u2013 tai \u017eavus baldas, pasi\u017eymintis unikaliu ir i\u0161skirtiniu charakteriu. Intriguojanti, tamsiai ruda fasad\u0173 spalva puikiai dera su juodais aksesuarais, suteikdama baldui lofto ir industrinio charakterio. Auk\u0161ti stalvir\u0161io kra\u0161tai pabr\u0117\u017eia unikal\u0173 komodos charakter\u012f ir neleid\u017eia nety\u010dia nukristi vidaus dekoracijoms. Prakti\u0161kos, atviros lentynos \u2013 puiki vieta j\u016bs\u0173 m\u0117gstamiausioms knygoms. Unikalus komodos dizainas tiks net ir reikliausiam interjerui.<br \/>\nKomoda pagaminta i\u0161 auk\u0161tos kokyb\u0117s 16 mm storio laminuotos plok\u0161t\u0117s, atsparios i\u0161oriniams veiksniams, tokiems kaip \u012flenkimai, sm\u016bgiai ir \u012fbr\u0117\u017eimai. Ma\u017eos juodos ranken\u0117l\u0117s stilingai u\u017ebaigia komodos fasadus. Visa konstrukcija paremta metaliniu pagrindu.<br \/>\nApallo komoda pasi\u017eymi unikaliu ir moderniu dizainu, kuris suteiks originalumo bet kokiam interjerui.<br \/>\nKomoda turi dvejas dureles, tris stal\u010dius ir atvir\u0105 erdv\u0119 su lentynomis. Standarti\u0161kai yra \u0161velnaus u\u017edarymo vyriai. Be to, stal\u010diai turi \u0161velnaus u\u017edarymo b\u0117gelius. \u0160ios sistemos padidina bald\u0173 komfort\u0105 ir saugum\u0105. Brandy Castello atspalvio \u0105\u017euolo dekoras puikiai dera su kitomis spalvomis, tod\u0117l \u201eApallo\u201c komoda idealiai tinka svetainei ar miegamajam. Komoda taip pat puikiai tiks kaip biuro baldas.<br \/>\nKomodos matmenys:<br \/>\nAuk\u0161tis: 90 cm<br \/>\nPlotis: 150 cm<br \/>\nGylis: 45 cm<\/p>","protected":false},"excerpt":{"rendered":"<p>plotis: 150 cm<br \/>\nauk\u0161tis: 90 cm<br \/>\ngylis: 45 cm<\/p>","protected":false},"featured_media":330358,"comment_status":"open","ping_status":"open","template":"","meta":[],"product_brand":[],"product_cat":[9235,1173],"product_tag":[],"class_list":{"0":"post-330357","1":"product","2":"type-product","3":"status-publish","4":"has-post-thumbnail","6":"product_cat-gib-meble","7":"product_cat-chests-of-drawers","9":"first","10":"instock","11":"purchasable","12":"product-type-simple"},"_links":{"self":[{"href":"https:\/\/baldumarket.lt\/lt\/wp-json\/wp\/v2\/product\/330357","targetHints":{"allow":["GET"]}}],"collection":[{"href":"https:\/\/baldumarket.lt\/lt\/wp-json\/wp\/v2\/product"}],"about":[{"href":"https:\/\/baldumarket.lt\/lt\/wp-json\/wp\/v2\/types\/product"}],"replies":[{"embeddable":true,"href":"https:\/\/baldumarket.lt\/lt\/wp-json\/wp\/v2\/comments?post=330357"}],"wp:featuredmedia":[{"embeddable":true,"href":"https:\/\/baldumarket.lt\/lt\/wp-json\/wp\/v2\/media\/330358"}],"wp:attachment":[{"href":"https:\/\/baldumarket.lt\/lt\/wp-json\/wp\/v2\/media?parent=330357"}],"wp:term":[{"taxonomy":"product_brand","embeddable":true,"href":"https:\/\/baldumarket.lt\/lt\/wp-json\/wp\/v2\/product_brand?post=330357"},{"taxonomy":"product_cat","embeddable":true,"href":"https:\/\/baldumarket.lt\/lt\/wp-json\/wp\/v2\/product_cat?post=330357"},{"taxonomy":"product_tag","embeddable":true,"href":"https:\/\/baldumarket.lt\/lt\/wp-json\/wp\/v2\/product_tag?post=330357"}],"curies":[{"name":"wp","href":"https:\/\/api.w.org\/{rel}","templated":true}]}}