{"id":330346,"date":"2026-01-16T22:54:30","date_gmt":"2026-01-16T19:54:30","guid":{"rendered":"https:\/\/baldumarket.lt\/product\/szafka-rtv-apallo-150-cm-dab-brandy-castello-oryginalny-design-szafki-bryla-osadzona-na-metalowych-nogach-wysokie-ranty-blatu\/"},"modified":"2026-02-11T18:01:24","modified_gmt":"2026-02-11T15:01:24","slug":"szafka-rtv-apallo-150-cm-dab-brandy-castello-oryginalny-design-szafki-bryla-osadzona-na-metalowych-nogach-wysokie-ranty-blatu","status":"publish","type":"product","link":"https:\/\/baldumarket.lt\/lt\/product\/szafka-rtv-apallo-150-cm-dab-brandy-castello-oryginalny-design-szafki-bryla-osadzona-na-metalowych-nogach-wysokie-ranty-blatu\/","title":{"rendered":"Apallo TV spintel\u0117 150 cm, brendis \u0105\u017euolo \u201eCastello\u201c, originalus spintel\u0117s dizainas, tvirta konstrukcija ant metalini\u0173 kojeli\u0173, auk\u0161ti stalvir\u0161io kra\u0161tai"},"content":{"rendered":"<p>150 cm \u201eApallo\u201c televizoriaus staliukas yra paprastas, ta\u010diau labai eleganti\u0161kas ir originalus baldas.<br \/>\n\u201eApallo\u201c televizoriaus staliukas \u2013 \u017eavus baldas, pasi\u017eymintis unikaliu ir i\u0161skirtiniu charakteriu. Intriguojanti, tamsiai ruda fasad\u0173 spalva puikiai dera su juodais aksesuarais, suteikdama baldui lofto ir industrinio charakterio. Auk\u0161ti stalvir\u0161io kra\u0161tai pabr\u0117\u017eia unikal\u0173 televizoriaus staliuko charakter\u012f ir neleid\u017eia interjero dekoracijoms nety\u010dia nukristi. Unikalus televizoriaus staliuko dizainas tiks net ir reikliausiam interjerui.<br \/>\nTelevizoriaus staliukas pagamintas i\u0161 auk\u0161tos kokyb\u0117s 16 mm laminuotos plok\u0161t\u0117s, atsparios i\u0161oriniams veiksniams, tokiems kaip \u012flenkimai, sm\u016bgiai ir \u012fbr\u0117\u017eimai. Ma\u017eos juodos ranken\u0117l\u0117s stilingai u\u017ebaigia televizoriaus staliuko priek\u012f. Visa konstrukcija paremta metaliniu pagrindu.<br \/>\n\u201eApallo\u201c televizoriaus staliukas pasi\u017eymi unikaliu ir moderniu dizainu, kuris bet kokiam interjerui suteiks originalumo.<br \/>\nTelevizoriaus staliukas turi vienas duris, kurios atsidaro \u017eemyn. Stovo centre esanti \u012fduba puikiai tinka televizijos \u012frangai. Prakti\u0161kos lentynos idealiai tinka j\u016bs\u0173 m\u0117gstamoms knygoms ar kompaktiniams diskams. Televizoriaus staliukas garantuoja patog\u0173 ir be r\u016bpes\u010di\u0173 naudojim\u0105 bei ilgaam\u017ei\u0161kum\u0105 daugel\u012f met\u0173. \u0104\u017euolo apdaila Brandy Castello atspalvio gra\u017eiai dera su kitomis spalvomis, tod\u0117l \u201eApallo\u201c baldai puikiai tinka bet kokiam interjerui.<br \/>\nTelevizoriaus stovo matmenys:<br \/>\nAuk\u0161tis: 56,2 cm<br \/>\nPlotis: 150 cm<br \/>\nGylis: 40 cm<\/p>","protected":false},"excerpt":{"rendered":"<p>plotis: 150 cm<br \/>\nauk\u0161tis: 56,2 cm<br \/>\ngylis: 40 cm<\/p>","protected":false},"featured_media":330347,"comment_status":"open","ping_status":"open","template":"","meta":[],"product_brand":[],"product_cat":[9235,1175],"product_tag":[],"class_list":{"0":"post-330346","1":"product","2":"type-product","3":"status-publish","4":"has-post-thumbnail","6":"product_cat-gib-meble","7":"product_cat-tv-stands","9":"first","10":"instock","11":"purchasable","12":"product-type-simple"},"_links":{"self":[{"href":"https:\/\/baldumarket.lt\/lt\/wp-json\/wp\/v2\/product\/330346","targetHints":{"allow":["GET"]}}],"collection":[{"href":"https:\/\/baldumarket.lt\/lt\/wp-json\/wp\/v2\/product"}],"about":[{"href":"https:\/\/baldumarket.lt\/lt\/wp-json\/wp\/v2\/types\/product"}],"replies":[{"embeddable":true,"href":"https:\/\/baldumarket.lt\/lt\/wp-json\/wp\/v2\/comments?post=330346"}],"wp:featuredmedia":[{"embeddable":true,"href":"https:\/\/baldumarket.lt\/lt\/wp-json\/wp\/v2\/media\/330347"}],"wp:attachment":[{"href":"https:\/\/baldumarket.lt\/lt\/wp-json\/wp\/v2\/media?parent=330346"}],"wp:term":[{"taxonomy":"product_brand","embeddable":true,"href":"https:\/\/baldumarket.lt\/lt\/wp-json\/wp\/v2\/product_brand?post=330346"},{"taxonomy":"product_cat","embeddable":true,"href":"https:\/\/baldumarket.lt\/lt\/wp-json\/wp\/v2\/product_cat?post=330346"},{"taxonomy":"product_tag","embeddable":true,"href":"https:\/\/baldumarket.lt\/lt\/wp-json\/wp\/v2\/product_tag?post=330346"}],"curies":[{"name":"wp","href":"https:\/\/api.w.org\/{rel}","templated":true}]}}