{"id":330331,"date":"2026-01-16T22:54:19","date_gmt":"2026-01-16T19:54:19","guid":{"rendered":"https:\/\/baldumarket.lt\/product\/witryna-szeroka-apallo-90-cm-dab-brandy-castello-oryginalna-bryla-osadzona-na-metalowych-nogach-elementy-z-bezpiecznego-szkla-hartowanego\/"},"modified":"2026-02-11T18:01:24","modified_gmt":"2026-02-11T15:01:24","slug":"witryna-szeroka-apallo-90-cm-dab-brandy-castello-oryginalna-bryla-osadzona-na-metalowych-nogach-elementy-z-bezpiecznego-szkla-hartowanego","status":"publish","type":"product","link":"https:\/\/baldumarket.lt\/lt\/product\/witryna-szeroka-apallo-90-cm-dab-brandy-castello-oryginalna-bryla-osadzona-na-metalowych-nogach-elementy-z-bezpiecznego-szkla-hartowanego\/","title":{"rendered":"Apallo plati vitrina 90 cm, \u201eCastello\u201c brandy \u0105\u017euolo spalvos, originalios formos, tvirtinama ant metalini\u0173 kojeli\u0173, pagamint\u0173 i\u0161 gr\u016bdinto apsauginio stiklo"},"content":{"rendered":"<p>90 cm \u201eApallo\u201c vitrina yra paprastas, ta\u010diau labai eleganti\u0161kas ir originalus baldas.<br \/>\n\u201eApallo\u201c vitrina \u2013 tai \u017eavus baldas, pasi\u017eymintis unikaliu ir i\u0161skirtiniu charakteriu. Intriguojanti, tamsiai ruda fasad\u0173 spalva puikiai dera su juodais aksesuarais, suteikdama baldui lofto ir industrinio stiliaus. Auk\u0161ti kra\u0161tai pabr\u0117\u017eia unikal\u0173 vitrinos charakter\u012f ir apsaugo daiktus nuo atsitiktinio kritimo. Stikliniai fasadai leid\u017eia pademonstruoti svetain\u0117s dekoracijas. Unikalus vitrinos dizainas puikiai tiks net ir reikliausiame interjere.<br \/>\nVitrina pagaminta i\u0161 auk\u0161tos kokyb\u0117s 16 mm storio laminuotos plok\u0161t\u0117s, atsparios i\u0161oriniams veiksniams, tokiems kaip \u012flenkimai, sm\u016bgiai ir \u012fbr\u0117\u017eimai. Ma\u017eos juodos ranken\u0117l\u0117s stilingai u\u017ebaigia vitrinos fasad\u0105. Visa konstrukcija paremta metaliniu pagrindu.<br \/>\n\u201eApallo\u201c vitrina pasi\u017eymi unikaliu ir moderniu dizainu, kuris bet kokiam interjerui suteiks originalumo.<br \/>\nVitrina sudaryta i\u0161 dviej\u0173 dureli\u0173. Durel\u0117se \u012fmontuoti \u0161velnaus u\u017edarymo vyriai. \u0160i sistema padidina bald\u0173 patogum\u0105 ir saugum\u0105. Brandy Castello atspalvio \u0105\u017euolo dekoras puikiai dera su kitomis spalvomis, tod\u0117l \u201eApallo\u201c kolekcijos stiklin\u0117s vitrinos puikiai tinka kaip vitrina svetain\u0117je, valgomajame ar knyg\u0173 lentynoje.<br \/>\n\u201eApallo\u201c vitrin\u0105 galima ap\u0161viesti LED \u0161viestuvais, kuriuos galite \u012fsigyti m\u016bs\u0173 parduotuv\u0117je.<br \/>\nVitrinos matmenys:<br \/>\nAuk\u0161tis: 140 cm<br \/>\nPlotis: 90 cm<br \/>\nGylis: 40 cm<\/p>","protected":false},"excerpt":{"rendered":"<p>plotis: 90 cm<br \/>\nauk\u0161tis: 140 cm<br \/>\ngylis: 40 cm<\/p>","protected":false},"featured_media":330332,"comment_status":"open","ping_status":"open","template":"","meta":[],"product_brand":[],"product_cat":[9235,2006],"product_tag":[],"class_list":{"0":"post-330331","1":"product","2":"type-product","3":"status-publish","4":"has-post-thumbnail","6":"product_cat-gib-meble","7":"product_cat-vitrines","9":"first","10":"instock","11":"purchasable","12":"product-type-simple"},"_links":{"self":[{"href":"https:\/\/baldumarket.lt\/lt\/wp-json\/wp\/v2\/product\/330331","targetHints":{"allow":["GET"]}}],"collection":[{"href":"https:\/\/baldumarket.lt\/lt\/wp-json\/wp\/v2\/product"}],"about":[{"href":"https:\/\/baldumarket.lt\/lt\/wp-json\/wp\/v2\/types\/product"}],"replies":[{"embeddable":true,"href":"https:\/\/baldumarket.lt\/lt\/wp-json\/wp\/v2\/comments?post=330331"}],"wp:featuredmedia":[{"embeddable":true,"href":"https:\/\/baldumarket.lt\/lt\/wp-json\/wp\/v2\/media\/330332"}],"wp:attachment":[{"href":"https:\/\/baldumarket.lt\/lt\/wp-json\/wp\/v2\/media?parent=330331"}],"wp:term":[{"taxonomy":"product_brand","embeddable":true,"href":"https:\/\/baldumarket.lt\/lt\/wp-json\/wp\/v2\/product_brand?post=330331"},{"taxonomy":"product_cat","embeddable":true,"href":"https:\/\/baldumarket.lt\/lt\/wp-json\/wp\/v2\/product_cat?post=330331"},{"taxonomy":"product_tag","embeddable":true,"href":"https:\/\/baldumarket.lt\/lt\/wp-json\/wp\/v2\/product_tag?post=330331"}],"curies":[{"name":"wp","href":"https:\/\/api.w.org\/{rel}","templated":true}]}}