{"id":330327,"date":"2026-01-16T22:54:15","date_gmt":"2026-01-16T19:54:15","guid":{"rendered":"https:\/\/baldumarket.lt\/product\/polka-apallo-135-cm-dab-brandy-castello-czarny-atrakcyjna-pod-wzgledem-wizualnym-oraz-funkcjonalnym-zachwyci-milosnikow-wyrazistych-wnetrz\/"},"modified":"2026-02-11T18:01:25","modified_gmt":"2026-02-11T15:01:25","slug":"polka-apallo-135-cm-dab-brandy-castello-czarny-atrakcyjna-pod-wzgledem-wizualnym-oraz-funkcjonalnym-zachwyci-milosnikow-wyrazistych-wnetrz","status":"publish","type":"product","link":"https:\/\/baldumarket.lt\/lt\/product\/polka-apallo-135-cm-dab-brandy-castello-czarny-atrakcyjna-pod-wzgledem-wizualnym-oraz-funkcjonalnym-zachwyci-milosnikow-wyrazistych-wnetrz\/","title":{"rendered":"\u201eApallo\u201c lentyna 135 cm, \u201eCastello\u201c brandy \u0105\u017euolo \/ juodos spalvos, patraukli tiek vizualiai, tiek funkcionaliai, prad\u017eiugins i\u0161rai\u0161king\u0173 interjer\u0173 m\u0117g\u0117jus"},"content":{"rendered":"<p>\u201eApallo\u201c lentyna pasi\u017eymi unikaliu dizainu, kuris puikiai dera su dabartin\u0117mis interjero dizaino tendencijomis.<br \/>\n\u201eApallo\u201c lentyna yra patraukli tiek vizualiai, tiek funkcionaliai. Brandy Castello atspalvio \u0105\u017euolo dekoro ir nesenstan\u010dios juodos spalvos derinys suteikia elegancijos ir i\u0161skirtinio charakterio. Lentyna leid\u017eia subtiliai eksponuoti aksesuarus. Kruop\u0161\u010diai pagaminta, atsi\u017evelgiant \u012f kiekvien\u0105 detal\u0119, ji u\u017etikrina didel\u012f atsparum\u0105 i\u0161or\u0117s veiksniams.<br \/>\nLentynos matmenys:<br \/>\nAuk\u0161tis: 20 cm<br \/>\nPlotis: 135 cm<br \/>\nGylis: 11,6 cm<\/p>","protected":false},"excerpt":{"rendered":"<p>plotis: 135 cm<br \/>\nauk\u0161tis: 20 cm<br \/>\ngylis: 11,6 cm<\/p>","protected":false},"featured_media":330328,"comment_status":"open","ping_status":"open","template":"","meta":[],"product_brand":[],"product_cat":[9235,1174],"product_tag":[],"class_list":{"0":"post-330327","1":"product","2":"type-product","3":"status-publish","4":"has-post-thumbnail","6":"product_cat-gib-meble","7":"product_cat-hanging-shelves","9":"first","10":"instock","11":"purchasable","12":"product-type-simple"},"_links":{"self":[{"href":"https:\/\/baldumarket.lt\/lt\/wp-json\/wp\/v2\/product\/330327","targetHints":{"allow":["GET"]}}],"collection":[{"href":"https:\/\/baldumarket.lt\/lt\/wp-json\/wp\/v2\/product"}],"about":[{"href":"https:\/\/baldumarket.lt\/lt\/wp-json\/wp\/v2\/types\/product"}],"replies":[{"embeddable":true,"href":"https:\/\/baldumarket.lt\/lt\/wp-json\/wp\/v2\/comments?post=330327"}],"wp:featuredmedia":[{"embeddable":true,"href":"https:\/\/baldumarket.lt\/lt\/wp-json\/wp\/v2\/media\/330328"}],"wp:attachment":[{"href":"https:\/\/baldumarket.lt\/lt\/wp-json\/wp\/v2\/media?parent=330327"}],"wp:term":[{"taxonomy":"product_brand","embeddable":true,"href":"https:\/\/baldumarket.lt\/lt\/wp-json\/wp\/v2\/product_brand?post=330327"},{"taxonomy":"product_cat","embeddable":true,"href":"https:\/\/baldumarket.lt\/lt\/wp-json\/wp\/v2\/product_cat?post=330327"},{"taxonomy":"product_tag","embeddable":true,"href":"https:\/\/baldumarket.lt\/lt\/wp-json\/wp\/v2\/product_tag?post=330327"}],"curies":[{"name":"wp","href":"https:\/\/api.w.org\/{rel}","templated":true}]}}