{"id":330323,"date":"2026-01-16T22:54:12","date_gmt":"2026-01-16T19:54:12","guid":{"rendered":"https:\/\/baldumarket.lt\/product\/stolik-kawowy-apallo-dab-brandy-castello-charakterystyczny-design-stolik-osadzony-na-metalowej-podstawie-blat-odporny-na-rozlanie-cieczy\/"},"modified":"2026-02-11T18:01:25","modified_gmt":"2026-02-11T15:01:25","slug":"stolik-kawowy-apallo-dab-brandy-castello-charakterystyczny-design-stolik-osadzony-na-metalowej-podstawie-blat-odporny-na-rozlanie-cieczy","status":"publish","type":"product","link":"https:\/\/baldumarket.lt\/lt\/product\/stolik-kawowy-apallo-dab-brandy-castello-charakterystyczny-design-stolik-osadzony-na-metalowej-podstawie-blat-odporny-na-rozlanie-cieczy\/","title":{"rendered":"Apallo kavos staliukas i\u0161 brend\u017eio \u0105\u017euolo \u201eCastello\u201c, i\u0161skirtinio dizaino, stalas pritvirtintas prie metalinio pagrindo, atsparus i\u0161siliejimui stalvir\u0161is"},"content":{"rendered":"<p>\u201eApallo\u201c kavos staliukas yra labai eleganti\u0161kas ir originalus baldas su i\u0161skirtiniu dizainu.<br \/>\n\u201eApallo\u201c kavos staliukas \u2013 \u017eavus baldas, pasi\u017eymintis unikaliu ir i\u0161skirtiniu charakteriu. Intriguojanti tamsiai ruda baldo spalva puikiai dera su juodais aksesuarais, suteikdama stalui lofto \u012fkv\u0117pto ir industrinio charakterio. Plati lentyna po stalvir\u0161iu suteikia papildomos erdv\u0117s. Unikalus kavos staliuko dizainas tiks net ir reikliausiam interjerui.<br \/>\nKavos staliukas pagamintas i\u0161 auk\u0161tos kokyb\u0117s 16 mm laminuotos plok\u0161t\u0117s, kuri yra atspari i\u0161oriniams veiksniams, tokiems kaip \u012flenkimai, sm\u016bgiai ir \u012fbr\u0117\u017eimai. Visas staliukas paremtas metaliniu pagrindu.<br \/>\n\u201eApallo\u201c kavos staliukas pasi\u017eymi ne\u012fprasta ir modernia forma, kuri bet kokiam interjerui suteiks originalumo. Kavos staliukas turi plat\u0173, vandeniui atspar\u0173 stalvir\u0161\u012f ir lentynas apa\u010dioje. Kavos staliukas garantuoja patog\u0173 ir be r\u016bpes\u010di\u0173 naudojim\u0105 bei u\u017etikrina viso baldo patvarum\u0105 daugel\u012f met\u0173. \u0104\u017euolo apdaila Brandy Castello atspalvyje gra\u017eiai dera su kitomis spalvomis, tod\u0117l modern\u016bs \u201eApallo\u201c kavos staliukai puikiai tinka bet kokiam interjerui.<br \/>\nKavos staliuko matmenys:<br \/>\nAuk\u0161tis: 37 cm<br \/>\nPlotis: 119,2 cm<br \/>\nGylis: 62,3 cm<\/p>","protected":false},"excerpt":{"rendered":"<p>plotis: 119,2 cm<br \/>\nauk\u0161tis: 37 cm<br \/>\ngylis: 62,3 cm<\/p>","protected":false},"featured_media":330324,"comment_status":"open","ping_status":"open","template":"","meta":[],"product_brand":[],"product_cat":[9235,866],"product_tag":[],"class_list":{"0":"post-330323","1":"product","2":"type-product","3":"status-publish","4":"has-post-thumbnail","6":"product_cat-gib-meble","7":"product_cat-coffee-tables","9":"first","10":"instock","11":"purchasable","12":"product-type-simple"},"_links":{"self":[{"href":"https:\/\/baldumarket.lt\/lt\/wp-json\/wp\/v2\/product\/330323","targetHints":{"allow":["GET"]}}],"collection":[{"href":"https:\/\/baldumarket.lt\/lt\/wp-json\/wp\/v2\/product"}],"about":[{"href":"https:\/\/baldumarket.lt\/lt\/wp-json\/wp\/v2\/types\/product"}],"replies":[{"embeddable":true,"href":"https:\/\/baldumarket.lt\/lt\/wp-json\/wp\/v2\/comments?post=330323"}],"wp:featuredmedia":[{"embeddable":true,"href":"https:\/\/baldumarket.lt\/lt\/wp-json\/wp\/v2\/media\/330324"}],"wp:attachment":[{"href":"https:\/\/baldumarket.lt\/lt\/wp-json\/wp\/v2\/media?parent=330323"}],"wp:term":[{"taxonomy":"product_brand","embeddable":true,"href":"https:\/\/baldumarket.lt\/lt\/wp-json\/wp\/v2\/product_brand?post=330323"},{"taxonomy":"product_cat","embeddable":true,"href":"https:\/\/baldumarket.lt\/lt\/wp-json\/wp\/v2\/product_cat?post=330323"},{"taxonomy":"product_tag","embeddable":true,"href":"https:\/\/baldumarket.lt\/lt\/wp-json\/wp\/v2\/product_tag?post=330323"}],"curies":[{"name":"wp","href":"https:\/\/api.w.org\/{rel}","templated":true}]}}