{"id":330316,"date":"2026-01-16T22:54:07","date_gmt":"2026-01-16T19:54:07","guid":{"rendered":"https:\/\/baldumarket.lt\/product\/komoda-apallo-90-cm-dab-brandy-castello-oryginalny-design-wysokie-ranty-blatu-barek-osadzony-na-metalowych-nogach\/"},"modified":"2026-02-11T18:01:25","modified_gmt":"2026-02-11T15:01:25","slug":"komoda-apallo-90-cm-dab-brandy-castello-oryginalny-design-wysokie-ranty-blatu-barek-osadzony-na-metalowych-nogach","status":"publish","type":"product","link":"https:\/\/baldumarket.lt\/lt\/product\/komoda-apallo-90-cm-dab-brandy-castello-oryginalny-design-wysokie-ranty-blatu-barek-osadzony-na-metalowych-nogach\/","title":{"rendered":"Apallo komoda 90 cm, brendis \u0105\u017euolas, castello, originalus dizainas, auk\u0161ti stalvir\u0161io kra\u0161tai, baras ant metalini\u0173 kojeli\u0173"},"content":{"rendered":"<p>90 cm plo\u010dio \u201eApallo\u201c komoda yra paprastas, ta\u010diau labai eleganti\u0161kas ir originalus baldas.<br \/>\n\u2019Apallo\u201c komoda \u2013 tai \u017eavus baldas, pasi\u017eymintis unikaliu ir i\u0161skirtiniu charakteriu. Intriguojanti, tamsiai ruda fasad\u0173 spalva puikiai dera su juodais aksesuarais, suteikdama baldui lofto ir industrinio stiliaus. Auk\u0161ti stalvir\u0161io kra\u0161tai pabr\u0117\u017eia unikal\u0173 komodos charakter\u012f ir neleid\u017eia nety\u010dia nukristi vidaus dekoracijoms. Unikalus komodos dizainas tiks net ir reikliausiame interjere.<br \/>\nKomoda pagaminta i\u0161 auk\u0161tos kokyb\u0117s 16 mm laminuotos plok\u0161t\u0117s, kuri yra atspari i\u0161oriniams veiksniams, tokiems kaip \u012flenkimai, sm\u016bgiai ir \u012fbr\u0117\u017eimai. Ma\u017eos juodos ranken\u0117l\u0117s stilingai u\u017ebaigia komodos fasadus. Visas korpusas pastatytas ant metalinio pagrindo. \u2019Apallo\u201c indauja pasi\u017eymi unikaliu ir moderniu dizainu, kuris suteiks originalumo bet kokiam interjerui.<br \/>\nKomoda turi tris duris. Vir\u0161utin\u0117s durys atsidaro \u017eemyn. Standarti\u0161kai komplekte yra \u0161velnaus u\u017edarymo vyriai. \u0160i sistema padidina bald\u0173 komfort\u0105 ir saugum\u0105. Brandy Castello \u0105\u017euolo apdaila puikiai dera su kitomis spalvomis, tod\u0117l \u201eApallo\u201c komoda idealiai tinka svetainei ar miegamajam. Komoda puikiai tiks kaip baras svetain\u0117je arba kaip biuro baldas.<br \/>\nMatmenys:<br \/>\nAuk\u0161tis: 140 cm<br \/>\nPlotis: 90 cm<br \/>\nGylis: 40 cm<\/p>","protected":false},"excerpt":{"rendered":"<p>plotis: 90 cm<br \/>\nauk\u0161tis: 140 cm<br \/>\ngylis: 40 cm<\/p>","protected":false},"featured_media":330317,"comment_status":"open","ping_status":"open","template":"","meta":[],"product_brand":[],"product_cat":[9235,1173],"product_tag":[],"class_list":{"0":"post-330316","1":"product","2":"type-product","3":"status-publish","4":"has-post-thumbnail","6":"product_cat-gib-meble","7":"product_cat-chests-of-drawers","9":"first","10":"instock","11":"purchasable","12":"product-type-simple"},"_links":{"self":[{"href":"https:\/\/baldumarket.lt\/lt\/wp-json\/wp\/v2\/product\/330316","targetHints":{"allow":["GET"]}}],"collection":[{"href":"https:\/\/baldumarket.lt\/lt\/wp-json\/wp\/v2\/product"}],"about":[{"href":"https:\/\/baldumarket.lt\/lt\/wp-json\/wp\/v2\/types\/product"}],"replies":[{"embeddable":true,"href":"https:\/\/baldumarket.lt\/lt\/wp-json\/wp\/v2\/comments?post=330316"}],"wp:featuredmedia":[{"embeddable":true,"href":"https:\/\/baldumarket.lt\/lt\/wp-json\/wp\/v2\/media\/330317"}],"wp:attachment":[{"href":"https:\/\/baldumarket.lt\/lt\/wp-json\/wp\/v2\/media?parent=330316"}],"wp:term":[{"taxonomy":"product_brand","embeddable":true,"href":"https:\/\/baldumarket.lt\/lt\/wp-json\/wp\/v2\/product_brand?post=330316"},{"taxonomy":"product_cat","embeddable":true,"href":"https:\/\/baldumarket.lt\/lt\/wp-json\/wp\/v2\/product_cat?post=330316"},{"taxonomy":"product_tag","embeddable":true,"href":"https:\/\/baldumarket.lt\/lt\/wp-json\/wp\/v2\/product_tag?post=330316"}],"curies":[{"name":"wp","href":"https:\/\/api.w.org\/{rel}","templated":true}]}}