{"id":330310,"date":"2026-01-16T22:54:02","date_gmt":"2026-01-16T19:54:02","guid":{"rendered":"https:\/\/baldumarket.lt\/product\/regal-apallo-80-cm-dab-brandy-castello-charakterystyczny-design-bryla-osadzona-na-metalowej-podstawie-zaoblona-linia-korpusow\/"},"modified":"2026-02-11T18:01:25","modified_gmt":"2026-02-11T15:01:25","slug":"regal-apallo-80-cm-dab-brandy-castello-charakterystyczny-design-bryla-osadzona-na-metalowej-podstawie-zaoblona-linia-korpusow","status":"publish","type":"product","link":"https:\/\/baldumarket.lt\/lt\/product\/regal-apallo-80-cm-dab-brandy-castello-charakterystyczny-design-bryla-osadzona-na-metalowej-podstawie-zaoblona-linia-korpusow\/","title":{"rendered":"Apallo knyg\u0173 lentyna, 80 cm, brandy \u0105\u017euolo spalvos, Castello stiliaus, charakteringo dizaino korpusas ant metalinio pagrindo, apvalios linijos"},"content":{"rendered":"<p>80 cm plo\u010dio \u201eApallo\u201c knyg\u0173 lentyna yra paprastas, ta\u010diau eleganti\u0161kas ir originalus baldas.<br \/>\n\u201eApallo\u201c knyg\u0173 lentyna \u2013 tai \u017eavus baldas, pasi\u017eymintis unikaliu ir i\u0161skirtiniu charakteriu. Intriguojanti, tamsiai ruda korpuso spalva puikiai dera su juodais aksesuarais, suteikdama baldui lofto ir industrinio charakterio. Auk\u0161ti stalvir\u0161io kra\u0161tai pabr\u0117\u017eia unikal\u0173 knyg\u0173 lentynos charakter\u012f ir neleid\u017eia nety\u010dia nukristi interjero dekoracijoms. Atviros lentynos \u2013 puiki vieta j\u016bs\u0173 m\u0117gstamiausioms knygoms. Rakinamose spintel\u0117se telpa dokumentai ir b\u016btini aksesuarai. Unikalus knyg\u0173 lentynos dizainas tiks net ir reikliausiam interjerui.<br \/>\nKnyg\u0173 lentyna pagaminta i\u0161 auk\u0161tos kokyb\u0117s 16 mm storio laminuotos plok\u0161t\u0117s, atsparios i\u0161oriniams veiksniams, tokiems kaip \u012flenkimai, sm\u016bgiai ir \u012fbr\u0117\u017eimai. Ma\u017eos juodos ranken\u0117l\u0117s stilingai u\u017ebaigia priekin\u0119 dal\u012f. Visa konstrukcija paremta metaliniu pagrindu.<br \/>\n\u201eApallo\u201c knyg\u0173 lentyna pasi\u017eymi unikaliu ir moderniu dizainu, kuris bet kokiam interjerui suteiks originalumo.<br \/>\nKnyg\u0173 spinta pagaminta i\u0161 atvir\u0173 lentyn\u0173 ir dviej\u0173 dureli\u0173. Standarti\u0161kai komplektuojama su \u0161velnaus u\u017edarymo vyriais. \u0160i sistema padidina bald\u0173 patogum\u0105 ir saugum\u0105. \u0104\u017euolo apdaila \u201eBrandy Castello\u201c atspalvyje puikiai dera su kitomis spalvomis, tod\u0117l \u201eApallo\u201c knyg\u0173 lentynos puikiai tinka kaip svetain\u0117s, biuro ar darbo kambario knyg\u0173 lentyna.<br \/>\nKnyg\u0173 lentynos matmenys:<br \/>\n\u016agis: 160 cm<br \/>\nPlotis: 80 cm<br \/>\nGylis: 45 cm<\/p>","protected":false},"excerpt":{"rendered":"<p>plotis: 80 cm<br \/>\nauk\u0161tis: 160 cm<br \/>\ngylis: 45 cm<\/p>","protected":false},"featured_media":330311,"comment_status":"open","ping_status":"open","template":"","meta":[],"product_brand":[],"product_cat":[9235,1177],"product_tag":[],"class_list":{"0":"post-330310","1":"product","2":"type-product","3":"status-publish","4":"has-post-thumbnail","6":"product_cat-gib-meble","7":"product_cat-wardrobes","9":"first","10":"instock","11":"purchasable","12":"product-type-simple"},"_links":{"self":[{"href":"https:\/\/baldumarket.lt\/lt\/wp-json\/wp\/v2\/product\/330310","targetHints":{"allow":["GET"]}}],"collection":[{"href":"https:\/\/baldumarket.lt\/lt\/wp-json\/wp\/v2\/product"}],"about":[{"href":"https:\/\/baldumarket.lt\/lt\/wp-json\/wp\/v2\/types\/product"}],"replies":[{"embeddable":true,"href":"https:\/\/baldumarket.lt\/lt\/wp-json\/wp\/v2\/comments?post=330310"}],"wp:featuredmedia":[{"embeddable":true,"href":"https:\/\/baldumarket.lt\/lt\/wp-json\/wp\/v2\/media\/330311"}],"wp:attachment":[{"href":"https:\/\/baldumarket.lt\/lt\/wp-json\/wp\/v2\/media?parent=330310"}],"wp:term":[{"taxonomy":"product_brand","embeddable":true,"href":"https:\/\/baldumarket.lt\/lt\/wp-json\/wp\/v2\/product_brand?post=330310"},{"taxonomy":"product_cat","embeddable":true,"href":"https:\/\/baldumarket.lt\/lt\/wp-json\/wp\/v2\/product_cat?post=330310"},{"taxonomy":"product_tag","embeddable":true,"href":"https:\/\/baldumarket.lt\/lt\/wp-json\/wp\/v2\/product_tag?post=330310"}],"curies":[{"name":"wp","href":"https:\/\/api.w.org\/{rel}","templated":true}]}}