{"id":330304,"date":"2026-01-16T22:53:58","date_gmt":"2026-01-16T19:53:58","guid":{"rendered":"https:\/\/baldumarket.lt\/product\/komoda-tullio-150-cm-czarny-grafit-captains-deck-elegancka-komoda-o-intrygujacej-stylistyce-designerskie-uchwyty-krawedziowe\/"},"modified":"2026-02-11T18:01:25","modified_gmt":"2026-02-11T15:01:25","slug":"komoda-tullio-150-cm-czarny-grafit-captains-deck-elegancka-komoda-o-intrygujacej-stylistyce-designerskie-uchwyty-krawedziowe","status":"publish","type":"product","link":"https:\/\/baldumarket.lt\/lt\/product\/komoda-tullio-150-cm-czarny-grafit-captains-deck-elegancka-komoda-o-intrygujacej-stylistyce-designerskie-uchwyty-krawedziowe\/","title":{"rendered":"\u201eTullio\u201c komoda 150 cm, juodo grafito \/ kapitono denio spalva \u2013 eleganti\u0161ka komoda su intriguojan\u010diu dizainu ir dizaineri\u0173 apvadais puo\u0161tomis ranken\u0117l\u0117mis"},"content":{"rendered":"<p>150 cm ilgio grafito juodumo \/ kapitono denio spalvos \u201eTullio\u201c komoda \u2013 baldas modernaus dekoro m\u0117g\u0117jams.<br \/>\n\u0160i \u2019Tullio\u201c kolekcijos komoda prad\u017eiugins visus rafinuoto interjero m\u0117g\u0117jus. I\u0161skirtiniai komodos bruo\u017eai \u2013 u\u017e fasado besit\u0119siantis u\u017eapvalintas stalvir\u0161is ir originalus med\u017eio ra\u0161tas, sukuriantis unikali\u0105 atmosfer\u0105 bet kuriame interjere. Stilinga grafito juoda spalva harmoningai dera su maloniu rudu kapitono denio atspalviu, suteikdama baldui unikali\u0105 i\u0161vaizd\u0105 ir kontrast\u0105. \u0160is spalv\u0173 derinys puikiai perteikia prabang\u0173 komodos charakter\u012f. Juodo metalo akcentai suteikia baldo kompozicijai vientisumo ir minimalistikos.<br \/>\nEleganti\u0161kos juodos ranken\u0117l\u0117s su kra\u0161tais suteikia komod\u0173 fasadams unikal\u0173 akcent\u0105. Baldo konstrukcij\u0105 laiko auk\u0161tos, 20 cm metalin\u0117s kojel\u0117s, suteikian\u010dios baldui vizualiai lengvumo, ta\u010diau i\u0161laikan\u010dios prakti\u0161kum\u0105. Komoda pagaminta i\u0161 auk\u0161tos kokyb\u0117s, 16 mm storio laminuotos plok\u0161t\u0117s, kuri yra atspari i\u0161oriniams veiksniams, tokiems kaip \u012flenkimai, sm\u016bgiai ir \u012fbr\u0117\u017eimai.<br \/>\n\u201eTullio\u201c komoda derina skandinavi\u0161k\u0105 dizain\u0105 su klasikin\u0117mis spalv\u0173 gamomis.<br \/>\nKomoda turi tris dureles. Standartin\u0117s savyb\u0117s yra \u0161velnaus u\u017edarymo vyriai. \u0160i sistema padidina naudojimo komfort\u0105. \u0160ilta ruda \u201eCaptains Deck\u201c med\u017eio spalva papildys rafinuot\u0105 interjer\u0105, tod\u0117l \u201eTullio\u201c komoda puikiai tinka kaip eleganti\u0161kos apdailos svetain\u0117s komoda, svetain\u0117s komoda arba klasikinio stiliaus miegamojo komoda. Metalin\u0117s komodos taip pat puikiai tinka kaip biuro baldai.<br \/>\nKr\u016btin\u0117s matmenys:<br \/>\nAuk\u0161tis: 80 cm<br \/>\nPlotis: 150 cm<br \/>\nGylis: 41 cm<\/p>","protected":false},"excerpt":{"rendered":"<p>plotis: 150 cm<br \/>\nauk\u0161tis: 80 cm<br \/>\ngylis: 41 cm<\/p>","protected":false},"featured_media":330305,"comment_status":"open","ping_status":"open","template":"","meta":[],"product_brand":[],"product_cat":[9235,1173],"product_tag":[],"class_list":{"0":"post-330304","1":"product","2":"type-product","3":"status-publish","4":"has-post-thumbnail","6":"product_cat-gib-meble","7":"product_cat-chests-of-drawers","9":"first","10":"instock","11":"purchasable","12":"product-type-simple"},"_links":{"self":[{"href":"https:\/\/baldumarket.lt\/lt\/wp-json\/wp\/v2\/product\/330304","targetHints":{"allow":["GET"]}}],"collection":[{"href":"https:\/\/baldumarket.lt\/lt\/wp-json\/wp\/v2\/product"}],"about":[{"href":"https:\/\/baldumarket.lt\/lt\/wp-json\/wp\/v2\/types\/product"}],"replies":[{"embeddable":true,"href":"https:\/\/baldumarket.lt\/lt\/wp-json\/wp\/v2\/comments?post=330304"}],"wp:featuredmedia":[{"embeddable":true,"href":"https:\/\/baldumarket.lt\/lt\/wp-json\/wp\/v2\/media\/330305"}],"wp:attachment":[{"href":"https:\/\/baldumarket.lt\/lt\/wp-json\/wp\/v2\/media?parent=330304"}],"wp:term":[{"taxonomy":"product_brand","embeddable":true,"href":"https:\/\/baldumarket.lt\/lt\/wp-json\/wp\/v2\/product_brand?post=330304"},{"taxonomy":"product_cat","embeddable":true,"href":"https:\/\/baldumarket.lt\/lt\/wp-json\/wp\/v2\/product_cat?post=330304"},{"taxonomy":"product_tag","embeddable":true,"href":"https:\/\/baldumarket.lt\/lt\/wp-json\/wp\/v2\/product_tag?post=330304"}],"curies":[{"name":"wp","href":"https:\/\/api.w.org\/{rel}","templated":true}]}}