{"id":330300,"date":"2026-01-16T22:53:54","date_gmt":"2026-01-16T19:53:54","guid":{"rendered":"https:\/\/baldumarket.lt\/product\/stolik-kawowy-tullio-czarny-grafit-captains-deck-oryginalny-design-stolik-osadzony-na-metalowych-nogach-w-stylu-skandynawskim\/"},"modified":"2026-02-11T18:01:25","modified_gmt":"2026-02-11T15:01:25","slug":"stolik-kawowy-tullio-czarny-grafit-captains-deck-oryginalny-design-stolik-osadzony-na-metalowych-nogach-w-stylu-skandynawskim","status":"publish","type":"product","link":"https:\/\/baldumarket.lt\/lt\/product\/stolik-kawowy-tullio-czarny-grafit-captains-deck-oryginalny-design-stolik-osadzony-na-metalowych-nogach-w-stylu-skandynawskim\/","title":{"rendered":"\u201eTullio\u201c kavos staliukas, juodo grafito \/ kapitono denio, originalaus dizaino staliuk\u0173 komplektas su metalin\u0117mis kojel\u0117mis, skandinavi\u0161ko stiliaus"},"content":{"rendered":"<p>\u201eTullio\u201c kavos staliukas yra labai eleganti\u0161kas ir originalus baldas su i\u0161skirtiniu dizainu.<br \/>\n\u201eTullio\u201c kavos staliukas \u2013 \u017eavus baldas, pasi\u017eymintis unikaliu ir ypatingu charakteriu. Stilingas juodas grafitas harmoningai dera su malonia ruda kapitono denio med\u017eio spalva, suteikdamas baldui unikali\u0105 i\u0161vaizd\u0105 ir kontrast\u0105. Lentyn\u0117l\u0117 po stalvir\u0161iu suteikia papildomos erdv\u0117s. Unikalus kavos staliuko dizainas tiks net ir i\u0161rankiausiam interjerui.<br \/>\nKavos staliukas pagamintas i\u0161 auk\u0161tos kokyb\u0117s 16 mm laminuotos plok\u0161t\u0117s, kuri yra atspari i\u0161oriniams veiksniams, tokiems kaip \u012fbr\u0117\u017eimai, \u012fbr\u0117\u017eimai ir \u012fbr\u0117\u017eimai. Baldo konstrukcij\u0105 laiko auk\u0161tos, 20 cm auk\u0161\u010dio metalin\u0117s kojel\u0117s, suteikian\u010dios formai vizualin\u012f lengvum\u0105, ta\u010diau i\u0161laikant prakti\u0161kum\u0105. \u201eTullio\u201c kavos staliukas pasi\u017eymi unikaliu ir moderniu dizainu, kuris suteiks originalumo bet kokiam interjerui.<br \/>\nKavos staliukas turi plat\u0173, vandeniui atspar\u0173 stalvir\u0161\u012f ir lentyn\u0117l\u0119 apa\u010dioje. Kavos staliukas garantuoja patog\u0173 ir be r\u016bpes\u010di\u0173 naudojim\u0105 bei ilgaam\u017ei\u0161kum\u0105 daugel\u012f met\u0173. \u0160ilta ruda \u201eCaptain&#039;s Deck\u201c med\u017eio spalva puikiai dera su kitomis spalvomis, tod\u0117l modern\u016bs \u201eTullio\u201c kavos staliukai puikiai tinka bet kokiam interjerui.<br \/>\nKavos staliuko matmenys:<br \/>\nAuk\u0161tis: 40 cm<br \/>\nPlotis: 100 cm<br \/>\nGylis: 57 cm<\/p>","protected":false},"excerpt":{"rendered":"<p>plotis: 100 cm<br \/>\nauk\u0161tis: 40 cm<br \/>\ngylis: 57 cm<\/p>","protected":false},"featured_media":330301,"comment_status":"open","ping_status":"open","template":"","meta":[],"product_brand":[],"product_cat":[9235,866],"product_tag":[],"class_list":{"0":"post-330300","1":"product","2":"type-product","3":"status-publish","4":"has-post-thumbnail","6":"product_cat-gib-meble","7":"product_cat-coffee-tables","9":"first","10":"instock","11":"purchasable","12":"product-type-simple"},"_links":{"self":[{"href":"https:\/\/baldumarket.lt\/lt\/wp-json\/wp\/v2\/product\/330300","targetHints":{"allow":["GET"]}}],"collection":[{"href":"https:\/\/baldumarket.lt\/lt\/wp-json\/wp\/v2\/product"}],"about":[{"href":"https:\/\/baldumarket.lt\/lt\/wp-json\/wp\/v2\/types\/product"}],"replies":[{"embeddable":true,"href":"https:\/\/baldumarket.lt\/lt\/wp-json\/wp\/v2\/comments?post=330300"}],"wp:featuredmedia":[{"embeddable":true,"href":"https:\/\/baldumarket.lt\/lt\/wp-json\/wp\/v2\/media\/330301"}],"wp:attachment":[{"href":"https:\/\/baldumarket.lt\/lt\/wp-json\/wp\/v2\/media?parent=330300"}],"wp:term":[{"taxonomy":"product_brand","embeddable":true,"href":"https:\/\/baldumarket.lt\/lt\/wp-json\/wp\/v2\/product_brand?post=330300"},{"taxonomy":"product_cat","embeddable":true,"href":"https:\/\/baldumarket.lt\/lt\/wp-json\/wp\/v2\/product_cat?post=330300"},{"taxonomy":"product_tag","embeddable":true,"href":"https:\/\/baldumarket.lt\/lt\/wp-json\/wp\/v2\/product_tag?post=330300"}],"curies":[{"name":"wp","href":"https:\/\/api.w.org\/{rel}","templated":true}]}}