{"id":33030,"date":"2025-11-14T22:36:27","date_gmt":"2025-11-14T19:36:27","guid":{"rendered":"https:\/\/baldumarket.lt\/product\/craft-regal-dab-artisan\/"},"modified":"2026-03-24T18:15:57","modified_gmt":"2026-03-24T15:15:57","slug":"craft-regal-dab-artisan","status":"publish","type":"product","link":"https:\/\/baldumarket.lt\/lt\/product\/craft-regal-dab-artisan\/","title":{"rendered":"\u0104\u017euolin\u0117 knyg\u0173 lentyna \u201eAmat\u0173 amatininkas\u201c"},"content":{"rendered":"<p>Lentyna \u201eCraft\u201c \u2013 prakti\u0161kas ir stilingas baldas, puikiai atrodantis bet kokiame interjere. 40 cm plo\u010dio, 180 cm auk\u0161\u010dio ir 40 cm gylio, tod\u0117l puikiai tinka \u012fvairiems daiktams laikyti. Stal\u010dius, kurio maksimali apkrova yra 3 kg, u\u017etikrina patog\u0173 smulki\u0173 pried\u0173 laikym\u0105, o juodos plastikin\u0117s b\u0117gel\u0117s u\u017etikrina stabilum\u0105 ir apsaugo grindis nuo \u012fbr\u0117\u017eim\u0173.<\/p>","protected":false},"excerpt":{"rendered":"<p>Lentyna \u201eCraft\u201c \u2013 prakti\u0161kas ir stilingas baldas, puikiai atrodantis bet kokiame interjere. 40 cm plo\u010dio, 180 cm auk\u0161\u010dio ir 40 cm gylio, tod\u0117l puikiai tinka \u012fvairiems daiktams laikyti. Stal\u010dius, kurio maksimali apkrova yra 3 kg, suteikia patog\u0173 laikym\u0105 smulkiems aksesuarams, o juoda [\u2026]<\/p>","protected":false},"featured_media":33031,"comment_status":"open","ping_status":"open","template":"","meta":[],"product_brand":[],"product_cat":[2012,9177,1987],"product_tag":[],"class_list":{"0":"post-33030","1":"product","2":"type-product","3":"status-publish","4":"has-post-thumbnail","6":"product_cat-eltap","7":"product_cat-shelving-units-eltap","8":"product_cat-shelving-units","10":"first","11":"instock","12":"purchasable","13":"product-type-simple"},"_links":{"self":[{"href":"https:\/\/baldumarket.lt\/lt\/wp-json\/wp\/v2\/product\/33030","targetHints":{"allow":["GET"]}}],"collection":[{"href":"https:\/\/baldumarket.lt\/lt\/wp-json\/wp\/v2\/product"}],"about":[{"href":"https:\/\/baldumarket.lt\/lt\/wp-json\/wp\/v2\/types\/product"}],"replies":[{"embeddable":true,"href":"https:\/\/baldumarket.lt\/lt\/wp-json\/wp\/v2\/comments?post=33030"}],"wp:featuredmedia":[{"embeddable":true,"href":"https:\/\/baldumarket.lt\/lt\/wp-json\/wp\/v2\/media\/33031"}],"wp:attachment":[{"href":"https:\/\/baldumarket.lt\/lt\/wp-json\/wp\/v2\/media?parent=33030"}],"wp:term":[{"taxonomy":"product_brand","embeddable":true,"href":"https:\/\/baldumarket.lt\/lt\/wp-json\/wp\/v2\/product_brand?post=33030"},{"taxonomy":"product_cat","embeddable":true,"href":"https:\/\/baldumarket.lt\/lt\/wp-json\/wp\/v2\/product_cat?post=33030"},{"taxonomy":"product_tag","embeddable":true,"href":"https:\/\/baldumarket.lt\/lt\/wp-json\/wp\/v2\/product_tag?post=33030"}],"curies":[{"name":"wp","href":"https:\/\/api.w.org\/{rel}","templated":true}]}}