{"id":330295,"date":"2026-01-16T22:53:51","date_gmt":"2026-01-16T19:53:51","guid":{"rendered":"https:\/\/baldumarket.lt\/product\/regal-tullio-70-cm-czarny-grafit-captains-deck-elegancki-design-regal-z-drzwiami-zaoblona-linia-blatow-metalowa-podstawa\/"},"modified":"2026-02-11T18:01:25","modified_gmt":"2026-02-11T15:01:25","slug":"regal-tullio-70-cm-czarny-grafit-captains-deck-elegancki-design-regal-z-drzwiami-zaoblona-linia-blatow-metalowa-podstawa","status":"publish","type":"product","link":"https:\/\/baldumarket.lt\/lt\/product\/regal-tullio-70-cm-czarny-grafit-captains-deck-elegancki-design-regal-z-drzwiami-zaoblona-linia-blatow-metalowa-podstawa\/","title":{"rendered":"\u201eTullio\u201c knyg\u0173 lentyna, 70 cm, juodo grafito spalvos \/ kapitono denio, eleganti\u0161ko dizaino knyg\u0173 lentyna su durel\u0117mis, apvaliu stalvir\u0161iu, metaliniu pagrindu"},"content":{"rendered":"<p>70 cm plo\u010dio grafito juodumo \/ kapitono denio spalvos \u201eTullio\u201c knyg\u0173 lentyna \u2013 puikus pasirinkimas modernaus dekoro m\u0117g\u0117jams.<br \/>\n\u201eTullio\u201c knyg\u0173 lentyna prad\u017eiugins visus rafinuoto i\u0161d\u0117stymo m\u0117g\u0117jus. I\u0161skirtiniai knyg\u0173 lentynos bruo\u017eai \u2013 u\u017e priekin\u0117s linijos besit\u0119siantis u\u017eapvalintas stalvir\u0161is ir unikalus med\u017eio ra\u0161tas, sukuriantis unikali\u0105 atmosfer\u0105 bet kuriame interjere. Stilinga grafito juoda spalva harmoningai dera su maloniu rudu kapitono denio atspalviu, suteikdama baldui unikali\u0105 i\u0161vaizd\u0105 ir kontrast\u0105. \u0160is spalv\u0173 derinys puikiai perteikia prabang\u0173 knyg\u0173 lentynos charakter\u012f. Juodo metalo akcentai suteikia bald\u0173 kompozicijai vientisumo ir minimalistikos.<br \/>\nEleganti\u0161ka juoda rankena su kra\u0161tu suteikia knyg\u0173 lentynos priekiui unikal\u0173 apdailos akcent\u0105. Baldo konstrukcij\u0105 laiko auk\u0161tos, 20 cm metalin\u0117s kojel\u0117s, suteikian\u010dios baldui vizualiai lengvumo, ta\u010diau i\u0161laikan\u010dios prakti\u0161kum\u0105. Knyg\u0173 lentyna su durel\u0117mis pagaminta i\u0161 auk\u0161tos kokyb\u0117s, 16 mm storio laminuotos plok\u0161t\u0117s, kuri yra atspari i\u0161oriniams veiksniams, tokiems kaip \u012flenkimai, sm\u016bgiai ir \u012fbr\u0117\u017eimai.<br \/>\n\u201eTullio\u201c knyg\u0173 lentyna derina skandinavi\u0161k\u0105 dizain\u0105 su klasikine spalv\u0173 gama.<br \/>\nKnyg\u0173 lentyn\u0105 sudaro atvira dalis ir vienerios durel\u0117s. \u0160velnaus u\u017edarymo vyriai yra standartin\u0117 \u012franga. \u0160i sistema padidina bald\u0173 komfort\u0105 ir saugum\u0105. \u0160ilta ruda \u201eCaptains Deck\u201c med\u017eio spalva papildys rafinuot\u0105 interjer\u0105, tod\u0117l \u201eTullio\u201c knyg\u0173 lentynos puikiai tinka kaip svetain\u0117s, biuro ar net svetain\u0117s knyg\u0173 lentynos.<br \/>\nLentynos matmenys:<br \/>\n\u016agis: 190 cm<br \/>\nPlotis: 70 cm<br \/>\nGylis: 41 cm<\/p>","protected":false},"excerpt":{"rendered":"<p>plotis: 70 cm<br \/>\nauk\u0161tis: 190 cm<br \/>\ngylis: 41 cm<\/p>","protected":false},"featured_media":330296,"comment_status":"open","ping_status":"open","template":"","meta":[],"product_brand":[],"product_cat":[9235,1177],"product_tag":[],"class_list":{"0":"post-330295","1":"product","2":"type-product","3":"status-publish","4":"has-post-thumbnail","6":"product_cat-gib-meble","7":"product_cat-wardrobes","9":"first","10":"instock","11":"purchasable","12":"product-type-simple"},"_links":{"self":[{"href":"https:\/\/baldumarket.lt\/lt\/wp-json\/wp\/v2\/product\/330295","targetHints":{"allow":["GET"]}}],"collection":[{"href":"https:\/\/baldumarket.lt\/lt\/wp-json\/wp\/v2\/product"}],"about":[{"href":"https:\/\/baldumarket.lt\/lt\/wp-json\/wp\/v2\/types\/product"}],"replies":[{"embeddable":true,"href":"https:\/\/baldumarket.lt\/lt\/wp-json\/wp\/v2\/comments?post=330295"}],"wp:featuredmedia":[{"embeddable":true,"href":"https:\/\/baldumarket.lt\/lt\/wp-json\/wp\/v2\/media\/330296"}],"wp:attachment":[{"href":"https:\/\/baldumarket.lt\/lt\/wp-json\/wp\/v2\/media?parent=330295"}],"wp:term":[{"taxonomy":"product_brand","embeddable":true,"href":"https:\/\/baldumarket.lt\/lt\/wp-json\/wp\/v2\/product_brand?post=330295"},{"taxonomy":"product_cat","embeddable":true,"href":"https:\/\/baldumarket.lt\/lt\/wp-json\/wp\/v2\/product_cat?post=330295"},{"taxonomy":"product_tag","embeddable":true,"href":"https:\/\/baldumarket.lt\/lt\/wp-json\/wp\/v2\/product_tag?post=330295"}],"curies":[{"name":"wp","href":"https:\/\/api.w.org\/{rel}","templated":true}]}}