{"id":330289,"date":"2026-01-16T22:53:45","date_gmt":"2026-01-16T19:53:45","guid":{"rendered":"https:\/\/baldumarket.lt\/product\/szafka-rtv-tullio-150-cm-czarny-grafit-captains-deck-elegancka-szafka-w-oryginalnej-kolorystyce-metalowe-uchwyty-krawedziowe\/"},"modified":"2026-02-11T18:01:25","modified_gmt":"2026-02-11T15:01:25","slug":"szafka-rtv-tullio-150-cm-czarny-grafit-captains-deck-elegancka-szafka-w-oryginalnej-kolorystyce-metalowe-uchwyty-krawedziowe","status":"publish","type":"product","link":"https:\/\/baldumarket.lt\/lt\/product\/szafka-rtv-tullio-150-cm-czarny-grafit-captains-deck-elegancka-szafka-w-oryginalnej-kolorystyce-metalowe-uchwyty-krawedziowe\/","title":{"rendered":"\u201eTullio\u201c televizoriaus spintel\u0117, 150 cm, juodo grafito spalvos \/ kapitono denio eleganti\u0161ka spintel\u0117 originali\u0173 spalv\u0173, metalin\u0117s rankenos su kra\u0161tais"},"content":{"rendered":"<p>150 cm plo\u010dio ir plo\u010dio \u201eTullio\u201c televizoriaus staliukas grafito juodumo \/ kapitono denio spalvos \u2013 puikus pasirinkimas modernaus dekoro m\u0117g\u0117jams.<br \/>\n\u201eTullio\u201c televizoriaus staliukas prad\u017eiugins visus, m\u0117gstan\u010dius rafinuot\u0105 interjer\u0105. I\u0161skirtiniai televizoriaus staliuko bruo\u017eai \u2013 u\u017eapvalintas stalvir\u0161is, besidriekiantis u\u017e fasado, ir originalus med\u017eio ra\u0161tas, sukuriantis unikali\u0105 atmosfer\u0105 bet kuriame interjere. Stilinga grafito juoda spalva harmoningai dera su maloniu rudu kapitono denio atspalviu, suteikdama baldui unikali\u0105 i\u0161vaizd\u0105 ir kontrast\u0105. \u0160is spalv\u0173 derinys puikiai perteikia prabang\u0173 televizoriaus staliuko charakter\u012f. Juodo metalo akcentai suteikia baldo kompozicijai vientisumo ir minimalistikos. Eleganti\u0161kos juodos ranken\u0117l\u0117s su kra\u0161tais suteikia televizoriaus staliuko fasadams unikal\u0173 akcent\u0105. Baldo konstrukcij\u0105 laiko auk\u0161tos, 20 cm metalin\u0117s kojel\u0117s, suteikian\u010dios baldui vizualiai lengvumo poj\u016bt\u012f, ta\u010diau i\u0161laikan\u010dios prakti\u0161kum\u0105. Televizoriaus staliukas pagamintas i\u0161 auk\u0161tos kokyb\u0117s, 16 mm storio laminuotos plok\u0161t\u0117s, kuri yra atspari i\u0161oriniams veiksniams, tokiems kaip \u012flenkimai, sm\u016bgiai ir \u012fbr\u0117\u017eimai.<br \/>\n\u201eTullio\u201c televizoriaus staliukas derina skandinavi\u0161k\u0105 dizain\u0105 su klasikin\u0117mis spalv\u0173 gamomis.<br \/>\nTelevizoriaus staliukas turi dvi duris. Standartin\u0117s savyb\u0117s yra \u0161velnaus u\u017edarymo vyriai. \u0160i sistema padidina naudojimo patogum\u0105. \u0160ilta ruda \u201eCaptain&#039;s Deck\u201c med\u017eio spalva papildys rafinuot\u0105 interjer\u0105, tod\u0117l \u201eTullio\u201c televizoriaus staliukai puikiai tinka erdviems, \u0161viesiems, klasikinio stiliaus interjerams. Modern\u016bs ir industrinio stiliaus televizoriaus staliukai su eleganti\u0161ka apdaila puikiai papildys bet kok\u012f interjer\u0105.<br \/>\nTelevizoriaus stovo matmenys:<br \/>\nAuk\u0161tis: 60 cm<br \/>\nPlotis: 150 cm<br \/>\nGylis: 41 cm<\/p>","protected":false},"excerpt":{"rendered":"<p>plotis: 150 cm<br \/>\nauk\u0161tis: 60 cm<br \/>\ngylis: 41 cm<\/p>","protected":false},"featured_media":330290,"comment_status":"open","ping_status":"open","template":"","meta":[],"product_brand":[],"product_cat":[9235,1175],"product_tag":[],"class_list":{"0":"post-330289","1":"product","2":"type-product","3":"status-publish","4":"has-post-thumbnail","6":"product_cat-gib-meble","7":"product_cat-tv-stands","9":"first","10":"instock","11":"purchasable","12":"product-type-simple"},"_links":{"self":[{"href":"https:\/\/baldumarket.lt\/lt\/wp-json\/wp\/v2\/product\/330289","targetHints":{"allow":["GET"]}}],"collection":[{"href":"https:\/\/baldumarket.lt\/lt\/wp-json\/wp\/v2\/product"}],"about":[{"href":"https:\/\/baldumarket.lt\/lt\/wp-json\/wp\/v2\/types\/product"}],"replies":[{"embeddable":true,"href":"https:\/\/baldumarket.lt\/lt\/wp-json\/wp\/v2\/comments?post=330289"}],"wp:featuredmedia":[{"embeddable":true,"href":"https:\/\/baldumarket.lt\/lt\/wp-json\/wp\/v2\/media\/330290"}],"wp:attachment":[{"href":"https:\/\/baldumarket.lt\/lt\/wp-json\/wp\/v2\/media?parent=330289"}],"wp:term":[{"taxonomy":"product_brand","embeddable":true,"href":"https:\/\/baldumarket.lt\/lt\/wp-json\/wp\/v2\/product_brand?post=330289"},{"taxonomy":"product_cat","embeddable":true,"href":"https:\/\/baldumarket.lt\/lt\/wp-json\/wp\/v2\/product_cat?post=330289"},{"taxonomy":"product_tag","embeddable":true,"href":"https:\/\/baldumarket.lt\/lt\/wp-json\/wp\/v2\/product_tag?post=330289"}],"curies":[{"name":"wp","href":"https:\/\/api.w.org\/{rel}","templated":true}]}}