{"id":330284,"date":"2026-01-16T22:53:42","date_gmt":"2026-01-16T19:53:42","guid":{"rendered":"https:\/\/baldumarket.lt\/product\/witryna-tullio-90-cm-czarny-grafit-captains-deck-stylowa-witryna-z-metalowa-podstawa-w-stylu-skandynawskim-modna-kolorystyka\/"},"modified":"2026-02-11T18:01:25","modified_gmt":"2026-02-11T15:01:25","slug":"witryna-tullio-90-cm-czarny-grafit-captains-deck-stylowa-witryna-z-metalowa-podstawa-w-stylu-skandynawskim-modna-kolorystyka","status":"publish","type":"product","link":"https:\/\/baldumarket.lt\/lt\/product\/witryna-tullio-90-cm-czarny-grafit-captains-deck-stylowa-witryna-z-metalowa-podstawa-w-stylu-skandynawskim-modna-kolorystyka\/","title":{"rendered":"\u201eTullio\u201c vitrina, 90 cm, juodo grafito \/ kapitono denio spalvos, stilinga vitrina su metaliniu pagrindu, skandinavi\u0161ko stiliaus, mading\u0173 spalv\u0173"},"content":{"rendered":"<p>90 cm skersmens grafito juodumo \/ kapitono denio \u201eTullio\u201c vitrina \u2013 puikus pasirinkimas modernaus dekoro m\u0117g\u0117jams.<br \/>\n\u0160i \u201eTullio\u201c kolekcijos vitrina prad\u017eiugins visus rafinuoto dizaino m\u0117g\u0117jus. I\u0161skirtiniai vitrinos bruo\u017eai \u2013 u\u017e fasado besit\u0119siantis u\u017eapvalintas stalvir\u0161is ir unikalus med\u017eio ra\u0161tas, sukuriantis unikali\u0105 atmosfer\u0105 bet kuriame interjere. Stilinga grafito juoda spalva harmoningai dera su malonia kapitono denio ruda spalva, suteikdama baldams unikali\u0105 i\u0161vaizd\u0105 ir kontrast\u0105. \u0160is spalv\u0173 derinys puikiai perteikia prabang\u0173 vitrinos charakter\u012f svetainei. Juodo metalo akcentai sukuria darn\u0173, minimalistin\u012f dizain\u0105.<br \/>\nEleganti\u0161kos juodos ranken\u0117l\u0117s su kra\u0161tais suteikia knyg\u0173 lentynos priekiui unikal\u0173 apdailos akcent\u0105. Baldo konstrukcij\u0105 laiko auk\u0161tos, 20 cm metalin\u0117s kojel\u0117s, suteikian\u010dios baldui vizualin\u012f lengvum\u0105, ta\u010diau i\u0161laikant prakti\u0161kum\u0105. Vitrina pagaminta i\u0161 auk\u0161tos kokyb\u0117s, 16 mm storio laminuotos plok\u0161t\u0117s, kuri yra atspari i\u0161oriniams veiksniams, tokiems kaip \u012flenkimai, sm\u016bgiai ir \u012fbr\u0117\u017eimai. \u012estiklintas fasadas leid\u017eia demonstruoti svetain\u0117s aksesuarus.<br \/>\n\u201eTullio\u201c vitrina derina skandinavi\u0161k\u0105 dizain\u0105 su klasikin\u0117mis spalv\u0173 gamomis.<br \/>\nVitrina turi dvejas duris. Standartin\u0117je komplektacijoje yra \u0161velnaus u\u017edarymo vyriai. \u0160i sistema padidina naudojimo komfort\u0105. \u0160ilta ruda \u201eCaptain&#039;s Deck\u201c med\u017eio spalva papildys rafinuot\u0105 interjer\u0105, tod\u0117l \u201eTullio\u201c stiklin\u0117s vitrinos puikiai tinka kaip svetain\u0117s, valgomojo ar knyg\u0173 lentynos.<br \/>\nVitrinos matmenys:<br \/>\nAuk\u0161tis: 140 cm<br \/>\nPlotis: 90 cm<br \/>\nGylis: 41 cm<\/p>","protected":false},"excerpt":{"rendered":"<p>plotis: 90 cm<br \/>\nauk\u0161tis: 140 cm<br \/>\ngylis: 41 cm<\/p>","protected":false},"featured_media":330285,"comment_status":"open","ping_status":"open","template":"","meta":[],"product_brand":[],"product_cat":[9235,2006],"product_tag":[],"class_list":{"0":"post-330284","1":"product","2":"type-product","3":"status-publish","4":"has-post-thumbnail","6":"product_cat-gib-meble","7":"product_cat-vitrines","9":"first","10":"instock","11":"purchasable","12":"product-type-simple"},"_links":{"self":[{"href":"https:\/\/baldumarket.lt\/lt\/wp-json\/wp\/v2\/product\/330284","targetHints":{"allow":["GET"]}}],"collection":[{"href":"https:\/\/baldumarket.lt\/lt\/wp-json\/wp\/v2\/product"}],"about":[{"href":"https:\/\/baldumarket.lt\/lt\/wp-json\/wp\/v2\/types\/product"}],"replies":[{"embeddable":true,"href":"https:\/\/baldumarket.lt\/lt\/wp-json\/wp\/v2\/comments?post=330284"}],"wp:featuredmedia":[{"embeddable":true,"href":"https:\/\/baldumarket.lt\/lt\/wp-json\/wp\/v2\/media\/330285"}],"wp:attachment":[{"href":"https:\/\/baldumarket.lt\/lt\/wp-json\/wp\/v2\/media?parent=330284"}],"wp:term":[{"taxonomy":"product_brand","embeddable":true,"href":"https:\/\/baldumarket.lt\/lt\/wp-json\/wp\/v2\/product_brand?post=330284"},{"taxonomy":"product_cat","embeddable":true,"href":"https:\/\/baldumarket.lt\/lt\/wp-json\/wp\/v2\/product_cat?post=330284"},{"taxonomy":"product_tag","embeddable":true,"href":"https:\/\/baldumarket.lt\/lt\/wp-json\/wp\/v2\/product_tag?post=330284"}],"curies":[{"name":"wp","href":"https:\/\/api.w.org\/{rel}","templated":true}]}}