{"id":330274,"date":"2026-01-16T22:53:34","date_gmt":"2026-01-16T19:53:34","guid":{"rendered":"https:\/\/baldumarket.lt\/product\/komoda-z-szufladami-denver-81-cm-dab-monastery-czarny-polysk-prosta-komoda-do-sypialni-salonu-lub-przedpokoju-uchwyty-krawedziowe\/"},"modified":"2026-02-11T18:01:26","modified_gmt":"2026-02-11T15:01:26","slug":"komoda-z-szufladami-denver-81-cm-dab-monastery-czarny-polysk-prosta-komoda-do-sypialni-salonu-lub-przedpokoju-uchwyty-krawedziowe","status":"publish","type":"product","link":"https:\/\/baldumarket.lt\/lt\/product\/komoda-z-szufladami-denver-81-cm-dab-monastery-czarny-polysk-prosta-komoda-do-sypialni-salonu-lub-przedpokoju-uchwyty-krawedziowe\/","title":{"rendered":"Denver komoda, 81 cm, Monastery \u0105\u017euolas \/ blizgi juoda, paprasta komoda miegamajam, svetainei ar prie\u0161kambariui, su ranken\u0117l\u0117mis"},"content":{"rendered":"<p>81 cm plo\u010dio \u201eDenver\u201c komoda \u201eMonoye Oak\/Black\u201c spalvos \u2013 paprastas, ta\u010diau labai stilingas ir modernus baldas.<br \/>\n\u2019Denver\u201c kolekcijos komoda \u2013 idealus pasirinkimas vertinantiems klasikin\u012f interjer\u0105. Madingos spalvos ir kruop\u0161ti komodos apdaila suteiks interjerui elegancijos ir estetinio patrauklumo. I\u0161skirtiniai komodos bruo\u017eai \u2013 blizg\u016bs juodi \u012fd\u0117klai, sukuriantys trimat\u012f efekt\u0105. Stilingos kra\u0161tin\u0117s ranken\u0117l\u0117s suteikia komodai labai \u012fsp\u016bding\u0105 i\u0161vaizd\u0105. \u201eDenver\u201c kolekcijos komoda \u2013 universalus baldas, kuris puikiai papildys svetain\u0117s, miegamojo, jaunimo kambario ar net prie\u0161kambario estetik\u0105, suteikdamas erdvei elegancijos ir modernaus stiliaus.<br \/>\nKomoda pagaminta i\u0161 auk\u0161tos kokyb\u0117s laminuotos plok\u0161t\u0117s, atsparios i\u0161oriniams veiksniams, tokiems kaip \u012flenkimai, sm\u016bgiai ir \u012fbr\u0117\u017eimai. Bald\u0173 stal\u010di\u0173 metalin\u0117s rankenos pasi\u017eymi dideliu patvarumu ir tvirtumu. Tiksli apdaila ir d\u0117mesys detal\u0117ms u\u017etikrina, kad \u201eDenver\u201c komoda daugel\u012f met\u0173 i\u0161laikys gra\u017ei\u0105 i\u0161vaizd\u0105 nepakenkdama funkcionalumui.<br \/>\n\u201eDenver\u201c komoda sukurta tiems, kurie vertina modern\u0173 bald\u0173 dizain\u0105 ir patogum\u0105 kasdienio naudojimo metu.<br \/>\nKomoda turi keturis stal\u010dius. \u201eDenver\u201c komoda buvo sukurta atsi\u017evelgiant \u012f funkcionalum\u0105 ir prakti\u0161kum\u0105, si\u016blant daug vietos daiktams susid\u0117ti. Kontrastingos ir ry\u0161kios spalvos papildys klasikin\u012f interjer\u0105, tod\u0117l \u201eDenver\u201c komoda puikiai tinka kaip eleganti\u0161ka svetain\u0117s komoda, svetain\u0117s komoda arba modernaus miegamojo komoda. Komoda taip pat puikiai tiks kaip biuro baldas.<br \/>\nKomodos matmenys:<br \/>\nAuk\u0161tis: 90 cm<br \/>\nPlotis: 80,5 cm<br \/>\nGylis: 40 cm<\/p>","protected":false},"excerpt":{"rendered":"<p>plotis: 80,5 cm<br \/>\nauk\u0161tis: 90 cm<br \/>\ngylis: 40 cm<\/p>","protected":false},"featured_media":330275,"comment_status":"open","ping_status":"open","template":"","meta":[],"product_brand":[],"product_cat":[9235,1173],"product_tag":[],"class_list":{"0":"post-330274","1":"product","2":"type-product","3":"status-publish","4":"has-post-thumbnail","6":"product_cat-gib-meble","7":"product_cat-chests-of-drawers","9":"first","10":"instock","11":"purchasable","12":"product-type-simple"},"_links":{"self":[{"href":"https:\/\/baldumarket.lt\/lt\/wp-json\/wp\/v2\/product\/330274","targetHints":{"allow":["GET"]}}],"collection":[{"href":"https:\/\/baldumarket.lt\/lt\/wp-json\/wp\/v2\/product"}],"about":[{"href":"https:\/\/baldumarket.lt\/lt\/wp-json\/wp\/v2\/types\/product"}],"replies":[{"embeddable":true,"href":"https:\/\/baldumarket.lt\/lt\/wp-json\/wp\/v2\/comments?post=330274"}],"wp:featuredmedia":[{"embeddable":true,"href":"https:\/\/baldumarket.lt\/lt\/wp-json\/wp\/v2\/media\/330275"}],"wp:attachment":[{"href":"https:\/\/baldumarket.lt\/lt\/wp-json\/wp\/v2\/media?parent=330274"}],"wp:term":[{"taxonomy":"product_brand","embeddable":true,"href":"https:\/\/baldumarket.lt\/lt\/wp-json\/wp\/v2\/product_brand?post=330274"},{"taxonomy":"product_cat","embeddable":true,"href":"https:\/\/baldumarket.lt\/lt\/wp-json\/wp\/v2\/product_cat?post=330274"},{"taxonomy":"product_tag","embeddable":true,"href":"https:\/\/baldumarket.lt\/lt\/wp-json\/wp\/v2\/product_tag?post=330274"}],"curies":[{"name":"wp","href":"https:\/\/api.w.org\/{rel}","templated":true}]}}