{"id":330265,"date":"2026-01-16T22:53:28","date_gmt":"2026-01-16T19:53:28","guid":{"rendered":"https:\/\/baldumarket.lt\/product\/szafka-rtv-denver-135-cm-dab-monastery-czarny-polysk-pojemna-szafka-pod-telewizor-w-stylu-klasycznym-wyrazista-kolorystyka\/"},"modified":"2026-02-11T18:01:26","modified_gmt":"2026-02-11T15:01:26","slug":"szafka-rtv-denver-135-cm-dab-monastery-czarny-polysk-pojemna-szafka-pod-telewizor-w-stylu-klasycznym-wyrazista-kolorystyka","status":"publish","type":"product","link":"https:\/\/baldumarket.lt\/lt\/product\/szafka-rtv-denver-135-cm-dab-monastery-czarny-polysk-pojemna-szafka-pod-telewizor-w-stylu-klasycznym-wyrazista-kolorystyka\/","title":{"rendered":"Denver TV staliukas 135 cm, vienuolyno \u0105\u017euolas \/ juodas blizgus, erdvus TV staliukas klasikinio stiliaus, i\u0161rai\u0161king\u0173 spalv\u0173"},"content":{"rendered":"<p>135 cm plo\u010dio \u201eDenver\u201c televizoriaus staliukas \u201eMonastery Oak\/Black\u201c spalvos \u2013 tai paprastas, ta\u010diau labai stilingas ir modernus baldas.<br \/>\n\u201eDenver\u201c televizoriaus staliukas \u2013 puikus pasirinkimas tiems, kurie vertina klasikin\u012f dizain\u0105. Madingos spalvos ir kruop\u0161ti indauja suteiks elegancijos ir estetinio patrauklumo bet kokiam interjerui. I\u0161skirtiniai televizoriaus staliuko bruo\u017eai \u2013 blizg\u016bs juodi \u012fd\u0117klai, sukuriantys trimat\u012f efekt\u0105. Stilingos ranken\u0117l\u0117s suteikia televizoriaus staliukui i\u0161ties \u012fsp\u016bding\u0105 i\u0161vaizd\u0105. \u201eDenver\u201c televizoriaus staliukas \u2013 tai universalus baldas, kuris puikiai papildys svetain\u0117s, darbo kambario, paauglio kambario ar net prie\u0161kambario estetik\u0105, suteikdamas erdvei elegancijos ir modernaus stiliaus. Televizoriaus staliukas pagamintas i\u0161 auk\u0161tos kokyb\u0117s laminuotos plok\u0161t\u0117s, kuri yra atspari i\u0161oriniams veiksniams, tokiems kaip \u012flenkimai, sm\u016bgiai ir \u012fbr\u0117\u017eimai. Metalin\u0117s ranken\u0117l\u0117s spintel\u0117se ir stal\u010diuose yra labai patvarios ir tvirtos. Tiksli apdaila ir d\u0117mesys detal\u0117ms u\u017etikrina, kad \u201eDenver\u201c televizoriaus staliukas daugel\u012f met\u0173 i\u0161laikys savo gra\u017ei\u0105 i\u0161vaizd\u0105 neprarandant funkcionalumo.<br \/>\n\u201eDenver\u201c televizoriaus staliukas buvo sukurtas tiems, kurie vertina modernius baldus ir patogum\u0105 kasdienio naudojimo metu.<br \/>\nTelevizoriaus staliukas turi dvi dureles ir lentynas. Stovo centre esanti \u012fduba puikiai tinka televizoriaus \u012frangai ar \u017eaidim\u0173 konsolei. \u201eDenver\u201c televizoriaus staliukas sukurtas atsi\u017evelgiant \u012f funkcionalum\u0105 ir prakti\u0161kum\u0105, si\u016blant daug vietos daiktams susid\u0117ti. Kontrastingos ir i\u0161rai\u0161kingos spalvos puikiai dera su klasikiniu interjeru, tod\u0117l \u201eDenver\u201c televizoriaus staliukai puikiai tinka erdviems, \u0161viesiems ir moderniems interjerams. Modern\u016bs ir industrinio stiliaus televizoriaus staliukai su eleganti\u0161ka apdaila puikiai papildys bet kok\u012f interjer\u0105.<br \/>\nTelevizoriaus stovo matmenys:<br \/>\nAuk\u0161tis: 46 cm<br \/>\nPlotis: 135 cm<br \/>\nGylis: 40 cm<\/p>","protected":false},"excerpt":{"rendered":"<p>plotis: 135 cm<br \/>\nauk\u0161tis: 46 cm<br \/>\ngylis: 40 cm<\/p>","protected":false},"featured_media":330266,"comment_status":"open","ping_status":"open","template":"","meta":[],"product_brand":[],"product_cat":[9235,1175],"product_tag":[],"class_list":{"0":"post-330265","1":"product","2":"type-product","3":"status-publish","4":"has-post-thumbnail","6":"product_cat-gib-meble","7":"product_cat-tv-stands","9":"first","10":"instock","11":"purchasable","12":"product-type-simple"},"_links":{"self":[{"href":"https:\/\/baldumarket.lt\/lt\/wp-json\/wp\/v2\/product\/330265","targetHints":{"allow":["GET"]}}],"collection":[{"href":"https:\/\/baldumarket.lt\/lt\/wp-json\/wp\/v2\/product"}],"about":[{"href":"https:\/\/baldumarket.lt\/lt\/wp-json\/wp\/v2\/types\/product"}],"replies":[{"embeddable":true,"href":"https:\/\/baldumarket.lt\/lt\/wp-json\/wp\/v2\/comments?post=330265"}],"wp:featuredmedia":[{"embeddable":true,"href":"https:\/\/baldumarket.lt\/lt\/wp-json\/wp\/v2\/media\/330266"}],"wp:attachment":[{"href":"https:\/\/baldumarket.lt\/lt\/wp-json\/wp\/v2\/media?parent=330265"}],"wp:term":[{"taxonomy":"product_brand","embeddable":true,"href":"https:\/\/baldumarket.lt\/lt\/wp-json\/wp\/v2\/product_brand?post=330265"},{"taxonomy":"product_cat","embeddable":true,"href":"https:\/\/baldumarket.lt\/lt\/wp-json\/wp\/v2\/product_cat?post=330265"},{"taxonomy":"product_tag","embeddable":true,"href":"https:\/\/baldumarket.lt\/lt\/wp-json\/wp\/v2\/product_tag?post=330265"}],"curies":[{"name":"wp","href":"https:\/\/api.w.org\/{rel}","templated":true}]}}