{"id":330260,"date":"2026-01-16T22:53:24","date_gmt":"2026-01-16T19:53:24","guid":{"rendered":"https:\/\/baldumarket.lt\/product\/witryna-denver-50-cm-dab-monastery-czarny-polysk-prosty-design-bezpieczne-szklo-hartowane-witryna-do-salonu-w-stylu-klasycznym\/"},"modified":"2026-02-11T18:01:26","modified_gmt":"2026-02-11T15:01:26","slug":"witryna-denver-50-cm-dab-monastery-czarny-polysk-prosty-design-bezpieczne-szklo-hartowane-witryna-do-salonu-w-stylu-klasycznym","status":"publish","type":"product","link":"https:\/\/baldumarket.lt\/lt\/product\/witryna-denver-50-cm-dab-monastery-czarny-polysk-prosty-design-bezpieczne-szklo-hartowane-witryna-do-salonu-w-stylu-klasycznym\/","title":{"rendered":"Denver vitrina, 50 cm, vienuolyno \u0105\u017euolas \/ juodas blizgus, paprasto dizaino, gr\u016bdinto stiklo vitrina svetainei, klasikinio stiliaus"},"content":{"rendered":"<p>50 cm plo\u010dio \u201eDenver\u201c vitrina \u201eMonoye Oak\/Black\u201c spalvos \u2013 tai paprastas, ta\u010diau labai stilingas ir modernus baldas.<br \/>\n\u201eDenver\u201c kolekcijos vitrina \u2013 idealus pasirinkimas vertinantiems klasikin\u012f i\u0161d\u0117stym\u0105. Madingos spalvos ir kruop\u0161ti vitrinos apdaila suteiks interjerui elegancijos ir estetinio patrauklumo. I\u0161skirtiniai \u0161ios svetain\u0117s vitrinos elementai \u2013 blizgios juodos spalvos \u012fd\u0117klai, sukuriantys trimat\u012f efekt\u0105. Stilingos ranken\u0117l\u0117s su kra\u0161tais suteikia stiklinei vitrinai i\u0161ties \u012fsp\u016bding\u0105 i\u0161vaizd\u0105. \u201eDenver\u201c kolekcijos vitrina \u2013 tai universalus baldas, kuris puikiai papildys svetain\u0117s, darbo kambario, jaunimo kambario ar net biuro estetik\u0105, suteikdamas erdvei elegancijos ir modernaus stiliaus.<br \/>\nVitrina pagaminta i\u0161 auk\u0161tos kokyb\u0117s laminuotos plok\u0161t\u0117s, atsparios i\u0161oriniams veiksniams, tokiems kaip \u012flenkimai, sm\u016bgiai ir \u012fbr\u0117\u017eimai. Metalin\u0117s spinteli\u0173 ir stal\u010di\u0173 rankenos pasi\u017eymi dideliu patvarumu ir tvirtumu. Tiksli apdaila ir d\u0117mesys detal\u0117ms u\u017etikrina, kad \u201eDenver\u201c knyg\u0173 lentyna daugel\u012f met\u0173 i\u0161laikys gra\u017ei\u0105 i\u0161vaizd\u0105 nepakenkdama funkcionalumui.<br \/>\n\u201eDenver\u201c knyg\u0173 lentyna sukurta tiems, kurie vertina modernius baldus ir patogum\u0105 kasdienio naudojimo metu.<br \/>\nSpintel\u0117 yra su dviem durel\u0117mis. \u201eDenver\u201c svetain\u0117s spintel\u0117 buvo sukurta atsi\u017evelgiant \u012f funkcionalum\u0105 ir prakti\u0161kum\u0105, si\u016blant daug vietos daiktams susid\u0117ti. Kontrastingos ir i\u0161rai\u0161kingos spalvos puikiai dera su kitomis spalvomis, tod\u0117l \u201eDenver\u201c kolekcijos stiklin\u0117s spintel\u0117s puikiai tinka kaip svetain\u0117s spintel\u0117s, valgomojo spintel\u0117s ar knyg\u0173 lentynos.<br \/>\nDenver knyg\u0173 lentyn\u0105 galima ap\u0161viesti LED \u0161viestuvais, kuriuos galite \u012fsigyti m\u016bs\u0173 parduotuv\u0117je.<br \/>\nMatmenys:<br \/>\nAuk\u0161tis: 200 cm<br \/>\nPlotis: 50 cm<br \/>\nGylis: 40 cm<\/p>","protected":false},"excerpt":{"rendered":"<p>plotis: 50 cm<br \/>\nauk\u0161tis: 200 cm<br \/>\ngylis: 40 cm<\/p>","protected":false},"featured_media":330261,"comment_status":"open","ping_status":"open","template":"","meta":[],"product_brand":[],"product_cat":[9235,2006],"product_tag":[],"class_list":{"0":"post-330260","1":"product","2":"type-product","3":"status-publish","4":"has-post-thumbnail","6":"product_cat-gib-meble","7":"product_cat-vitrines","9":"first","10":"instock","11":"purchasable","12":"product-type-simple"},"_links":{"self":[{"href":"https:\/\/baldumarket.lt\/lt\/wp-json\/wp\/v2\/product\/330260","targetHints":{"allow":["GET"]}}],"collection":[{"href":"https:\/\/baldumarket.lt\/lt\/wp-json\/wp\/v2\/product"}],"about":[{"href":"https:\/\/baldumarket.lt\/lt\/wp-json\/wp\/v2\/types\/product"}],"replies":[{"embeddable":true,"href":"https:\/\/baldumarket.lt\/lt\/wp-json\/wp\/v2\/comments?post=330260"}],"wp:featuredmedia":[{"embeddable":true,"href":"https:\/\/baldumarket.lt\/lt\/wp-json\/wp\/v2\/media\/330261"}],"wp:attachment":[{"href":"https:\/\/baldumarket.lt\/lt\/wp-json\/wp\/v2\/media?parent=330260"}],"wp:term":[{"taxonomy":"product_brand","embeddable":true,"href":"https:\/\/baldumarket.lt\/lt\/wp-json\/wp\/v2\/product_brand?post=330260"},{"taxonomy":"product_cat","embeddable":true,"href":"https:\/\/baldumarket.lt\/lt\/wp-json\/wp\/v2\/product_cat?post=330260"},{"taxonomy":"product_tag","embeddable":true,"href":"https:\/\/baldumarket.lt\/lt\/wp-json\/wp\/v2\/product_tag?post=330260"}],"curies":[{"name":"wp","href":"https:\/\/api.w.org\/{rel}","templated":true}]}}