{"id":330255,"date":"2026-01-16T22:53:20","date_gmt":"2026-01-16T19:53:20","guid":{"rendered":"https:\/\/baldumarket.lt\/product\/regal-denver-80-cm-dab-monastery-czarny-polysk-elegancki-design-regal-z-drzwiami-i-szuflada-doskonala-propozycja-do-biura\/"},"modified":"2026-02-11T18:01:26","modified_gmt":"2026-02-11T15:01:26","slug":"regal-denver-80-cm-dab-monastery-czarny-polysk-elegancki-design-regal-z-drzwiami-i-szuflada-doskonala-propozycja-do-biura","status":"publish","type":"product","link":"https:\/\/baldumarket.lt\/lt\/product\/regal-denver-80-cm-dab-monastery-czarny-polysk-elegancki-design-regal-z-drzwiami-i-szuflada-doskonala-propozycja-do-biura\/","title":{"rendered":"Denver knyg\u0173 lentyna, 80 cm, Monastery \u0105\u017euolas \/ juoda blizgi, eleganti\u0161ko dizaino knyg\u0173 lentyna su durel\u0117mis ir stal\u010diais, puikiai tinkanti biurui"},"content":{"rendered":"<p>80 cm plo\u010dio \u201eDenver\u201c knyg\u0173 lentyna \u201eMonoye Oak\/Black\u201c spalvos \u2013 paprastas, ta\u010diau labai stilingas ir modernus baldas.<br \/>\n\u201eDenver\u201c kolekcijos knyg\u0173 lentyna \u2013 idealus pasirinkimas vertinantiems klasikin\u012f i\u0161d\u0117stym\u0105. Madingos spalvos ir kruop\u0161ti knyg\u0173 lentynos apdaila suteiks interjerui elegancijos ir estetinio patrauklumo. I\u0161skirtiniai \u0161ios svetain\u0117s knyg\u0173 lentynos elementai \u2013 blizg\u016bs juodi \u012fd\u0117klai, sukuriantys trimat\u012f efekt\u0105. Stilingos kra\u0161tin\u0117s ranken\u0117l\u0117s suteikia knyg\u0173 lentynai i\u0161ties \u012fsp\u016bding\u0105 i\u0161vaizd\u0105. \u201eDenver\u201c kolekcijos knyg\u0173 lentyna \u2013 universalus baldas, kuris puikiai papildys svetain\u0117s, valgomojo, jaunimo kambario ar biuro estetik\u0105, suteikdamas erdvei elegancijos ir modernaus stiliaus.<br \/>\nKnyg\u0173 lentyna pagaminta i\u0161 auk\u0161tos kokyb\u0117s laminuotos plok\u0161t\u0117s, atsparios i\u0161oriniams veiksniams, tokiems kaip \u012flenkimai, sm\u016bgiai ir \u012fbr\u0117\u017eimai. Metalin\u0117s spinteli\u0173 ir stal\u010di\u0173 rankenos pasi\u017eymi dideliu patvarumu ir tvirtumu. Tiksli apdaila ir d\u0117mesys detal\u0117ms u\u017etikrina, kad knyg\u0173 lentyna \u201eDenver\u201c daugel\u012f met\u0173 i\u0161laikys gra\u017ei\u0105 i\u0161vaizd\u0105 nepakenkdama funkcionalumui.<br \/>\n\u201eDenver\u201c knyg\u0173 lentyna sukurta tiems, kurie vertina modern\u0173 bald\u0173 dizain\u0105 ir patogum\u0105 kasdienio naudojimo metu.<br \/>\nKnyg\u0173 lentyna yra su atvira dalimi, vienu stal\u010diumi ir dviem durel\u0117mis. \u201eDenver\u201c svetain\u0117s knyg\u0173 lentyna buvo sukurta atsi\u017evelgiant \u012f funkcionalum\u0105 ir prakti\u0161kum\u0105, si\u016blant daug vietos daiktams susid\u0117ti. Kontrastingos ir ry\u0161kios spalvos papildys rafinuot\u0105 interjer\u0105, tod\u0117l \u201eDenver\u201c knyg\u0173 lentynos puikiai tinka kaip svetain\u0117s, biuro ar svetain\u0117s knyg\u0173 lentyna.<br \/>\nKnyg\u0173 lentynos matmenys:<br \/>\nAuk\u0161tis: 200 cm<br \/>\nPlotis: 80 cm<br \/>\nGylis: 40 cm<\/p>","protected":false},"excerpt":{"rendered":"<p>plotis: 80 cm<br \/>\nauk\u0161tis: 200 cm<br \/>\ngylis: 40 cm<\/p>","protected":false},"featured_media":330256,"comment_status":"open","ping_status":"open","template":"","meta":[],"product_brand":[],"product_cat":[9235,1177],"product_tag":[],"class_list":{"0":"post-330255","1":"product","2":"type-product","3":"status-publish","4":"has-post-thumbnail","6":"product_cat-gib-meble","7":"product_cat-wardrobes","9":"first","10":"instock","11":"purchasable","12":"product-type-simple"},"_links":{"self":[{"href":"https:\/\/baldumarket.lt\/lt\/wp-json\/wp\/v2\/product\/330255","targetHints":{"allow":["GET"]}}],"collection":[{"href":"https:\/\/baldumarket.lt\/lt\/wp-json\/wp\/v2\/product"}],"about":[{"href":"https:\/\/baldumarket.lt\/lt\/wp-json\/wp\/v2\/types\/product"}],"replies":[{"embeddable":true,"href":"https:\/\/baldumarket.lt\/lt\/wp-json\/wp\/v2\/comments?post=330255"}],"wp:featuredmedia":[{"embeddable":true,"href":"https:\/\/baldumarket.lt\/lt\/wp-json\/wp\/v2\/media\/330256"}],"wp:attachment":[{"href":"https:\/\/baldumarket.lt\/lt\/wp-json\/wp\/v2\/media?parent=330255"}],"wp:term":[{"taxonomy":"product_brand","embeddable":true,"href":"https:\/\/baldumarket.lt\/lt\/wp-json\/wp\/v2\/product_brand?post=330255"},{"taxonomy":"product_cat","embeddable":true,"href":"https:\/\/baldumarket.lt\/lt\/wp-json\/wp\/v2\/product_cat?post=330255"},{"taxonomy":"product_tag","embeddable":true,"href":"https:\/\/baldumarket.lt\/lt\/wp-json\/wp\/v2\/product_tag?post=330255"}],"curies":[{"name":"wp","href":"https:\/\/api.w.org\/{rel}","templated":true}]}}