{"id":330251,"date":"2026-01-16T22:53:17","date_gmt":"2026-01-16T19:53:17","guid":{"rendered":"https:\/\/baldumarket.lt\/product\/stolik-kawowy-denver-dab-monastery-czarny-polysk-oryginalna-konstrukcja-stolika-do-salonu-pojemne-szafki-wytrzymaly-blat\/"},"modified":"2026-02-11T18:01:26","modified_gmt":"2026-02-11T15:01:26","slug":"stolik-kawowy-denver-dab-monastery-czarny-polysk-oryginalna-konstrukcja-stolika-do-salonu-pojemne-szafki-wytrzymaly-blat","status":"publish","type":"product","link":"https:\/\/baldumarket.lt\/lt\/product\/stolik-kawowy-denver-dab-monastery-czarny-polysk-oryginalna-konstrukcja-stolika-do-salonu-pojemne-szafki-wytrzymaly-blat\/","title":{"rendered":"Denverio vienuolyno \u0105\u017euolo kavos staliukas \/ juodas blizgus pavir\u0161ius Originalus svetain\u0117s kavos staliuko dizainas Erdvios spintel\u0117s Patvarus stalvir\u0161is"},"content":{"rendered":"<p>\u201eDenver\u201c kavos staliukas \u201eMonastery Oak\/Black\u201c spalvos yra paprastas, ta\u010diau labai stilingas ir modernus baldas.<br \/>\n\u201eDenver\u201c kolekcijos kavos staliukas \u2013 puikus pasirinkimas tiems, kurie vertina klasikin\u012f i\u0161d\u0117stym\u0105. Madingos spalvos ir kruop\u0161ti staliuko apdaila suteiks interjerui elegancijos ir estetinio patrauklumo. I\u0161skirtiniai \u0161io svetain\u0117s kavos staliuko elementai \u2013 blizgios juodos spalvos \u012fd\u0117klai, sukuriantys trimat\u012f efekt\u0105. \u201eDenver\u201c kolekcijos kavos staliukas \u2013 tai universalus baldas, kuris puikiai papildys svetain\u0117s, jaunimo kambario ar biuro estetik\u0105, suteikdamas erdvei elegancijos ir modernaus stiliaus.<br \/>\nKavos staliukas pagamintas i\u0161 auk\u0161tos kokyb\u0117s laminuotos plok\u0161t\u0117s, kuri yra atspari i\u0161oriniams veiksniams, tokiems kaip \u012flenkimai, sm\u016bgiai ir \u012fbr\u0117\u017eimai. Tiksli apdaila ir d\u0117mesys detal\u0117ms u\u017etikrina, kad \u201eDenver\u201c kavos staliukas daugel\u012f met\u0173 i\u0161laikys gra\u017ei\u0105 i\u0161vaizd\u0105 neprarandant funkcionalumo.<br \/>\n\u201eDenver\u201c kavos staliukas buvo sukurtas tiems, kurie vertina modernius baldus ir patogum\u0105 kasdienio naudojimo metu.<br \/>\nKavos staliukas yra dviej\u0173 dur\u0173. \u2019Denver\u201c svetain\u0117s kavos staliukas buvo sukurtas atsi\u017evelgiant \u012f funkcionalum\u0105 ir prakti\u0161kum\u0105, suteikiant daug vietos daiktams susid\u0117ti. Kontrastingos ir i\u0161rai\u0161kingos spalvos papildys klasikin\u012f interjer\u0105, tod\u0117l \u0161ie modern\u016bs kavos staliukai idealiai tinka svetainei ar paaugli\u0173 kambariui. Modern\u016bs kavos staliukai taip pat puikiai tiks kaip nedidelis kavos staliukas.<br \/>\nKavos staliuko matmenys:<br \/>\nAuk\u0161tis: 46 cm<br \/>\nPlotis: 120 cm<br \/>\nGylis: 65 cm<\/p>","protected":false},"excerpt":{"rendered":"<p>plotis: 120 cm<br \/>\nauk\u0161tis: 46 cm<br \/>\ngylis: 65 cm<\/p>","protected":false},"featured_media":330252,"comment_status":"open","ping_status":"open","template":"","meta":[],"product_brand":[],"product_cat":[9235,866],"product_tag":[],"class_list":{"0":"post-330251","1":"product","2":"type-product","3":"status-publish","4":"has-post-thumbnail","6":"product_cat-gib-meble","7":"product_cat-coffee-tables","9":"first","10":"instock","11":"purchasable","12":"product-type-simple"},"_links":{"self":[{"href":"https:\/\/baldumarket.lt\/lt\/wp-json\/wp\/v2\/product\/330251","targetHints":{"allow":["GET"]}}],"collection":[{"href":"https:\/\/baldumarket.lt\/lt\/wp-json\/wp\/v2\/product"}],"about":[{"href":"https:\/\/baldumarket.lt\/lt\/wp-json\/wp\/v2\/types\/product"}],"replies":[{"embeddable":true,"href":"https:\/\/baldumarket.lt\/lt\/wp-json\/wp\/v2\/comments?post=330251"}],"wp:featuredmedia":[{"embeddable":true,"href":"https:\/\/baldumarket.lt\/lt\/wp-json\/wp\/v2\/media\/330252"}],"wp:attachment":[{"href":"https:\/\/baldumarket.lt\/lt\/wp-json\/wp\/v2\/media?parent=330251"}],"wp:term":[{"taxonomy":"product_brand","embeddable":true,"href":"https:\/\/baldumarket.lt\/lt\/wp-json\/wp\/v2\/product_brand?post=330251"},{"taxonomy":"product_cat","embeddable":true,"href":"https:\/\/baldumarket.lt\/lt\/wp-json\/wp\/v2\/product_cat?post=330251"},{"taxonomy":"product_tag","embeddable":true,"href":"https:\/\/baldumarket.lt\/lt\/wp-json\/wp\/v2\/product_tag?post=330251"}],"curies":[{"name":"wp","href":"https:\/\/api.w.org\/{rel}","templated":true}]}}