{"id":330248,"date":"2026-01-16T22:53:15","date_gmt":"2026-01-16T19:53:15","guid":{"rendered":"https:\/\/baldumarket.lt\/product\/polka-denver-100-cm-dab-monastery-nowoczesna-i-praktyczna-polka-na-sciane-funkcjonalny-mebel-do-salonu-lub-pokoju-dziennego\/"},"modified":"2026-02-11T18:01:26","modified_gmt":"2026-02-11T15:01:26","slug":"polka-denver-100-cm-dab-monastery-nowoczesna-i-praktyczna-polka-na-sciane-funkcjonalny-mebel-do-salonu-lub-pokoju-dziennego","status":"publish","type":"product","link":"https:\/\/baldumarket.lt\/lt\/product\/polka-denver-100-cm-dab-monastery-nowoczesna-i-praktyczna-polka-na-sciane-funkcjonalny-mebel-do-salonu-lub-pokoju-dziennego\/","title":{"rendered":"Denverio lentyna, 100 cm, vienuolyno \u0105\u017euolas, modernus ir prakti\u0161kas sieninis lentynas \u2013 funkcionalus svetain\u0117s ar poilsio kambario baldas"},"content":{"rendered":"<p>100 cm ilgio \u201eDenver\u201c lentyna \u201eMonoye Oak\u201c spalvos \u2013 tai paprastas, ta\u010diau labai stilingas ir modernus baldas.<br \/>\n\u0160i \u201eDenver\u201c kolekcijos lentyna \u2013 puikus pasirinkimas tiems, kurie vertina klasikin\u012f i\u0161d\u0117stym\u0105. Madingos spalvos ir kruop\u0161ti lentynos apdaila suteiks elegancijos ir estetinio patrauklumo bet kokiam interjerui. I\u0161skirtinis lentynos dizainas sukuria trimat\u012f efekt\u0105. \u201eDenver\u201c sienin\u0117 lentyna \u2013 tai universalus baldas, kuris puikiai papildys svetain\u0117s, miegamojo, jaunimo kambario ar net prie\u0161kambario estetik\u0105, suteikdamas erdvei elegancijos ir modernaus stiliaus.<br \/>\nLentyna pagaminta i\u0161 auk\u0161tos kokyb\u0117s laminuotos plok\u0161t\u0117s, atsparios i\u0161oriniams veiksniams, tokiems kaip \u012flenkimai, sm\u016bgiai ir \u012fbr\u0117\u017eimai. Tiksli apdaila ir d\u0117mesys detal\u0117ms u\u017etikrina, kad sienin\u0117 lentyna \u201eDenver\u201c daugel\u012f met\u0173 i\u0161laikys gra\u017ei\u0105 i\u0161vaizd\u0105 nepakenkdama savo funkcionalumui. \u201eDenver\u201c lentyna buvo sukurta tiems, kurie vertina modernius baldus ir patogum\u0105 kasdienio naudojimo metu.<br \/>\nPakabinama lentyna \u201eDenver\u201c buvo sukurta atsi\u017evelgiant \u012f funkcionalum\u0105 ir patogum\u0105 naudoti, suteikiant daug vietos kambario dekoro aksesuarams eksponuoti. Ry\u0161kios spalvos papildys rafinuot\u0105 i\u0161d\u0117stym\u0105, tod\u0117l pakabinamos lentynos \u201eDenver\u201c puikiai tinka kaip knyg\u0173 lentyna ar biuro baldas.<br \/>\nLentynos matmenys:<br \/>\nAuk\u0161tis: 30,5 cm<br \/>\nPlotis: 100 cm<br \/>\nGylis: 21,5 cm<\/p>","protected":false},"excerpt":{"rendered":"<p>plotis: 100 cm<br \/>\nauk\u0161tis: 30,5 cm<br \/>\ngylis: 21,5 cm<\/p>","protected":false},"featured_media":330249,"comment_status":"open","ping_status":"open","template":"","meta":[],"product_brand":[],"product_cat":[9235,1174],"product_tag":[],"class_list":{"0":"post-330248","1":"product","2":"type-product","3":"status-publish","4":"has-post-thumbnail","6":"product_cat-gib-meble","7":"product_cat-hanging-shelves","9":"first","10":"instock","11":"purchasable","12":"product-type-simple"},"_links":{"self":[{"href":"https:\/\/baldumarket.lt\/lt\/wp-json\/wp\/v2\/product\/330248","targetHints":{"allow":["GET"]}}],"collection":[{"href":"https:\/\/baldumarket.lt\/lt\/wp-json\/wp\/v2\/product"}],"about":[{"href":"https:\/\/baldumarket.lt\/lt\/wp-json\/wp\/v2\/types\/product"}],"replies":[{"embeddable":true,"href":"https:\/\/baldumarket.lt\/lt\/wp-json\/wp\/v2\/comments?post=330248"}],"wp:featuredmedia":[{"embeddable":true,"href":"https:\/\/baldumarket.lt\/lt\/wp-json\/wp\/v2\/media\/330249"}],"wp:attachment":[{"href":"https:\/\/baldumarket.lt\/lt\/wp-json\/wp\/v2\/media?parent=330248"}],"wp:term":[{"taxonomy":"product_brand","embeddable":true,"href":"https:\/\/baldumarket.lt\/lt\/wp-json\/wp\/v2\/product_brand?post=330248"},{"taxonomy":"product_cat","embeddable":true,"href":"https:\/\/baldumarket.lt\/lt\/wp-json\/wp\/v2\/product_cat?post=330248"},{"taxonomy":"product_tag","embeddable":true,"href":"https:\/\/baldumarket.lt\/lt\/wp-json\/wp\/v2\/product_tag?post=330248"}],"curies":[{"name":"wp","href":"https:\/\/api.w.org\/{rel}","templated":true}]}}