{"id":330244,"date":"2026-01-16T22:53:11","date_gmt":"2026-01-16T19:53:11","guid":{"rendered":"https:\/\/baldumarket.lt\/product\/szafka-wiszaca-denver-120-cm-dab-monastery-czarny-polysk-minimalistyczny-design-stylowa-prosta-forma-mebla-uchwyty-krawedziowe\/"},"modified":"2026-02-11T18:01:26","modified_gmt":"2026-02-11T15:01:26","slug":"szafka-wiszaca-denver-120-cm-dab-monastery-czarny-polysk-minimalistyczny-design-stylowa-prosta-forma-mebla-uchwyty-krawedziowe","status":"publish","type":"product","link":"https:\/\/baldumarket.lt\/lt\/product\/szafka-wiszaca-denver-120-cm-dab-monastery-czarny-polysk-minimalistyczny-design-stylowa-prosta-forma-mebla-uchwyty-krawedziowe\/","title":{"rendered":"Denver sienin\u0117 spintel\u0117, 120 cm, vienuolyno \u0105\u017euolas \/ juodas blizgus, minimalistinis dizainas, stilinga paprasta bald\u0173 forma, briaunoti rankenos"},"content":{"rendered":"<p>120 cm \u201eDenver\u201c spintel\u0117 \u201eMonoye Oak\/Black\u201c spalvos \u2013 tai paprastas, ta\u010diau labai stilingas ir modernus baldas.<br \/>\nPakabinama spintel\u0117 i\u0161 \u201eDenver\u201c kolekcijos \u2013 puikus pasirinkimas tiems, kurie vertina klasikin\u012f i\u0161d\u0117stym\u0105. Madingos spalvos ir kruop\u0161ti spintel\u0117s apdaila suteiks interjerui elegancijos ir estetinio patrauklumo. I\u0161skirtiniai \u0161ios svetain\u0117s spintel\u0117s elementai \u2013 blizgios juodos spalvos \u012fd\u0117klai, sukuriantys trimat\u012f efekt\u0105. Stilingos ranken\u0117l\u0117s su kra\u0161tais suteikia pakabinamai spintelei i\u0161ties \u012fsp\u016bding\u0105 i\u0161vaizd\u0105. \u201eDenver\u201c spintel\u0117 \u2013 universalus baldas, kuris puikiai papildys svetain\u0117s, miegamojo, jaunimo kambario ar net prie\u0161kambario estetik\u0105, suteikdamas erdvei elegancijos ir modernaus stiliaus.<br \/>\nPakabinama spintel\u0117 pagaminta i\u0161 auk\u0161tos kokyb\u0117s laminuotos plok\u0161t\u0117s, kuri yra atspari i\u0161oriniams veiksniams, tokiems kaip \u012flenkimai, sm\u016bgiai ir \u012fbr\u0117\u017eimai. Metalin\u0117s spinteli\u0173 ir stal\u010di\u0173 rankenos pasi\u017eymi dideliu patvarumu ir tvirtumu. Tiksli apdaila ir d\u0117mesys detal\u0117ms u\u017etikrina, kad \u201eDenver\u201c sienin\u0117 spintel\u0117 daugel\u012f met\u0173 i\u0161laikys gra\u017ei\u0105 i\u0161vaizd\u0105 nepakenkdama funkcionalumui.<br \/>\n\u201eDenver\u201c sienin\u0117 spintel\u0117 sukurta tiems, kurie vertina modern\u0173 bald\u0173 dizain\u0105 ir patogum\u0105 kasdienio naudojimo metu.<br \/>\nLentyna turi vienas \u012f vir\u0161\u0173 atidaromas duris. \u201eDenver\u201c sienin\u0117 spintel\u0117 sukurta atsi\u017evelgiant \u012f funkcionalum\u0105 ir prakti\u0161kum\u0105, tod\u0117l si\u016blo daug vietos daiktams susid\u0117ti. Kontrastingos ir ry\u0161kios spalvos puikiai dera su kitomis spalvomis, tod\u0117l \u201eDenver\u201c kolekcijos spintel\u0117 puikiai tinka kaip svetain\u0117s vitrina, knyg\u0173 lentyna ar biuro baldas.<br \/>\nSpintel\u0117s matmenys:<br \/>\nAuk\u0161tis: 35 cm<br \/>\nPlotis: 120 cm<br \/>\nGylis: 32 cm<\/p>","protected":false},"excerpt":{"rendered":"<p>plotis: 120 cm<br \/>\nauk\u0161tis: 35 cm<br \/>\ngylis: 32 cm<\/p>","protected":false},"featured_media":330245,"comment_status":"open","ping_status":"open","template":"","meta":[],"product_brand":[],"product_cat":[9235,9120],"product_tag":[],"class_list":{"0":"post-330244","1":"product","2":"type-product","3":"status-publish","4":"has-post-thumbnail","6":"product_cat-gib-meble","7":"product_cat-cabinets","9":"first","10":"instock","11":"purchasable","12":"product-type-simple"},"_links":{"self":[{"href":"https:\/\/baldumarket.lt\/lt\/wp-json\/wp\/v2\/product\/330244","targetHints":{"allow":["GET"]}}],"collection":[{"href":"https:\/\/baldumarket.lt\/lt\/wp-json\/wp\/v2\/product"}],"about":[{"href":"https:\/\/baldumarket.lt\/lt\/wp-json\/wp\/v2\/types\/product"}],"replies":[{"embeddable":true,"href":"https:\/\/baldumarket.lt\/lt\/wp-json\/wp\/v2\/comments?post=330244"}],"wp:featuredmedia":[{"embeddable":true,"href":"https:\/\/baldumarket.lt\/lt\/wp-json\/wp\/v2\/media\/330245"}],"wp:attachment":[{"href":"https:\/\/baldumarket.lt\/lt\/wp-json\/wp\/v2\/media?parent=330244"}],"wp:term":[{"taxonomy":"product_brand","embeddable":true,"href":"https:\/\/baldumarket.lt\/lt\/wp-json\/wp\/v2\/product_brand?post=330244"},{"taxonomy":"product_cat","embeddable":true,"href":"https:\/\/baldumarket.lt\/lt\/wp-json\/wp\/v2\/product_cat?post=330244"},{"taxonomy":"product_tag","embeddable":true,"href":"https:\/\/baldumarket.lt\/lt\/wp-json\/wp\/v2\/product_tag?post=330244"}],"curies":[{"name":"wp","href":"https:\/\/api.w.org\/{rel}","templated":true}]}}