{"id":330240,"date":"2026-01-16T22:53:08","date_gmt":"2026-01-16T19:53:08","guid":{"rendered":"https:\/\/baldumarket.lt\/product\/biurko-denver-120-cm-dab-monastery-czarny-polysk-nowoczesne-biurko-szufladami-idealne-do-pokoju-nastolatka-lub-gabinetu\/"},"modified":"2026-02-11T18:01:26","modified_gmt":"2026-02-11T15:01:26","slug":"biurko-denver-120-cm-dab-monastery-czarny-polysk-nowoczesne-biurko-szufladami-idealne-do-pokoju-nastolatka-lub-gabinetu","status":"publish","type":"product","link":"https:\/\/baldumarket.lt\/lt\/product\/biurko-denver-120-cm-dab-monastery-czarny-polysk-nowoczesne-biurko-szufladami-idealne-do-pokoju-nastolatka-lub-gabinetu\/","title":{"rendered":"Denver ra\u0161omasis stalas 120 cm, Monastery Oak \/ blizgi juoda spalva, modernus stalas su stal\u010diais, puikiai tinka paauglio kambariui ar biurui"},"content":{"rendered":"<p>120 cm plo\u010dio \u201eDenver\u201c ra\u0161omasis stalas \u201eMonstery Oak\u201c \/ juodos spalvos yra paprastas, ta\u010diau labai stilingas ir modernus baldas.<br \/>\n\u0160is \u201eDenver\u201c kolekcijos ra\u0161omasis stalas \u2013 puikus pasirinkimas vertinantiems klasikin\u012f dizain\u0105. Madingos spalvos ir kruop\u0161ti stalo apdaila suteiks elegancijos ir estetinio patrauklumo bet kokiam interjerui. I\u0161skirtiniai stalo su stal\u010diais bruo\u017eai \u2013 blizg\u016bs juodi \u012fd\u0117klai, sukuriantys trimat\u012f efekt\u0105. Stilingos ranken\u0117l\u0117s su kra\u0161tais suteikia \u0161iam biuro stalui i\u0161ties \u012fsp\u016bding\u0105 i\u0161vaizd\u0105. \u201eDenver\u201c ra\u0161omasis stalas \u2013 universalus baldas, kuris puikiai papildys jaunimo kambario, darbo kambario ar nam\u0173 biuro estetik\u0105, suteikdamas erdvei elegancijos ir modernaus stiliaus.<br \/>\nStalas pagamintas i\u0161 auk\u0161tos kokyb\u0117s laminuotos plok\u0161t\u0117s, kuri yra atspari i\u0161oriniams veiksniams, tokiems kaip \u012flenkimai, sm\u016bgiai ir \u012fbr\u0117\u017eimai. Metalin\u0117s spinteli\u0173 ir stal\u010di\u0173 rankenos pasi\u017eymi dideliu patvarumu ir tvirtumu. Tiksli apdaila ir d\u0117mesys detal\u0117ms u\u017etikrina, kad \u201eDenver\u201c stalas daugel\u012f met\u0173 i\u0161laikys gra\u017ei\u0105 i\u0161vaizd\u0105 nepakenkdamas savo funkcionalumui.<br \/>\n\u201eDenver\u201c ra\u0161omasis stalas buvo sukurtas tiems, kurie vertina modern\u0173 bald\u0173 dizain\u0105 ir patogum\u0105 kasdienio naudojimo metu.<br \/>\nStalas turi ergonomi\u0161k\u0105 stalvir\u0161\u012f ir tris stal\u010dius. \u201eDenver\u201c lofto stiliaus stalai yra sukurti atsi\u017evelgiant \u012f funkcionalum\u0105 ir patogum\u0105, tod\u0117l juose yra daug vietos daiktams susid\u0117ti. Kontrastingos ir ry\u0161kios spalvos puikiai dera prie klasikinio interjero, tod\u0117l \u201eDenver\u201c stalai puikiai tinka kaip nam\u0173 biuro stalai arba vaik\u0173 stalai. Stalas taip pat puikiai tinka kaip tualetinis staliukas, tod\u0117l lengva susid\u0117ti moteri\u0161k\u0105 kosmetik\u0105 ir kitus smulkius daiktus.<br \/>\nStalo matmenys:<br \/>\nAuk\u0161tis: 77 cm<br \/>\nPlotis: 120 cm<br \/>\nGylis: 60 cm<\/p>","protected":false},"excerpt":{"rendered":"<p>plotis: 120 cm<br \/>\nauk\u0161tis: 77 cm<br \/>\ngylis: 60 cm<\/p>","protected":false},"featured_media":330241,"comment_status":"open","ping_status":"open","template":"","meta":[],"product_brand":[],"product_cat":[9235,1312],"product_tag":[],"class_list":{"0":"post-330240","1":"product","2":"type-product","3":"status-publish","4":"has-post-thumbnail","6":"product_cat-gib-meble","7":"product_cat-desks","9":"first","10":"instock","11":"purchasable","12":"product-type-simple"},"_links":{"self":[{"href":"https:\/\/baldumarket.lt\/lt\/wp-json\/wp\/v2\/product\/330240","targetHints":{"allow":["GET"]}}],"collection":[{"href":"https:\/\/baldumarket.lt\/lt\/wp-json\/wp\/v2\/product"}],"about":[{"href":"https:\/\/baldumarket.lt\/lt\/wp-json\/wp\/v2\/types\/product"}],"replies":[{"embeddable":true,"href":"https:\/\/baldumarket.lt\/lt\/wp-json\/wp\/v2\/comments?post=330240"}],"wp:featuredmedia":[{"embeddable":true,"href":"https:\/\/baldumarket.lt\/lt\/wp-json\/wp\/v2\/media\/330241"}],"wp:attachment":[{"href":"https:\/\/baldumarket.lt\/lt\/wp-json\/wp\/v2\/media?parent=330240"}],"wp:term":[{"taxonomy":"product_brand","embeddable":true,"href":"https:\/\/baldumarket.lt\/lt\/wp-json\/wp\/v2\/product_brand?post=330240"},{"taxonomy":"product_cat","embeddable":true,"href":"https:\/\/baldumarket.lt\/lt\/wp-json\/wp\/v2\/product_cat?post=330240"},{"taxonomy":"product_tag","embeddable":true,"href":"https:\/\/baldumarket.lt\/lt\/wp-json\/wp\/v2\/product_tag?post=330240"}],"curies":[{"name":"wp","href":"https:\/\/api.w.org\/{rel}","templated":true}]}}