{"id":330237,"date":"2026-01-16T22:53:06","date_gmt":"2026-01-16T19:53:06","guid":{"rendered":"https:\/\/baldumarket.lt\/product\/lustro-wiszace-denver-56-cm-dab-monastery-prostokatne-lustro-w-ramie-idealny-dodatek-do-przedpokoju-sypialni-lub-garderoby\/"},"modified":"2026-02-11T18:01:26","modified_gmt":"2026-02-11T15:01:26","slug":"lustro-wiszace-denver-56-cm-dab-monastery-prostokatne-lustro-w-ramie-idealny-dodatek-do-przedpokoju-sypialni-lub-garderoby","status":"publish","type":"product","link":"https:\/\/baldumarket.lt\/lt\/product\/lustro-wiszace-denver-56-cm-dab-monastery-prostokatne-lustro-w-ramie-idealny-dodatek-do-przedpokoju-sypialni-lub-garderoby\/","title":{"rendered":"Pakabinamas Denverio veidrodis, 56 cm, vienuolyno \u0105\u017euolo spalvos, sta\u010diakampio formos, \u012fr\u0117mintas veidrodis, puikiai tinka prie\u0161kambariui, miegamajam ar persirengimo kambariui"},"content":{"rendered":"<p>Pakabinamas veidrodis \u201eDenver\u201c yra paprastas, ta\u010diau labai stilingas ir modernus baldas.<br \/>\n\u0160is \u201eDenver\u201c kolekcijos veidrodis \u2013 puikus pasirinkimas tiems, kurie vertina klasikin\u012f interjer\u0105. Madingos spalvos ir kruop\u0161tus apdirbimas suteiks elegancijos ir estetinio patrauklumo bet kokiam interjerui. \u012er\u0117mintas \u201eDenver\u201c veidrodis \u2013 tai universalus baldas, kuris puikiai papildys miegamojo, jaunimo kambario, prie\u0161kambario ar r\u016bbin\u0117s estetik\u0105, suteikdamas erdvei elegancijos ir modernumo.<br \/>\nVeidrod\u017eio plok\u0161t\u0117 pagaminta i\u0161 auk\u0161tos kokyb\u0117s laminuotos plok\u0161t\u0117s, atsparios i\u0161oriniams veiksniams, tokiems kaip \u012flenkimai, sm\u016bgiai ir \u012fbr\u0117\u017eimai. Tiksli apdaila ir d\u0117mesys detal\u0117ms u\u017etikrina, kad pakabinamas \u201eDenver\u201c veidrodis daugel\u012f met\u0173 i\u0161laikys gra\u017ei\u0105 i\u0161vaizd\u0105 nepakenkdamas savo funkcionalumui.<br \/>\n\u201eDenver\u201c veidrodis buvo sukurtas tiems, kurie vertina modern\u0173 bald\u0173 dizain\u0105 ir patogum\u0105 kasdienio naudojimo metu. Klasikinis stilius puikiai dera su dabartin\u0117mis interjero dizaino tendencijomis, tod\u0117l \u201eDenver\u201c kolekcij\u0105 lengva i\u0161d\u0117styti r\u016bbin\u0117je, miegamajame ar prie\u0161kambaryje. Veidrodis tvirtinamas prie sienos ir garantuoja patog\u0173, be r\u016bpes\u010di\u0173 naudojim\u0105 bei ilgaam\u017ei\u0161kum\u0105 daugel\u012f met\u0173.<br \/>\nVeidrod\u017eio matmenys:<br \/>\nAuk\u0161tis: 150 cm<br \/>\nPlotis: 56 cm<br \/>\nGylis: 2 cm<\/p>","protected":false},"excerpt":{"rendered":"<p>plotis: 56 cm<br \/>\nauk\u0161tis: 150 cm<br \/>\ngylis: 2 cm<\/p>","protected":false},"featured_media":330238,"comment_status":"open","ping_status":"open","template":"","meta":[],"product_brand":[],"product_cat":[9235,1108],"product_tag":[],"class_list":{"0":"post-330237","1":"product","2":"type-product","3":"status-publish","4":"has-post-thumbnail","6":"product_cat-gib-meble","7":"product_cat-mirrors","9":"first","10":"instock","11":"purchasable","12":"product-type-simple"},"_links":{"self":[{"href":"https:\/\/baldumarket.lt\/lt\/wp-json\/wp\/v2\/product\/330237","targetHints":{"allow":["GET"]}}],"collection":[{"href":"https:\/\/baldumarket.lt\/lt\/wp-json\/wp\/v2\/product"}],"about":[{"href":"https:\/\/baldumarket.lt\/lt\/wp-json\/wp\/v2\/types\/product"}],"replies":[{"embeddable":true,"href":"https:\/\/baldumarket.lt\/lt\/wp-json\/wp\/v2\/comments?post=330237"}],"wp:featuredmedia":[{"embeddable":true,"href":"https:\/\/baldumarket.lt\/lt\/wp-json\/wp\/v2\/media\/330238"}],"wp:attachment":[{"href":"https:\/\/baldumarket.lt\/lt\/wp-json\/wp\/v2\/media?parent=330237"}],"wp:term":[{"taxonomy":"product_brand","embeddable":true,"href":"https:\/\/baldumarket.lt\/lt\/wp-json\/wp\/v2\/product_brand?post=330237"},{"taxonomy":"product_cat","embeddable":true,"href":"https:\/\/baldumarket.lt\/lt\/wp-json\/wp\/v2\/product_cat?post=330237"},{"taxonomy":"product_tag","embeddable":true,"href":"https:\/\/baldumarket.lt\/lt\/wp-json\/wp\/v2\/product_tag?post=330237"}],"curies":[{"name":"wp","href":"https:\/\/api.w.org\/{rel}","templated":true}]}}