{"id":330234,"date":"2026-01-16T22:53:04","date_gmt":"2026-01-16T19:53:04","guid":{"rendered":"https:\/\/baldumarket.lt\/product\/wieszak-scienny-denver-47-cm-dab-monastery-klasyczny-i-elegancki-design-funkcjonalny-dodatek-do-przedpokoju-o-prostej-konstrukcji\/"},"modified":"2026-02-11T18:01:26","modified_gmt":"2026-02-11T15:01:26","slug":"wieszak-scienny-denver-47-cm-dab-monastery-klasyczny-i-elegancki-design-funkcjonalny-dodatek-do-przedpokoju-o-prostej-konstrukcji","status":"publish","type":"product","link":"https:\/\/baldumarket.lt\/lt\/product\/wieszak-scienny-denver-47-cm-dab-monastery-klasyczny-i-elegancki-design-funkcjonalny-dodatek-do-przedpokoju-o-prostej-konstrukcji\/","title":{"rendered":"Denver sieninis pakabukas, 47 cm, \u201eMonster Oak\u201c, klasikinio ir eleganti\u0161ko dizaino, funkcionalus papildymas, prie\u0161ntis paprasta konstrukcija"},"content":{"rendered":"<p>\u201eDover\u201c sienin\u0117 palt\u0173 kabykla \u201eMonoye Oak\u201c spalvos \u2013 tai paprastas, ta\u010diau stilingas ir modernus baldas.<br \/>\nSienin\u0117 palt\u0173 kabykla i\u0161 \u201eDenver\u201c kolekcijos \u2013 puikus pasirinkimas vertinantiems klasikin\u012f interjer\u0105. Madingos spalvos ir kruop\u0161ti palt\u0173 kabyklos apdaila suteiks elegancijos ir estetinio patrauklumo bet kokiam interjerui. Palt\u0173 kabykla pagaminta i\u0161 auk\u0161tos kokyb\u0117s 16 mm laminuotos plok\u0161t\u0117s \u201eMonoye Oak\u201c spalvos. Sienin\u0117je kabykloje yra trys juodi kabliukai vir\u0161utiniams drabu\u017eiams. Tiksli apdaila ir d\u0117mesys detal\u0117ms u\u017etikrina, kad \u201eDenver\u201c prie\u0161kambario palt\u0173 kabykla daugel\u012f met\u0173 i\u0161laikys gra\u017ei\u0105 i\u0161vaizd\u0105 neprarandant funkcionalumo.<br \/>\n\u201eDenver\u201c kabykla paltams buvo sukurta tiems, kurie vertina modern\u0173 bald\u0173 dizain\u0105 ir patogum\u0105 kasdienio naudojimo metu.<br \/>\nKlasikinis stilius puikiai dera su dabartin\u0117mis interjero dizaino tendencijomis, tod\u0117l \u201eDenver\u201c kolekcijos baldus lengva i\u0161d\u0117styti r\u016bbin\u0117je ar prie\u0161kambaryje. Pakabos panel\u0117 skirta tvirtinimui prie sienos ir garantuoja patog\u0173, be r\u016bpes\u010di\u0173 naudojim\u0105 bei ilgaam\u017ei\u0161kum\u0105 daugel\u012f met\u0173.<br \/>\nPakabos matmenys:<br \/>\nAuk\u0161tis: 150 cm<br \/>\nPlotis: 46,5 cm<br \/>\nGylis: 1,6 cm<\/p>","protected":false},"excerpt":{"rendered":"<p>plotis: 46,5 cm<br \/>\nauk\u0161tis: 150 cm<br \/>\ngylis: 1,6 cm<\/p>","protected":false},"featured_media":330235,"comment_status":"open","ping_status":"open","template":"","meta":[],"product_brand":[],"product_cat":[9235,1931],"product_tag":[],"class_list":{"0":"post-330234","1":"product","2":"type-product","3":"status-publish","4":"has-post-thumbnail","6":"product_cat-gib-meble","7":"product_cat-hangers","9":"first","10":"instock","11":"purchasable","12":"product-type-simple"},"_links":{"self":[{"href":"https:\/\/baldumarket.lt\/lt\/wp-json\/wp\/v2\/product\/330234","targetHints":{"allow":["GET"]}}],"collection":[{"href":"https:\/\/baldumarket.lt\/lt\/wp-json\/wp\/v2\/product"}],"about":[{"href":"https:\/\/baldumarket.lt\/lt\/wp-json\/wp\/v2\/types\/product"}],"replies":[{"embeddable":true,"href":"https:\/\/baldumarket.lt\/lt\/wp-json\/wp\/v2\/comments?post=330234"}],"wp:featuredmedia":[{"embeddable":true,"href":"https:\/\/baldumarket.lt\/lt\/wp-json\/wp\/v2\/media\/330235"}],"wp:attachment":[{"href":"https:\/\/baldumarket.lt\/lt\/wp-json\/wp\/v2\/media?parent=330234"}],"wp:term":[{"taxonomy":"product_brand","embeddable":true,"href":"https:\/\/baldumarket.lt\/lt\/wp-json\/wp\/v2\/product_brand?post=330234"},{"taxonomy":"product_cat","embeddable":true,"href":"https:\/\/baldumarket.lt\/lt\/wp-json\/wp\/v2\/product_cat?post=330234"},{"taxonomy":"product_tag","embeddable":true,"href":"https:\/\/baldumarket.lt\/lt\/wp-json\/wp\/v2\/product_tag?post=330234"}],"curies":[{"name":"wp","href":"https:\/\/api.w.org\/{rel}","templated":true}]}}