{"id":330229,"date":"2026-01-16T22:53:00","date_gmt":"2026-01-16T19:53:00","guid":{"rendered":"https:\/\/baldumarket.lt\/product\/szafka-nocna-denver-dab-monastery-czarny-polysk-stylowa-szafka-z-szuflada-do-sypialni-lub-pokoju-mlodziezowego-w-stylu-klasycznym\/"},"modified":"2026-02-11T18:01:26","modified_gmt":"2026-02-11T15:01:26","slug":"szafka-nocna-denver-dab-monastery-czarny-polysk-stylowa-szafka-z-szuflada-do-sypialni-lub-pokoju-mlodziezowego-w-stylu-klasycznym","status":"publish","type":"product","link":"https:\/\/baldumarket.lt\/lt\/product\/szafka-nocna-denver-dab-monastery-czarny-polysk-stylowa-szafka-z-szuflada-do-sypialni-lub-pokoju-mlodziezowego-w-stylu-klasycznym\/","title":{"rendered":"Denverio vienuolyno \u0105\u017euolo naktinis staliukas \/ juodas blizgus &#8211; stilingas naktinis staliukas su stal\u010diumi miegamajam arba jaunimo kambariui klasikiniu stiliumi"},"content":{"rendered":"<p>\u201eDenver\u201c naktinis staliukas \u201eMonoye Oak\/Black\u201c spalvos \u2013 tai paprastas, ta\u010diau stilingas ir modernus baldas.<br \/>\n\u0160is naktinis staliukas i\u0161 \u201eDenver\u201c kolekcijos \u2013 puikus pasirinkimas tiems, kurie vertina klasikin\u012f interjer\u0105. Madingos spalvos ir kruop\u0161ti naktinio stalelio apdaila suteiks elegancijos ir estetinio patrauklumo bet kokiam interjerui. I\u0161skirtiniai naktinio stalelio elementai \u2013 blizg\u016bs juodi \u012fd\u0117klai, sukuriantys trimat\u012f efekt\u0105. Stilingos kra\u0161tin\u0117s ranken\u0117l\u0117s suteikia naktiniam staliukui su stal\u010diumi i\u0161ties \u012fsp\u016bding\u0105 i\u0161vaizd\u0105. \u201eDenver\u201c naktinis staliukas \u2013 tai universalus baldas, kuris puikiai papildys miegamojo, paauglio ar net vaiko kambario estetik\u0105, suteikdamas erdvei elegancijos ir modernaus stiliaus.<br \/>\nNaktinis staliukas pagamintas i\u0161 auk\u0161tos kokyb\u0117s laminuotos plok\u0161t\u0117s, kuri yra atspari i\u0161oriniams veiksniams, tokiems kaip \u012flenkimai, sm\u016bgiai ir \u012fbr\u0117\u017eimai. Metalin\u0117s spinteli\u0173 ir stal\u010di\u0173 rankenos pasi\u017eymi dideliu patvarumu ir tvirtumu. Tiksli apdaila ir d\u0117mesys detal\u0117ms u\u017etikrina, kad \u201eDenver\u201c naktinis staliukas su stal\u010diumi daugel\u012f met\u0173 i\u0161laikys gra\u017ei\u0105 i\u0161vaizd\u0105 neprarandant funkcionalumo.<br \/>\n\u201eDenver\u201c naktinis staliukas buvo sukurtas tiems, kurie vertina modern\u0173 bald\u0173 dizain\u0105 ir patogum\u0105 kasdienio naudojimo metu.<br \/>\nNaktinis staliukas susideda i\u0161 stal\u010diaus ir lentynos. \u201eDenver\u201c naktinis staliukas buvo sukurtas atsi\u017evelgiant \u012f funkcionalum\u0105 ir patogum\u0105 naudoti, tod\u0117l jame yra daug vietos daiktams susid\u0117ti. Kontrastingos ir ry\u0161kios spalvos papildys klasikin\u012f interjer\u0105, tod\u0117l \u201eDenver\u201c kolekcijos naktiniai staliukai puikiai tinka kaip naktinis staliukas vaikui ar paaugliui.<br \/>\nNaktinio stalelio matmenys:<br \/>\nAuk\u0161tis: 46 cm<br \/>\nPlotis: 46,5 cm<br \/>\nGylis: 40 cm<\/p>","protected":false},"excerpt":{"rendered":"<p>plotis: 46,5 cm<br \/>\nauk\u0161tis: 46 cm<br \/>\ngylis: 40 cm<\/p>","protected":false},"featured_media":330230,"comment_status":"open","ping_status":"open","template":"","meta":[],"product_brand":[],"product_cat":[9235,1176],"product_tag":[],"class_list":{"0":"post-330229","1":"product","2":"type-product","3":"status-publish","4":"has-post-thumbnail","6":"product_cat-gib-meble","7":"product_cat-bedside-tables","9":"first","10":"instock","11":"purchasable","12":"product-type-simple"},"_links":{"self":[{"href":"https:\/\/baldumarket.lt\/lt\/wp-json\/wp\/v2\/product\/330229","targetHints":{"allow":["GET"]}}],"collection":[{"href":"https:\/\/baldumarket.lt\/lt\/wp-json\/wp\/v2\/product"}],"about":[{"href":"https:\/\/baldumarket.lt\/lt\/wp-json\/wp\/v2\/types\/product"}],"replies":[{"embeddable":true,"href":"https:\/\/baldumarket.lt\/lt\/wp-json\/wp\/v2\/comments?post=330229"}],"wp:featuredmedia":[{"embeddable":true,"href":"https:\/\/baldumarket.lt\/lt\/wp-json\/wp\/v2\/media\/330230"}],"wp:attachment":[{"href":"https:\/\/baldumarket.lt\/lt\/wp-json\/wp\/v2\/media?parent=330229"}],"wp:term":[{"taxonomy":"product_brand","embeddable":true,"href":"https:\/\/baldumarket.lt\/lt\/wp-json\/wp\/v2\/product_brand?post=330229"},{"taxonomy":"product_cat","embeddable":true,"href":"https:\/\/baldumarket.lt\/lt\/wp-json\/wp\/v2\/product_cat?post=330229"},{"taxonomy":"product_tag","embeddable":true,"href":"https:\/\/baldumarket.lt\/lt\/wp-json\/wp\/v2\/product_tag?post=330229"}],"curies":[{"name":"wp","href":"https:\/\/api.w.org\/{rel}","templated":true}]}}