{"id":330224,"date":"2026-01-16T22:52:56","date_gmt":"2026-01-16T19:52:56","guid":{"rendered":"https:\/\/baldumarket.lt\/product\/lozko-denver-160x200-cm-z-pojemnikiem-na-posciel-dab-monastery-czarny-idealne-lozko-do-sypialni-czesciowo-tapicerowany-zaglowek\/"},"modified":"2026-02-11T18:01:26","modified_gmt":"2026-02-11T15:01:26","slug":"lozko-denver-160x200-cm-z-pojemnikiem-na-posciel-dab-monastery-czarny-idealne-lozko-do-sypialni-czesciowo-tapicerowany-zaglowek","status":"publish","type":"product","link":"https:\/\/baldumarket.lt\/lt\/product\/lozko-denver-160x200-cm-z-pojemnikiem-na-posciel-dab-monastery-czarny-idealne-lozko-do-sypialni-czesciowo-tapicerowany-zaglowek\/","title":{"rendered":"Denver lova 160&#215;200 cm su patalyn\u0117s d\u0117\u017ee, Monastery \u0105\u017euolas\/juoda, tobula lova miegamajam, dalinai apmu\u0161tas galv\u016bgalis"},"content":{"rendered":"<p>\u201eDenver\u201c lova su saugykla \u201eMonoye Oak\/Black\u201c spalvos puikiai papildys bet kur\u012f miegam\u0105j\u012f ar paauglio kambar\u012f.<br \/>\n\u0160i \u201eDenver\u201c kolekcijos lova \u2013 idealus pasirinkimas vertinantiems klasikin\u012f dizain\u0105. Madingos spalvos ir kruop\u0161ti lovos apdaila suteiks interjerui elegancijos ir estetinio patrauklumo. Lovos galv\u016bgalis papuo\u0161tas apmu\u0161tu dygsniuotu dirbtin\u0117s odos audiniu, suteikian\u010diu lovai i\u0161ties \u012fsp\u016bding\u0105 i\u0161vaizd\u0105. Auk\u0161tas atlo\u0161as suteikia lovai dar vien\u0105 funkcij\u0105. Ant lovos galite patogiai s\u0117d\u0117ti, pavyzd\u017eiui, \u017ei\u016br\u0117dami televizori\u0173, dirbdami ne\u0161iojamuoju kompiuteriu ar skaitydami knygas. Lova turi stabil\u0173 metalin\u012f r\u0117m\u0105 ir prakti\u0161k\u0105 patalyn\u0117s laikymo skyri\u0173.<br \/>\nLovos r\u0117mas pagamintas i\u0161 auk\u0161tos kokyb\u0117s laminuotos plok\u0161t\u0117s, atsparios i\u0161oriniams veiksniams, tokiems kaip \u012fbr\u0117\u017eimai, \u012fbr\u0117\u017eimai ir \u012fbr\u0117\u017eimai. Tiksli apdaila ir d\u0117mesys detal\u0117ms u\u017etikrina, kad \u201eDenver\u201c lova su daiktad\u0117\u017ee daugel\u012f met\u0173 i\u0161laikys gra\u017ei\u0105 i\u0161vaizd\u0105 neprarandant funkcionalumo.<br \/>\n\u201eDenver\u201c kolekcija sukurta tiems, kurie vertina modernius baldus ir patogum\u0105 kasdienio naudojimo metu.<br \/>\n\u201eDenver\u201c lova buvo sukurta atsi\u017evelgiant \u012f funkcionalum\u0105 ir prakti\u0161kum\u0105, si\u016blant patogi\u0105 poilsio viet\u0105 ir daug vietos daiktams susid\u0117ti. Kontrastingos ir ry\u0161kios spalvos papildys klasikin\u012f interjer\u0105, tod\u0117l lova su daiktad\u0117\u017ee puikiai tiks kaip miegamojo lova arba jaunimo lova paauglio kambaryje.<br \/>\nMatmenys:<br \/>\nAuk\u0161tis: 105 cm<br \/>\nPlotis: 182 cm<br \/>\nGylis: 213,5 cm<br \/>\nMiegamoji erdv\u0117: 160 \u00d7 200 cm<\/p>","protected":false},"excerpt":{"rendered":"<p>plotis: 182 cm<br \/>\nauk\u0161tis: 105 cm<br \/>\ngylis: 213,5 cm<br \/>\nMiegamoji erdv\u0117: 160 \u00d7 200 cm<\/p>","protected":false},"featured_media":330225,"comment_status":"open","ping_status":"open","template":"","meta":[],"product_brand":[],"product_cat":[9235,505],"product_tag":[],"class_list":{"0":"post-330224","1":"product","2":"type-product","3":"status-publish","4":"has-post-thumbnail","6":"product_cat-gib-meble","7":"product_cat-bedroom-beds","9":"first","10":"instock","11":"purchasable","12":"product-type-simple"},"_links":{"self":[{"href":"https:\/\/baldumarket.lt\/lt\/wp-json\/wp\/v2\/product\/330224","targetHints":{"allow":["GET"]}}],"collection":[{"href":"https:\/\/baldumarket.lt\/lt\/wp-json\/wp\/v2\/product"}],"about":[{"href":"https:\/\/baldumarket.lt\/lt\/wp-json\/wp\/v2\/types\/product"}],"replies":[{"embeddable":true,"href":"https:\/\/baldumarket.lt\/lt\/wp-json\/wp\/v2\/comments?post=330224"}],"wp:featuredmedia":[{"embeddable":true,"href":"https:\/\/baldumarket.lt\/lt\/wp-json\/wp\/v2\/media\/330225"}],"wp:attachment":[{"href":"https:\/\/baldumarket.lt\/lt\/wp-json\/wp\/v2\/media?parent=330224"}],"wp:term":[{"taxonomy":"product_brand","embeddable":true,"href":"https:\/\/baldumarket.lt\/lt\/wp-json\/wp\/v2\/product_brand?post=330224"},{"taxonomy":"product_cat","embeddable":true,"href":"https:\/\/baldumarket.lt\/lt\/wp-json\/wp\/v2\/product_cat?post=330224"},{"taxonomy":"product_tag","embeddable":true,"href":"https:\/\/baldumarket.lt\/lt\/wp-json\/wp\/v2\/product_tag?post=330224"}],"curies":[{"name":"wp","href":"https:\/\/api.w.org\/{rel}","templated":true}]}}